{"id":11912,"date":"2024-01-04T09:11:59","date_gmt":"2024-01-04T09:11:59","guid":{"rendered":"http:\/\/parador.haitises.com\/?post_type=product&#038;p=11912"},"modified":"2024-03-28T15:14:36","modified_gmt":"2024-03-28T15:14:36","slug":"private-los-haitises-cayo-levantado-from-samana","status":"publish","type":"product","link":"https:\/\/parador.haitises.com\/bo\/\u0f66\u0f92\u0f7a\u0f62\u0f0b\u0f42\u0f49\u0f7a\u0f62\/private-los-haitises-cayo-levantado-from-samana\/","title":{"rendered":"Private: Los Haitises &#038; Cayo Levantado from Samana"},"content":{"rendered":"<div class=\"vc_row wpb_row vc_row-fluid\" ><div class=\"wpb_column vc_column_container vc_col-sm-12\"><div class=\"vc_column-inner\"><div class=\"wpb_wrapper\">[mkdf_section_title title_tag=\u00bb\u00bb disable_break_words=\u00bbno\u00bb subtitle_tag=\u00bb\u00bb title=\u00bbLos Haitises National Park Boat Tour + Cayo Levantado Island\u00bb subtitle=\u00bbEco Tours with Locals\u00bb]<\/div><\/div><\/div><\/div><div class=\"vc_row wpb_row vc_row-fluid\" ><div class=\"wpb_column vc_column_container vc_col-sm-12\"><div class=\"vc_column-inner\"><div class=\"wpb_wrapper\">\n\t<div class=\"wpb_text_column wpb_content_element\" >\n\t\t<div class=\"wpb_wrapper\">\n\t\t\t<h4><\/h4>\n<h2>Los Haitises National Park Tour from Saman\u00e1 Port + Bacardi Island (Cayo Levantado)<\/h2>\n<h4><b><i>\u0f66\u0fa4\u0fb1\u0f72\u0f0b\u0f56\u0f66\u0fa1\u0f7c\u0f58\u0f66\u0f0d <\/i><\/b><\/h4>\n<p>Los Haitises National park starting from Saman\u00e1 Port plus Lunch at Bacardi Island.\u00a0 Come with us and visit the most beautiful national park of the Dominican Republic, Visiting Mangroves, Caves and San Lorenzo Bay plus crossing the gorgeous Saman\u00e1 bay. Then Back to Saman\u00e1 area to Visit Bacardi island, have lunch at the beach and Swimming in one of the most pretty beaches in Saman\u00e1 Bay.<\/p>\n<p>\u0f49\u0f58\u0f66\u0f0b\u0f58\u0fb1\u0f7c\u0f44\u0f0b\u0f60\u0f51\u0f72\u0f0b\u0f56\u0fb1\u0f74\u0f44\u0f0b\u0f62\u0f97\u0f7a\u0f66\u0f0b\u0f41\u0fb1\u0f7a\u0f51\u0f0b\u0f62\u0f44\u0f0b\u0f66\u0f0b\u0f58\u0f0b\u0f53\u0f0b\u0f42\u0fb2\u0f74\u0f0b\u0f41\u0f62\u0f0b\u0f63\u0f7c\u0f42\u0f0b\u0f50\u0f74\u0f56\u0f0d<\/p>\n<ul>\n<li style=\"font-weight: 400;\">\u0f62\u0f72\u0f53\u0f0b\u0f54\u0f0b\u0f5a\u0f74\u0f51\u0f0b\u0f61\u0f7c\u0f51\u0f0d<\/li>\n<li>Lunch at Bacardi island included<\/li>\n<li style=\"font-weight: 400;\"><span style=\"font-weight: 400;\">\u0f63\u0f58\u0f0b\u0f66\u0f9f\u0f7c\u0f53\u0f0b\u0f54\u0f66\u0f0b\u0f66\u0fb3\u0f7c\u0f56\u0f0b\u0f66\u0f9f\u0f7c\u0f53\u0f0b\u0f51\u0f44\u0f0b\u0f63\u0f9f\u0f0b\u0f66\u0f90\u0f74\u0f63\u0f0b\u0f58\u0f41\u0f7c\u0f0b\u0f66\u0fa4\u0fb2\u0f7c\u0f51\u0f0b\u0f56\u0fb1\u0f7a\u0f51\u0f0d<\/span><\/li>\n<\/ul>\n<p>&nbsp;<\/p>\n<h4><b>\u0f5a\u0f74\u0f51\u0f0b\u0f54\u0f0b\u0f51\u0f44\u0f0b\u0f55\u0fb1\u0f72\u0f62\u0f0b\u0f60\u0f56\u0f74\u0f51\u0f0d<\/b><\/h4>\n<p><b>\u0f5a\u0f74\u0f51\u0f0b\u0f54\u0f0d<\/b><\/p>\n<ol>\n<li style=\"font-weight: 400;\">\u0f63\u0f7c\u0f66\u0f0b\u0f67\u0fa5\u0f7a\u0f0b\u0f4f\u0f72\u0f0b\u0f66\u0f72\u0f0b\u0f61\u0f74\u0f63\u0f0b\u0f66\u0f90\u0f7c\u0f62\u0f0d+\u0f56\u0fb2\u0f42\u0f0b\u0f55\u0f74\u0f42\u0f0b\u0f51\u0f44\u0f0b\u0f62\u0f72\u0f0b\u0f58\u0f7c\u0f0d<\/li>\n<li>Lunch at Cayo Levantado ( Bacardi Island) if you will like similar tour: Los Haitises + Ca\u00f1o Hondo<\/li>\n<li style=\"font-weight: 400;\"><span style=\"font-weight: 400;\">\u0f51\u0f54\u0fb1\u0f0b\u0f41\u0fb2\u0f63\u0f0b\u0f51\u0f44\u0f0b\u0f42\u0fb3\u0f0b\u0f46\u0f0b\u0f51\u0f44\u0f0b\u0f51\u0f7c\u0f0b\u0f51\u0f58\u0f0b\u0f62\u0f72\u0f53\u0f0b\u0f42\u0f7c\u0f44\u0f0b\u0f5a\u0f44\u0f0b\u0f58\u0f0d<\/span><\/li>\n<li style=\"font-weight: 400;\"><span style=\"font-weight: 400;\">\u0f66\u0f0b\u0f42\u0f53\u0f66\u0f0b\u0f51\u0f54\u0fb1\u0f0b\u0f41\u0fb2\u0f63\u0f0d<\/span><\/li>\n<li style=\"font-weight: 400;\"><span style=\"font-weight: 400;\">\u0f60\u0f50\u0f74\u0f44\u0f0b\u0f46\u0f74\u0f0d<\/span><\/li>\n<li style=\"font-weight: 400;\"><span style=\"font-weight: 400;\">\u0f56\u0fb1\u0f0b\u0f60\u0f42\u0f74\u0f63\u0f0b\u0f5a\u0f44\u0f0b\u0f58\u0f0d<\/span><\/li>\n<li style=\"font-weight: 400;\"><span style=\"font-weight: 400;\">\u0f66\u0f0b\u0f42\u0f53\u0f66\u0f0b\u0f40\u0fb1\u0f72\u0f0b\u0f63\u0f58\u0f0b\u0f66\u0f9f\u0f7c\u0f53\u0f0b\u0f54\u0f0d<\/span><\/li>\n<\/ol>\n<p><b> \u0f55\u0fb1\u0f72\u0f62\u0f0b\u0f60\u0f56\u0f74\u0f51\u0f0d<\/b><\/p>\n<ol>\n<li style=\"font-weight: 400;\"><span style=\"font-weight: 400;\">\u0f56\u0fb1\u0f0b\u0f51\u0f42\u0f60\u0f0d<\/span><\/li>\n<li style=\"font-weight: 400;\"><span style=\"font-weight: 400;\">\u0f56\u0f62\u0f97\u0f7a\u0f0b\u0f66\u0f92\u0fb1\u0f74\u0f62<\/span><\/li>\n<li style=\"font-weight: 400;\"><span style=\"font-weight: 400;\">\u0f46\u0f44\u0f0b\u0f62\u0f42\u0f0b\u0f60\u0f50\u0f74\u0f44\u0f0b\u0f46\u0f74\u0f0d<\/span><\/li>\n<\/ol>\n<p>&nbsp;<\/p>\n<h4><em><strong>\u0f60\u0f42\u0fb2\u0f7c\u0f0b\u0f60\u0f7c\u0f44\u0f0b\u0f51\u0f44\u0f0b\u0f55\u0fb1\u0f72\u0f62\u0f0b\u0f63\u0f7c\u0f42<\/strong><\/em><\/h4>\n<p><span style=\"font-weight: 400;\">The traveler will get a meeting point after the Reservation Process. Tours start and Finish in our meeting points.<\/span><\/p>\n<p>&nbsp;<\/p>\n<h2>Los Haitises National Park Tour from Saman\u00e1 Port mas Bacardi Island (Cayo Levantado)<\/h2>\n<h4><b><i>\u0f42\u0f0b\u0f62\u0f7a\u0f0b\u0f62\u0f7a\u0f0b\u0f56\u0f0b\u0f56\u0fb1\u0f7a\u0f51\u0f0b\u0f51\u0f42\u0f7c\u0f66\u0f0b\u0f66\u0f58\u0f0d<\/i><\/b><\/h4>\n<p><b><i>V<\/i><\/b>isiting<strong> \u0f63\u0f7c\u0f66\u0f0b\u0f67\u0f60\u0f7a\u0f0b\u0f4f\u0f72\u0f66\u0f0b\u0f62\u0f92\u0fb1\u0f63\u0f0b\u0f41\u0f56\u0f0b\u0f66\u0fa4\u0fb1\u0f72\u0f0b\u0f42\u0fb3\u0f72\u0f44\u0f0b\u0f0d<\/strong> with a wonderful lunch at<strong> Cayo Levantado island<\/strong> and Swimming at the beach. Starting <strong>from Saman\u00e1 port<\/strong> onboard of a Boat or Catamaran with a Local tour guide we pass Saman\u00e1 bay to Sabana de la Mar side to Visit one of the most beautiful national parks of the Dominican Republic. <em><strong>\u0f67\u0f60\u0f7a\u0f0b\u0f4f\u0f72\u0f0b\u0f66\u0f7a\u0f0b\u0f62\u0f92\u0fb1\u0f63\u0f0b\u0f41\u0f56\u0f0b\u0f66\u0fa4\u0fb1\u0f72\u0f0b\u0f42\u0fb3\u0f72\u0f44\u0f0b\u0f0d<\/strong><\/em>.<\/p>\n<p>The tour, organized by \u00abBooking Adventures\u00bb starts at the meeting point set with the Tour Guide. Come with Booking Adventures and start checking some bird-filled mangroves, rolling hills of lush vegetation and caves of <em><strong>\u0f63\u0f7c\u0f66\u0f0b\u0f67\u0f60\u0f7a\u0f0b\u0f4f\u0f72\u0f66\u0f0b\u0f62\u0f92\u0fb1\u0f63\u0f0b\u0f41\u0f56\u0f0b\u0f66\u0fa4\u0fb1\u0f72\u0f0b\u0f42\u0fb3\u0f72\u0f44\u0f0b\u0f0d<\/strong><\/em>. Visiting Island with birds around. In the nesting season, we can even see the Pelecanos chicks on the nests. Getting more inside of the Rocky Islands and visiting the Caves with pictographs and petrographs from the indigenous people.<\/p>\n<p>Through the mangroves and Land at the open San Lorenzo Bay, from where you can photograph the rugged forest landscape. Look to the water to spot <em><strong>\u0f58\u0f0b\u0f53\u0f0b\u0f4f\u0f72\u0f0d<\/strong><\/em>, \u0f41\u0f74\u0f0b\u0f56\u0fb1\u0f74\u0f42\u0f0b\u0f51\u0f44\u0f0b\u0f0d <em><strong>\u0f4c\u0f7c\u0f63\u0f0b\u0f55\u0f72\u0f53\u0f0d<\/strong><\/em><\/p>\n<h2><strong>Caves in Los Haitises National Park<\/strong><\/h2>\n<div class=\"body-description secondary\">\n<p>The national park\u2019s name comes from its original inhabitants, the Taino Indians. In their language \u201cHaitises\u201d translates to highlands or Hills, a reference to the coastline\u2019s steep geological formations with Limestones. Adventure deeper into the park to explore caves such as the <em><strong>\u0f56\u0fb1\u0f7a\u0f0b\u0f58\u0f60\u0f72\u0f0b\u0f55\u0f74\u0f42\u0f0b\u0f62\u0f74\u0f0d<\/strong><\/em> \u0f51\u0f44\u0f0b <strong><em>\u0f63\u0f72\u0f53\u0f0b\u0f56\u0fb2\u0f42\u0f0b\u0f55\u0f74\u0f42<\/em><\/strong><\/p>\n<p>Caves in the reserve were used as shelter by the Taino Indians and, later, by hiding pirates. Look for drawings by Indians that decorate some of the walls. After visiting Los Haitises National Park we will go back to Saman\u00e1 port passing Saman\u00e1 bay 30 min and visiting Bacardi island. We will have a typical lunch on the island. If you are vegan no worries we also have food for you!<\/p>\n<p>After swimming full afternoon and chilling on the beach our tour guide will set time to go back to Saman\u00e1 port.<\/p>\n<\/div>\n<p>In Case you will like this trip longer or Shorter we have these options:<\/p>\n<ol>\n<li>Just Los Haitises from Saman\u00e1 Port.<\/li>\n<li>Los Haitises + Ca\u00f1o Hondo from Saman\u00e1 Port.<\/li>\n<\/ol>\n<p>&nbsp;<\/p>\n<h4><em><strong>\u0f41\u0fb1\u0f7c\u0f51\u0f0b\u0f40\u0fb1\u0f72\u0f66\u0f0b\u0f45\u0f72\u0f0b\u0f5e\u0f72\u0f42\u0f0b\u0f60\u0f41\u0fb1\u0f7a\u0f62\u0f0b\u0f51\u0f42\u0f7c\u0f66\u0f0b\u0f66\u0f58\u0f0d<\/strong><\/em><\/h4>\n<ul>\n<li style=\"font-weight: 400;\"><span style=\"font-weight: 400;\">\u0f54\u0f62\u0f0b\u0f46\u0f66\u0f0d<\/span><\/li>\n<li style=\"font-weight: 400;\"><span style=\"font-weight: 400;\">\u0f55\u0fb1\u0f72\u0f62\u0f0b\u0f60\u0f56\u0f74\u0f51\u0f0b\u0f58\u0fb1\u0f74\u0f0b\u0f42\u0f74\u0f0d<\/span><\/li>\n<li style=\"font-weight: 400;\"><span style=\"font-weight: 400;\">Suncream<\/span><\/li>\n<li style=\"font-weight: 400;\"><span style=\"font-weight: 400;\">\u0f5e\u0fad\u0f0b\u0f58\u0f7c\u0f0d<\/span><\/li>\n<li style=\"font-weight: 400;\"><span style=\"font-weight: 400;\">\u0f42\u0f7c\u0f66\u0f0b\u0f50\u0f74\u0f44\u0f0b\u0f56\u0f51\u0f7a\u0f0b\u0f56\u0f0d<\/span><\/li>\n<li style=\"font-weight: 400;\"><span style=\"font-weight: 400;\">\u0f53\u0f42\u0f66\u0f0b\u0f5a\u0f63\u0f0b\u0f42\u0fb1\u0f72\u0f0b\u0f62\u0f90\u0f44\u0f0b\u0f60\u0f42\u0fb2\u0f7c\u0f66\u0f0b\u0f63\u0fb7\u0f58\u0f0d<\/span><\/li>\n<li style=\"font-weight: 400;\"><span style=\"font-weight: 400;\">\u0f51\u0f54\u0fb1\u0f72\u0f51\u0f0b\u0f40\u0f60\u0f72\u0f0b\u0f66\u0f0b\u0f41\u0f74\u0f63\u0f0b\u0f63\u0f0b\u0f63\u0fb7\u0f58\u0f0d<\/span><\/li>\n<li style=\"font-weight: 400;\"><span style=\"font-weight: 400;\">\u0f46\u0f74\u0f0b\u0f62\u0f90\u0fb1\u0f63\u0f0b\u0f42\u0fb1\u0f7c\u0f53\u0f0b\u0f46\u0f66\u0f0d<\/span><\/li>\n<\/ul>\n<p>&nbsp;<\/p>\n<h4><b><i>\u0f58\u0f42\u0fb2\u0f7c\u0f53\u0f0b\u0f41\u0f44\u0f0b\u0f53\u0f66\u0f0b\u0f63\u0f7a\u0f53\u0f0b\u0f54\u0f0d <\/i><\/b><\/h4>\n<p><span style=\"font-weight: 400;\">\u0f61\u0f74\u0f63\u0f0b\u0f66\u0f90\u0f7c\u0f62\u0f0b\u0f60\u0f51\u0f72\u0f60\u0f72\u0f0b\u0f46\u0f7a\u0f51\u0f0b\u0f51\u0f74\u0f0b\u0f58\u0f42\u0fb2\u0f7c\u0f53\u0f0b\u0f41\u0f44\u0f0b\u0f53\u0f66\u0f0b\u0f63\u0f7a\u0f53\u0f0b\u0f62\u0f92\u0fb1\u0f74\u0f0b\u0f58\u0f7a\u0f51\u0f0d <\/span><\/p>\n<p>&nbsp;<\/p>\n<p><b>\u0f51\u0fb2\u0f53\u0f0b\u0f50\u0f7c:<\/b><span style=\"font-weight: 400;\"> \u0f42\u0f63\u0f0b\u0f4f\u0f7a\u0f0b\u0f41\u0fb1\u0f7a\u0f51\u0f0b\u0f62\u0f44\u0f0b\u0f61\u0f74\u0f63\u0f0b\u0f66\u0f90\u0f7c\u0f62\u0f0b\u0f51\u0f44\u0f0b\u0f61\u0f74\u0f63\u0f0b\u0f66\u0f90\u0f7c\u0f62\u0f0b\u0f50\u0f7c\u0f53\u0f0b\u0f54\u0f60\u0f72\u0f0b\u0f51\u0f74\u0f66\u0f0b\u0f5a\u0f7c\u0f51\u0f0b\u0f40\u0fb1\u0f72\u0f0b\u0f46\u0f74\u0f0b\u0f5a\u0f7c\u0f51\u0f0b \u0f22\u0f24 \u0f53\u0f44\u0f0b\u0f5a\u0f74\u0f51\u0f0b\u0f51\u0f74\u0f0b\u0f56\u0f40\u0f7c\u0f51\u0f0b\u0f66\u0f92\u0fb2\u0f72\u0f42\u0f0b\u0f56\u0fb1\u0f66\u0f0b\u0f53\u0f0d \u0f41\u0fb1\u0f7a\u0f51\u0f0b\u0f40\u0fb1\u0f72\u0f0b\u0f49\u0f7c\u0f0b\u0f66\u0f92\u0fb2\u0f74\u0f56\u0f0b\u0f58\u0f47\u0f74\u0f42\u0f0b\u0f66\u0f92\u0fb2\u0f72\u0f63\u0f0b\u0f62\u0f97\u0f7a\u0f66\u0f0b\u0f44\u0f0b\u0f5a\u0f7c\u0f66\u0f0b\u0f41\u0fb1\u0f7a\u0f51\u0f0b\u0f63\u0f0b\u0f60\u0f56\u0fb2\u0f7a\u0f63\u0f0b\u0f42\u0f4f\u0f74\u0f42\u0f0b\u0f56\u0fb1\u0f7a\u0f51\u0f0b\u0f66\u0f60\u0f72\u0f0b\u0f42\u0f53\u0f66\u0f0b\u0f5a\u0f74\u0f63\u0f0b\u0f46\u0f0b\u0f5a\u0f44\u0f0b(\u0f41\u0f0b\u0f54\u0f62\u0f0b\u0f68\u0f44\u0f0b\u0f42\u0fb2\u0f44\u0f66\u0f0b\u0f51\u0f44\u0f0b\u0f0d \u0f42\u0fb3\u0f7c\u0f42\u0f0b\u0f60\u0f55\u0fb2\u0f72\u0f53\u0f0b\u0f41\u0f0b\u0f56\u0fb1\u0f44\u0f0b\u0f66\u0f7c\u0f42\u0f66)\u0f44\u0f0b\u0f5a\u0f7c\u0f60\u0f72\u0f0b\u0f66\u0f0b\u0f42\u0f53\u0f66\u0f0b\u0f40\u0fb1\u0f72\u0f0b\u0f61\u0f74\u0f63\u0f0b\u0f66\u0f90\u0f7c\u0f62\u0f0b\u0f63\u0f58\u0f0b\u0f66\u0f9f\u0f7c\u0f53\u0f0b\u0f54\u0f66\u0f0b\u0f41\u0fb1\u0f7a\u0f51\u0f0b\u0f63\u0f0b\u0f60\u0f41\u0fb1\u0f7a\u0f62\u0f0b\u0f56\u0f60\u0f72\u0f0b\u0f42\u0f7c\u0f0b\u0f66\u0f92\u0fb2\u0f72\u0f42\u0f0b\u0f66\u0f92\u0fb2\u0f72\u0f42\u0f0b\u0f60\u0f5b\u0f74\u0f42\u0f66\u0f0b\u0f56\u0fb1\u0f7a\u0f51\u0f0b\u0f54\u0f62\u0f0b\u0f56\u0f4f\u0f44\u0f0b\u0f62\u0f92\u0fb1\u0f74\u0f0b\u0f61\u0f72\u0f53\u0f0d<\/span><\/p>\n<h4><b><i>\u0f41\u0f0b\u0f66\u0fa3\u0f7c\u0f53\u0f0b\u0f46\u0f0b\u0f60\u0f55\u0fb2\u0f72\u0f53\u0f0b\u0f42\u0f4f\u0f53\u0f0b\u0f60\u0f56\u0f7a\u0f56\u0f66\u0f0d <\/i><\/b><\/h4>\n<ol>\n<li>\u0f60\u0f5b\u0f72\u0f53\u0f0b\u0f56\u0fb1\u0f44\u0f0b\u0f53\u0f72\u0f0b\u0f61\u0f74\u0f63\u0f0b\u0f66\u0f90\u0f7c\u0f62\u0f0b\u0f60\u0f51\u0f72\u0f0b\u0f63\u0f0b\u0f51\u0f44\u0f74\u0f63\u0f0b\u0f66\u0fa4\u0fb2\u0f51\u0f0b\u0f62\u0f97\u0f7a\u0f66\u0f0b\u0f40\u0fb1\u0f72\u0f0b\u0f56\u0fb1\u0f74\u0f44\u0f0b\u0f60\u0f5b\u0f72\u0f53\u0f0b\u0f61\u0f72\u0f53\u0f0d \u0f41\u0f0b\u0f54\u0f62\u0f0b\u0f53\u0f44\u0f0b\u0f51\u0f44\u0f74\u0f63\u0f0b\u0f66\u0fa4\u0fb2\u0f51\u0f0b\u0f54\u0f0b\u0f66\u0f9f\u0f7c\u0f53\u0f0b\u0f50\u0f74\u0f56\u0f0d<\/li>\n<li style=\"font-weight: 400;\"><span style=\"font-weight: 400;\">\u0f50\u0f74\u0f42\u0f0b\u0f60\u0f55\u0fb2\u0f51\u0f0b\u0f56\u0fb1\u0f7a\u0f51\u0f0b\u0f66\u0f0b\u0f51\u0f7a\u0f0b\u0f56\u0f40\u0f42\u0f0b\u0f49\u0f62\u0f0b\u0f56\u0fb1\u0f66\u0f0b\u0f54\u0f60\u0f72\u0f0b\u0f56\u0fb1\u0f0b\u0f62\u0f72\u0f58\u0f0b\u0f62\u0f97\u0f7a\u0f66\u0f0b\u0f66\u0f74\u0f0b\u0f60\u0f56\u0fb1\u0f7c\u0f62\u0f0b\u0f62\u0f92\u0fb1\u0f74\u0f0b\u0f62\u0f7a\u0f51\u0f0d<\/span><\/li>\n<li style=\"font-weight: 400;\"><span style=\"font-weight: 400;\">\u0f56\u0fb1\u0f72\u0f66\u0f0b\u0f54\u0f0b\u0f5a\u0f7c\u0f0b\u0f62\u0f92\u0f53\u0f0b\u0f62\u0f92\u0f7c\u0f53\u0f0b\u0f58\u0f49\u0f58\u0f0b\u0f51\u0f74\u0f0b\u0f60\u0f42\u0fb2\u0f7c\u0f0b\u0f51\u0f42\u0f7c\u0f66\u0f0d<\/span><\/li>\n<li style=\"font-weight: 400;\"><span style=\"font-weight: 400;\"> \u0f62\u0f90\u0f74\u0f56\u0f0b\u0f66\u0f9f\u0f7a\u0f42\u0f66\u0f0b\u0f60\u0f41\u0f7c\u0f62\u0f0b\u0f63\u0f7c\u0f0b\u0f45\u0f53\u0f0b\u0f58\u0f72\u0f53\u0f0b\u0f54\u0f0d <\/span><\/li>\n<li style=\"font-weight: 400;\"><span style=\"font-weight: 400;\">\u0f58\u0f0b\u0f60\u0f56\u0fb1\u0f62\u0f0b\u0f62\u0fa3\u0f58\u0f66\u0f0b\u0f54\u0f44\u0f0b\u0f51\u0f74\u0f0b\u0f56\u0f66\u0fa1\u0f51\u0f0b\u0f51\u0f42\u0f7c\u0f66\u0f0d <\/span><\/li>\n<li style=\"font-weight: 400;\"><span style=\"font-weight: 400;\">\u0f62\u0f92\u0fb1\u0f56\u0f0b\u0f40\u0fb1\u0f72\u0f0b\u0f51\u0f40\u0f60\u0f0b\u0f44\u0f63\u0f0b\u0f61\u0f7c\u0f51\u0f0b\u0f54\u0f60\u0f72\u0f0b\u0f60\u0f42\u0fb2\u0f74\u0f63\u0f0b\u0f56\u0f5e\u0f74\u0f51\u0f0b\u0f54\u0f0b\u0f5a\u0f7c\u0f62\u0f0b\u0f60\u0f7c\u0f66\u0f0b\u0f60\u0f5a\u0f58\u0f0b\u0f58\u0f72\u0f53\u0f0d<\/span><\/li>\n<li style=\"font-weight: 400;\"><span style=\"font-weight: 400;\">\u0f58\u0f44\u0f63\u0f0b\u0f66\u0fa6\u0fb2\u0f74\u0f58\u0f0b\u0f54\u0f60\u0f72\u0f0b\u0f60\u0f42\u0fb2\u0f74\u0f63\u0f0b\u0f56\u0f5e\u0f74\u0f51\u0f0b\u0f54\u0f0b\u0f63\u0f0b\u0f60\u0f7c\u0f66\u0f0b\u0f60\u0f5a\u0f58\u0f0b\u0f58\u0f72\u0f53\u0f0d <\/span><\/li>\n<li style=\"font-weight: 400;\"><span style=\"font-weight: 400;\"> \u0f66\u0f99\u0f72\u0f44\u0f0b\u0f53\u0f51\u0f0b\u0f51\u0f44\u0f0b\u0f66\u0fa8\u0f53\u0f0b\u0f56\u0f45\u0f7c\u0f66\u0f0b\u0f40\u0fb1\u0f72\u0f0b\u0f42\u0f53\u0f66\u0f0b\u0f66\u0f9f\u0f44\u0f66\u0f0b\u0f5a\u0f56\u0f66\u0f0b\u0f46\u0f7a\u0f53\u0f0b\u0f42\u0f5e\u0f53\u0f0b\u0f58\u0f7a\u0f51\u0f0b\u0f54\u0f0d <\/span><\/li>\n<li style=\"font-weight: 400;\"><span style=\"font-weight: 400;\">\u0f60\u0f42\u0fb2\u0f74\u0f63\u0f0b\u0f56\u0f5e\u0f74\u0f51\u0f0b\u0f54\u0f0b\u0f55\u0f63\u0f0b\u0f58\u0f7c\u0f0b\u0f46\u0f7a\u0f0b\u0f58\u0f49\u0f58\u0f0b\u0f5e\u0f74\u0f42\u0f66\u0f0b\u0f56\u0fb1\u0f7a\u0f51\u0f0b\u0f50\u0f74\u0f56\u0f0d<\/span><\/li>\n<\/ol>\n<h4><b><i>\u0f55\u0fb1\u0f72\u0f62\u0f0b\u0f60\u0f50\u0f7a\u0f53\u0f0b\u0f66\u0fb2\u0f72\u0f51\u0f0b\u0f47\u0f74\u0f66\u0f0d<\/i><\/b><\/h4>\n<p>\u0f51\u0f44\u0f74\u0f63\u0f0b\u0f46\u0f0b\u0f5a\u0f44\u0f0b\u0f55\u0fb1\u0f72\u0f62\u0f0b\u0f66\u0fa4\u0fb2\u0f7c\u0f51\u0f0b\u0f46\u0f7a\u0f51\u0f0b\u0f44\u0f0b\u0f5a\u0f7c\u0f60\u0f72\u0f0b\u0f46\u0f0b\u0f58\u0f7a\u0f51\u0f0b\u0f42\u0f4f\u0f7c\u0f44\u0f0b\u0f56\u0f60\u0f72\u0f0b\u0f66\u0fb2\u0f72\u0f51\u0f0b\u0f47\u0f74\u0f66\u0f0b\u0f40\u0fb3\u0f7c\u0f42\u0f0b\u0f62\u0f7c\u0f42\u0f66\u0f0d\u00a0<a href=\"https:\/\/www.ticketswhales.com\/online-booking\/\" target=\"_blank\" rel=\"noopener\" data-saferedirecturl=\"https:\/\/www.google.com\/url?q=https:\/\/www.ticketswhales.com\/online-booking\/&amp;source=gmail&amp;ust=1672449202351000&amp;usg=AOvVaw1yAeVAPktmaVCqDujgUn90\">\u0f60\u0f51\u0f72\u0f62\u0f0b\u0f42\u0f53\u0f7c\u0f53\u0f0d<\/a>. Funds will be lost if the reservation is cancelled the same day of the trip.<\/p>\n\n\t\t<\/div>\n\t<\/div>\n\n\t<div class=\"wpb_video_widget wpb_content_element vc_clearfix   vc_video-aspect-ratio-169 vc_video-el-width-100 vc_video-align-left\" >\n\t\t<div class=\"wpb_wrapper\">\n\t\t\t<h2 class=\"wpb_heading wpb_video_heading\">\u0f63\u0f7c\u0f66\u0f0b\u0f67\u0f60\u0f7a\u0f0b\u0f4f\u0f72\u0f66\u0f0b\u0f62\u0f92\u0fb1\u0f63\u0f0b\u0f41\u0f56\u0f0b\u0f66\u0fa4\u0fb1\u0f72\u0f0b\u0f42\u0fb3\u0f72\u0f44\u0f0b\u0f0d<\/h2>\n\t\t\t<div class=\"wpb_video_wrapper\"><iframe loading=\"lazy\" title=\"Los Haitises National park Tours &amp; Excursions\" width=\"1100\" height=\"619\" src=\"https:\/\/www.youtube.com\/embed\/vMI4Ou81cd4?feature=oembed\" frameborder=\"0\" allow=\"accelerometer; autoplay; clipboard-write; encrypted-media; gyroscope; picture-in-picture; web-share\" allowfullscreen><\/iframe><\/div>\n\t\t<\/div>\n\t<\/div>\n<\/div><\/div><\/div><\/div><div class=\"vc_row wpb_row vc_row-fluid\" ><\/div><div class=\"wpb_column vc_column_container vc_col-sm-12\"><div class=\"vc_column-inner\"><div class=\"wpb_wrapper\"><\/div><\/div><\/div><div class=\"vc_empty_space\"   style=\"height: 32px\"><span class=\"vc_empty_space_inner\"><\/span><\/div>\n\t<div class=\"wpb_text_column wpb_content_element\" >\n\t\t<div class=\"wpb_wrapper\">\n\t\t\t<p>I am text block. Click edit button to change this text. Lorem ipsum dolor sit amet, consectetur adipiscing elit. Ut elit tellus, luctus nec ullamcorper mattis, pulvinar dapibus leo.<\/p>\n\n\t\t<\/div>\n\t<\/div>\n<div class=\"vc_empty_space\"   style=\"height: 32px\"><span class=\"vc_empty_space_inner\"><\/span><\/div><div class=\"vc_row wpb_row vc_row-fluid\" ><\/div><div class=\"wpb_column vc_column_container vc_col-sm-12\"><div class=\"vc_column-inner\"><div class=\"wpb_wrapper\"><\/div><\/div><\/div>[mkdf_section_title title_tag=\u00bb\u00bb disable_break_words=\u00bbno\u00bb title=\u00bbLos Haitises y Cayo Levantado\u00bb]<div class=\"vc_empty_space\"   style=\"height: 32px\"><span class=\"vc_empty_space_inner\"><\/span><\/div><div class=\"vc_row wpb_row vc_row-fluid\" ><\/div><div class=\"wpb_column vc_column_container vc_col-sm-12\"><div class=\"vc_column-inner\"><div class=\"wpb_wrapper\"><\/div><\/div><\/div>","protected":false},"excerpt":{"rendered":"<p><span style=\"vertical-align: inherit;\"><span style=\"vertical-align: inherit;\">Excursiones a Los haitises y Cayo levantado, Viaje Ecol\u00f3gico al Parque Nacional Los Haitises con un Gu\u00eda Tur\u00edstico Local. <\/span><span style=\"vertical-align: inherit;\">Visitando los Cayos en el Parque Nacional Los Haitises, Manglares, Vegetaci\u00f3n, Observaci\u00f3n de aves, Cuevas, Pictogramas y las \u00e1reas hist\u00f3ricas de Sabana de la Mar en el Parque Nacional Los Haitises. <\/span><span style=\"vertical-align: inherit;\">Despu\u00e9s de Los Haitises almorzamos en la playa de la isla Bacardi. <\/span><span style=\"vertical-align: inherit;\">Reserve ahora Tour al Parque Nacional Los Haitises desde Puerto Saman\u00e1 + Isla Bacardi (Cayo Levantado) con nosotros.<\/span><\/span><\/p>\n<p>&nbsp;<\/p>\n<p><strong><span style=\"vertical-align: inherit;\"><span style=\"vertical-align: inherit;\">Seleccione la fecha para el Tour:<\/span><\/span><\/strong><\/p>","protected":false},"featured_media":91,"template":"","meta":[],"product_brand":[],"product_cat":[571,566,123,124],"product_tag":[137,205,180,125,206,139,163,129,207,208,132,209,210,211,212,133,213,214,215,216,217,218,190,219,114,142,148,143,220],"class_list":{"0":"post-11912","1":"product","2":"type-product","3":"status-publish","4":"has-post-thumbnail","6":"product_cat-1-samana","7":"product_cat-boat-trip-los-haitises","8":"product_cat-tours-excursions-los-haitises-national-park","9":"product_cat-tours-excursions-samana-bay-dominican-republic","10":"product_tag-bacardi-island","11":"product_tag-bacardi-island-tours","12":"product_tag-birdwatching","13":"product_tag-boat-tour","14":"product_tag-caves-los-haitises","15":"product_tag-cayo-levantado","16":"product_tag-cayo-levantado-tour","17":"product_tag-eco-tours","18":"product_tag-excursiones-a-los-haitises-y-cayo-levantado","19":"product_tag-haitises-park-and-cayo-levantado-island","20":"product_tag-los-haitises","21":"product_tag-los-haitises-excursiones","22":"product_tag-los-haitises-excursions","23":"product_tag-los-haitises-mapa","24":"product_tag-los-haitises-mas-cayo-levantado","25":"product_tag-los-haitises-national-park","26":"product_tag-los-haitises-national-park-map","27":"product_tag-los-haitises-national-park-mas-cayo-levantado","28":"product_tag-los-haitises-national-park-tour-from-las-terrenas","29":"product_tag-los-haitises-national-park-tour-from-samana-port-bacardi-island-cayo-levantado","30":"product_tag-los-haitises-national-park-tour-from-santo-domingo","31":"product_tag-los-haitises-park-tour-cayo-levantado-island","32":"product_tag-los-haitises-samana","33":"product_tag-los-haitises-y-cayo-levantado","34":"product_tag-sabana-de-la-mar","35":"product_tag-samana","36":"product_tag-samana-excursions","37":"product_tag-samana-tours","38":"product_tag-tour-los-haitises-national-park-cayo-levantado","40":"first","41":"instock","42":"sale","43":"sold-individually","44":"shipping-taxable","45":"product-type-external"},"_links":{"self":[{"href":"https:\/\/parador.haitises.com\/bo\/wp-json\/wp\/v2\/product\/11912","targetHints":{"allow":["GET"]}}],"collection":[{"href":"https:\/\/parador.haitises.com\/bo\/wp-json\/wp\/v2\/product"}],"about":[{"href":"https:\/\/parador.haitises.com\/bo\/wp-json\/wp\/v2\/types\/product"}],"wp:featuredmedia":[{"embeddable":true,"href":"https:\/\/parador.haitises.com\/bo\/wp-json\/wp\/v2\/media\/91"}],"wp:attachment":[{"href":"https:\/\/parador.haitises.com\/bo\/wp-json\/wp\/v2\/media?parent=11912"}],"wp:term":[{"taxonomy":"product_brand","embeddable":true,"href":"https:\/\/parador.haitises.com\/bo\/wp-json\/wp\/v2\/product_brand?post=11912"},{"taxonomy":"product_cat","embeddable":true,"href":"https:\/\/parador.haitises.com\/bo\/wp-json\/wp\/v2\/product_cat?post=11912"},{"taxonomy":"product_tag","embeddable":true,"href":"https:\/\/parador.haitises.com\/bo\/wp-json\/wp\/v2\/product_tag?post=11912"}],"curies":[{"name":"wp","href":"https:\/\/api.w.org\/{rel}","templated":true}]}}