{"id":11454,"date":"2021-10-15T07:23:49","date_gmt":"2021-10-15T07:23:49","guid":{"rendered":"http:\/\/parador.haitises.com\/?post_type=product&#038;p=11454"},"modified":"2021-10-15T07:23:51","modified_gmt":"2021-10-15T07:23:51","slug":"cano-hondo-single-room-free-breakfast","status":"publish","type":"product","link":"https:\/\/parador.haitises.com\/cs\/soukrome\/cano-hondo-single-room-free-breakfast\/","title":{"rendered":"Jednol\u016f\u017ekov\u00fd pokoj Cano Hondo + sn\u00eddan\u011b zdarma"},"content":{"rendered":"","protected":false},"excerpt":{"rendered":"","protected":false},"featured_media":11474,"template":"","meta":[],"product_brand":[],"product_cat":[558,559],"product_tag":[],"class_list":{"0":"post-11454","1":"product","2":"type-product","3":"status-publish","4":"has-post-thumbnail","6":"product_cat-all-rooms","7":"product_cat-hotels","9":"first","10":"instock","11":"shipping-taxable","12":"product-type-external"},"_links":{"self":[{"href":"https:\/\/parador.haitises.com\/cs\/wp-json\/wp\/v2\/product\/11454","targetHints":{"allow":["GET"]}}],"collection":[{"href":"https:\/\/parador.haitises.com\/cs\/wp-json\/wp\/v2\/product"}],"about":[{"href":"https:\/\/parador.haitises.com\/cs\/wp-json\/wp\/v2\/types\/product"}],"wp:featuredmedia":[{"embeddable":true,"href":"https:\/\/parador.haitises.com\/cs\/wp-json\/wp\/v2\/media\/11474"}],"wp:attachment":[{"href":"https:\/\/parador.haitises.com\/cs\/wp-json\/wp\/v2\/media?parent=11454"}],"wp:term":[{"taxonomy":"product_brand","embeddable":true,"href":"https:\/\/parador.haitises.com\/cs\/wp-json\/wp\/v2\/product_brand?post=11454"},{"taxonomy":"product_cat","embeddable":true,"href":"https:\/\/parador.haitises.com\/cs\/wp-json\/wp\/v2\/product_cat?post=11454"},{"taxonomy":"product_tag","embeddable":true,"href":"https:\/\/parador.haitises.com\/cs\/wp-json\/wp\/v2\/product_tag?post=11454"}],"curies":[{"name":"wp","href":"https:\/\/api.w.org\/{rel}","templated":true}]}}