{"id":11083,"date":"2021-04-09T10:46:13","date_gmt":"2021-04-09T10:46:13","guid":{"rendered":"http:\/\/parador.haitises.com\/product\/import-placeholder-for-12453\/"},"modified":"2024-04-12T17:06:54","modified_gmt":"2024-04-12T17:06:54","slug":"los-haitises-tainos-canoe-mountain-bike-tour","status":"publish","type":"product","link":"https:\/\/parador.haitises.com\/de\/privat\/los-haitises-tainos-canoe-mountain-bike-tour\/","title":{"rendered":"Los Haitises Taino&#8217;s Canoe + Mountain Bike Tour"},"content":{"rendered":"<div class=\"vc_row wpb_row vc_row-fluid\" ><div class=\"wpb_column vc_column_container vc_col-sm-12\"><div class=\"vc_column-inner\"><div class=\"wpb_wrapper\"><div class=\"vc_empty_space\"   style=\"height: 32px\"><span class=\"vc_empty_space_inner\"><\/span><\/div><\/div><\/div><\/div><\/div><div class=\"vc_row wpb_row vc_row-fluid\" ><div class=\"wpb_column vc_column_container vc_col-sm-12\"><div class=\"vc_column-inner\"><div class=\"wpb_wrapper\">[mkdf_section_title title_tag=\u00bb\u00bb disable_break_words=\u00bbno\u00bb subtitle_tag=\u00bb\u00bb title=\u00bbLos Haitises Taino&#8217;s Canoe + Mountain Bike Tour\u00bb subtitle=\u00bbCanoes Adventure and Mountain Bikes \u00ab]<\/div><\/div><\/div><\/div><div class=\"vc_row wpb_row vc_row-fluid\" ><div class=\"wpb_column vc_column_container vc_col-sm-12\"><div class=\"vc_column-inner\"><div class=\"wpb_wrapper\"><div class=\"vc_empty_space\"   style=\"height: 32px\"><span class=\"vc_empty_space_inner\"><\/span><\/div><\/div><\/div><\/div><\/div><div class=\"vc_row wpb_row vc_row-fluid\" ><div class=\"wpb_column vc_column_container vc_col-sm-12\"><div class=\"vc_column-inner\"><div class=\"wpb_wrapper\">\n\t<div class=\"wpb_text_column wpb_content_element\" >\n\t\t<div class=\"wpb_wrapper\">\n\t\t\t<h4><b><i>\u00dcbersicht<\/i><\/b><\/h4>\n<p><span style=\"font-weight: 400;\">Travel with a local expert and get the unique experience of biking starting from Sabana de la Mar, this tour will take you around seeing the beautiful landscape of the countryside of the Dominican Republic. As you ride your bike you will be able to say hi! to the farmers riding their horses or motorbike to their property and during the tour, you will be able to emerge in the adventure and local culture from Sabana de la Mar. Some facts about Los Haitises: is one the largest limestone formation in the world, a place for the conservation of endemic species, Location with the majority of the biodiversity of the island, there is one of the largest mangrove forests of Quisqueya and the cave with the most pictograph of the Caribbean. <\/span><\/p>\n<p><span style=\"font-weight: 400;\">Curious about the daily life of the Ta\u00ednos? With the Taino Adventure activity, you\u2019ll be transported back in time to experience the world of the indigenous peoples of the Dominican Republic.\u00a0<\/span><\/p>\n<p><span style=\"font-weight: 400;\">The canoe was arguably the most important part of the lives of the Ta\u00ednos. With it, they fished, traveled to smaller islands, communicated with other tribes, and visited shamans for rituals, healing, and prophesy. At Booking Adventures, we want to immerse you into the world of the Ta\u00ednos.\u00a0 <\/span><\/p>\n<p>&nbsp;<\/p>\n<h4><b>Einschl\u00fcsse &amp; Ausschl\u00fcsse<\/b><\/h4>\n<p><b>Einschl\u00fcsse<\/b><\/p>\n<ol>\n<li style=\"font-weight: 400;\">Canoes trip<\/li>\n<li>mountain Bikes<\/li>\n<li>Free T-shirt with Taino&#8217;s Pictograph<\/li>\n<li>Casabe bread taste<\/li>\n<li>H\u00f6hlentouren<\/li>\n<li style=\"font-weight: 400;\"><span style=\"font-weight: 400;\">Alle Steuern, Geb\u00fchren und Bearbeitungsgeb\u00fchren<\/span><\/li>\n<li style=\"font-weight: 400;\"><span style=\"font-weight: 400;\">Lokale Steuern<\/span><\/li>\n<li style=\"font-weight: 400;\"><span style=\"font-weight: 400;\">Lokaler F\u00fchrer<\/span><\/li>\n<\/ol>\n<p><b> Ausschl\u00fcsse<\/b><\/p>\n<ol>\n<li style=\"font-weight: 400;\"><span style=\"font-weight: 400;\">Trinkgelder<\/span><\/li>\n<li style=\"font-weight: 400;\"><span style=\"font-weight: 400;\">\u00dcberweisen<\/span><\/li>\n<li>Das Mittagessen ist nicht inbegriffen<\/li>\n<li style=\"font-weight: 400;\"><span style=\"font-weight: 400;\">Alkoholische Getr\u00e4nke<\/span><\/li>\n<\/ol>\n<p>&nbsp;<\/p>\n<h4><em><strong>Abreise und R\u00fcckkehr<\/strong><\/em><\/h4>\n<p><span style=\"font-weight: 400;\">The traveler will get a meeting point after the Reservation Process. Tours start and Finished at our meeting points.<\/span><\/p>\n<h4><b><i>Was ist zu erwarten?<\/i><\/b><\/h4>\n<p><span style=\"font-weight: 400;\">In this activity, you\u2019ll set out in the hand-crafted canoes, just as the Ta\u00ednos did. You\u2019ll hear many of the sounds that marked their connection with nature: the call of cranes, the dip of crabs into the water, and the gentle lapping of waves against natural rock formations. The arches of the mangrove roots will remind you of cathedrals, and indeed, the Ta\u00ednos (although they didn\u2019t have churches) were deeply spiritual. Once you\u2019ve set out with our guide, you\u2019ll enjoy the rich variety of birds, reptiles, and fish of the mangroves. Bedazzled at the sparkle of the waves winking in the morning light, the mountains of Saman\u00e1 in the distance, and the emerald green of the swaying palms.\u00a0\u00a0<\/span><\/p>\n<p><span style=\"font-weight: 400;\">Next, you\u2019ll be able to visit some of the caves that were especially important to the Ta\u00ednos. They traveled from cave to cave visit wise men, take shelter from hurricanes, and as meeting points with other tribes. Once you\u2019re in the caves, you\u2019ll be able to appreciate the silence and the hallowed aura of the space. You\u2019ll see some of the rock carvings, called petroglyphs, that represent their deities and spirits. Finally, you\u2019ll be able to taste some of the same tropical fruit that Ta\u00ednos gathered before you head back to the meeting point.\u00a0<\/span><\/p>\n<p><span style=\"font-weight: 400;\">In this tour, our expert guides will describe the many uses of the canoe, how the Ta\u00ednos lived before the time of Columbus, and how the mangrove forest is essential for the health of the environment.\u00a0<\/span><\/p>\n<p>&nbsp;<\/p>\n<h4><em><strong>Was sollten Sie mitbringen?<\/strong><\/em><\/h4>\n<ul>\n<li style=\"font-weight: 400;\"><span style=\"font-weight: 400;\">Kamera<\/span><\/li>\n<li style=\"font-weight: 400;\"><span style=\"font-weight: 400;\">Absto\u00dfende Knospen<\/span><\/li>\n<li style=\"font-weight: 400;\"><span style=\"font-weight: 400;\">Sonnencreme<\/span><\/li>\n<li style=\"font-weight: 400;\"><span style=\"font-weight: 400;\">Hut<\/span><\/li>\n<li style=\"font-weight: 400;\"><span style=\"font-weight: 400;\">Bequeme Hosen<\/span><\/li>\n<li style=\"font-weight: 400;\"><span style=\"font-weight: 400;\">Sandalen oder Schuhe f\u00fcr schlammige Gebiete.\u00a0<\/span><\/li>\n<li style=\"font-weight: 400;\"><span style=\"font-weight: 400;\">Schwimmbekleidung<\/span><\/li>\n<\/ul>\n<p>&nbsp;<\/p>\n<h4><b><i>Abholung Hotel <\/i><\/b><\/h4>\n<p><span style=\"font-weight: 400;\">Eine Abholung vom Hotel wird f\u00fcr diese Tour nicht angeboten. <\/span><\/p>\n<p><b>Anmerkung:<\/b><span style=\"font-weight: 400;\"> Wenn Sie innerhalb von 24 Stunden vor der Abfahrtszeit der Tour\/Exkursion buchen, k\u00f6nnen wir die Abholung vom Hotel gegen Aufpreis organisieren. Sobald Ihr Kauf abgeschlossen ist, senden wir Ihnen die vollst\u00e4ndigen Kontaktdaten (Telefonnummer, E-Mail-Adresse, etc.) f\u00fcr unseren lokalen Reiseleiter, um die Abholung zu organisieren.<\/span><\/p>\n<h4><b><i>Zus\u00e4tzliche Informationen Best\u00e4tigung <\/i><\/b><\/h4>\n<ol>\n<li>Tickets sind die Quittung nach der Bezahlung dieser Tour. Sie k\u00f6nnen die Zahlung auf Ihrem Telefon anzeigen.<\/li>\n<li style=\"font-weight: 400;\"><span style=\"font-weight: 400;\">Der Treffpunkt wird nach der Reservierung mitgeteilt.<\/span><\/li>\n<li style=\"font-weight: 400;\"><span style=\"font-weight: 400;\">Kinder m\u00fcssen von einem Erwachsenen begleitet werden.<\/span><\/li>\n<li style=\"font-weight: 400;\"><span style=\"font-weight: 400;\"> Nicht rollstuhlgerecht <\/span><\/li>\n<li style=\"font-weight: 400;\"><span style=\"font-weight: 400;\">Kleinkinder m\u00fcssen auf dem Scho\u00df sitzen <\/span><\/li>\n<li style=\"font-weight: 400;\"><span style=\"font-weight: 400;\">F\u00fcr Reisende mit R\u00fcckenproblemen nicht zu empfehlen<\/span><\/li>\n<li style=\"font-weight: 400;\"><span style=\"font-weight: 400;\">F\u00fcr schwangere Reisende nicht empfohlen <\/span><\/li>\n<li style=\"font-weight: 400;\"><span style=\"font-weight: 400;\"> Keine Herzprobleme oder andere schwerwiegende Erkrankungen <\/span><\/li>\n<li style=\"font-weight: 400;\"><span style=\"font-weight: 400;\">Die meisten Reisenden k\u00f6nnen teilnehmen<\/span><\/li>\n<\/ol>\n<h4><b><i>Stornierungspolitik<\/i><\/b><\/h4>\n<p><span style=\"font-weight: 400;\">F\u00fcr eine vollst\u00e4ndige R\u00fcckerstattung stornieren Sie bitte mindestens 72 Stunden vor dem Startdatum des Erlebnisses.<\/span><\/p>\n\n\t\t<\/div>\n\t<\/div>\n<\/div><\/div><\/div><\/div><div class=\"vc_row wpb_row vc_row-fluid\" ><div class=\"wpb_column vc_column_container vc_col-sm-12\"><div class=\"vc_column-inner\"><div class=\"wpb_wrapper\"><div class=\"vc_empty_space\"   style=\"height: 32px\"><span class=\"vc_empty_space_inner\"><\/span><\/div>\n\t<div class=\"wpb_text_column wpb_content_element\" >\n\t\t<div class=\"wpb_wrapper\">\n\t\t\t<h4>Kontaktieren Sie uns?<\/h4>\n<h5>Abenteuer buchen<\/h5>\n<p><em><strong>Einheimische<\/strong>\u00a0und\u00a0<strong>Nationals<\/strong>\u00a0Reiseleiter &amp; G\u00e4steservice<\/em><\/p>\n<p><span class=\"text-turquoise\">Reservierungen:<\/span>\u00a0Touren &amp; Ausfl\u00fcge in Dom. Rep.<\/p>\n<p><img decoding=\"async\" class=\"emoji\" draggable=\"false\" src=\"https:\/\/s.w.org\/images\/core\/emoji\/11.2.0\/svg\/1f4de.svg\" alt=\"\ud83d\udcde\" \/>\u00a0Telefon \/ Whatsapp\u00a0\u00a0<a href=\"tel:+1-809-720-6035\">+1-809-720-6035<\/a>.<\/p>\n<p><img decoding=\"async\" class=\"emoji\" draggable=\"false\" src=\"https:\/\/s.w.org\/images\/core\/emoji\/11.2.0\/svg\/1f4e9.svg\" alt=\"\ud83d\udce9\" \/>\u00a0<a href=\"mailto:info@bookingadventures.com.do\">info@bookingadventures.com.do<\/a><\/p>\n<p><strong>Wir sind flexibel und stellen private Touren per Whatsapp ein:\u00a0<a href=\"tel:+18097206035\">+18097206035.<\/a><\/strong><\/p>\n\n\t\t<\/div>\n\t<\/div>\n<div class=\"vc_empty_space\"   style=\"height: 32px\"><span class=\"vc_empty_space_inner\"><\/span><\/div><\/div><\/div><\/div><\/div>","protected":false},"excerpt":{"rendered":"<p><span style=\"font-weight: 400;\">In this activity, you\u2019ll set out in the hand-crafted canoes, just as the Ta\u00ednos did. You\u2019ll hear many of the sounds that marked their connection with nature: the call of cranes, the dip of crabs into the water, and the gentle lapping of waves against natural rock formations. The arches of the mangrove roots will remind you of cathedrals, and indeed, the Ta\u00ednos (although they didn\u2019t have churches) were deeply spiritual. Once you\u2019ve set out with our guide, you\u2019ll enjoy the rich variety of birds, reptiles, and fish of the mangroves. Bedazzled at the sparkle of the waves winking in the morning light, the mountains of Saman\u00e1 in the distance, and the emerald green of the swaying palms.\u00a0 <\/span><\/p>\n<p>&nbsp;<\/p>\n<p><strong>Bitte w\u00e4hlen Sie das Datum f\u00fcr die Tour aus:<\/strong><\/p>","protected":false},"featured_media":11259,"template":"","meta":[],"product_brand":[],"product_cat":[509,469,123,124],"product_tag":[126,127,510,511,145,150,197,198,199,132,519,133,200,470,201,114,147,148],"class_list":{"0":"post-11083","1":"product","2":"type-product","3":"status-publish","4":"has-post-thumbnail","6":"product_cat-los-haitises","7":"product_cat-mangroves-projects","8":"product_cat-tours-excursions-los-haitises-national-park","9":"product_cat-tours-excursions-samana-bay-dominican-republic","10":"product_tag-cano-hondo","11":"product_tag-cano-hondo-hotel","12":"product_tag-canoes","13":"product_tag-canoes-dominican-republic","14":"product_tag-day-tour-cano-hondo","15":"product_tag-kayak-dominican-republic","16":"product_tag-kayaking-dominican-republic","17":"product_tag-kayaking-los-haitises","18":"product_tag-kayaks","19":"product_tag-los-haitises","20":"product_tag-los-haitises-mountain-bike","21":"product_tag-los-haitises-national-park","22":"product_tag-los-haitises-tours","23":"product_tag-mangroves-reforestation-in-los-haitises-with-locals","24":"product_tag-private-tours-samana","25":"product_tag-sabana-de-la-mar","26":"product_tag-samana-bay","27":"product_tag-samana-excursions","29":"first","30":"instock","31":"sale","32":"sold-individually","33":"shipping-taxable","34":"product-type-external"},"_links":{"self":[{"href":"https:\/\/parador.haitises.com\/de\/wp-json\/wp\/v2\/product\/11083","targetHints":{"allow":["GET"]}}],"collection":[{"href":"https:\/\/parador.haitises.com\/de\/wp-json\/wp\/v2\/product"}],"about":[{"href":"https:\/\/parador.haitises.com\/de\/wp-json\/wp\/v2\/types\/product"}],"wp:featuredmedia":[{"embeddable":true,"href":"https:\/\/parador.haitises.com\/de\/wp-json\/wp\/v2\/media\/11259"}],"wp:attachment":[{"href":"https:\/\/parador.haitises.com\/de\/wp-json\/wp\/v2\/media?parent=11083"}],"wp:term":[{"taxonomy":"product_brand","embeddable":true,"href":"https:\/\/parador.haitises.com\/de\/wp-json\/wp\/v2\/product_brand?post=11083"},{"taxonomy":"product_cat","embeddable":true,"href":"https:\/\/parador.haitises.com\/de\/wp-json\/wp\/v2\/product_cat?post=11083"},{"taxonomy":"product_tag","embeddable":true,"href":"https:\/\/parador.haitises.com\/de\/wp-json\/wp\/v2\/product_tag?post=11083"}],"curies":[{"name":"wp","href":"https:\/\/api.w.org\/{rel}","templated":true}]}}