{"id":11330,"date":"2021-08-15T20:08:37","date_gmt":"2021-08-15T20:08:37","guid":{"rendered":"http:\/\/parador.haitises.com\/?post_type=product&#038;p=11330"},"modified":"2024-04-09T16:03:46","modified_gmt":"2024-04-09T16:03:46","slug":"los-haitises-tour-from-santo-domingo-samana-or-sabana-de-la-mar-full-day-trip-2","status":"publish","type":"product","link":"https:\/\/parador.haitises.com\/de\/privat\/los-haitises-tour-from-santo-domingo-samana-or-sabana-de-la-mar-full-day-trip-2\/","title":{"rendered":"Los Haitises-Tour ab Santo Domingo, Samana oder Sabana de la Mar. Ganztagesausflug."},"content":{"rendered":"<div class=\"vc_row wpb_row vc_row-fluid\" ><div class=\"wpb_column vc_column_container vc_col-sm-12\"><div class=\"vc_column-inner\"><div class=\"wpb_wrapper\">[mkdf_section_title title_tag=\u00bb\u00bb disable_break_words=\u00bbno\u00bb subtitle_tag=\u00bb\u00bb title=\u00bbLos Haitises National Park Tour from Santo domingo. full Day Trip.\u00bb subtitle=\u00bbTransportation &amp; Lunch Included\u00bb]<\/div><\/div><\/div><\/div><div class=\"vc_row wpb_row vc_row-fluid\" ><div class=\"wpb_column vc_column_container vc_col-sm-12\"><div class=\"vc_column-inner\"><div class=\"wpb_wrapper\">\n\t<div class=\"wpb_text_column wpb_content_element\" >\n\t\t<div class=\"wpb_wrapper\">\n\t\t\t<h3>Tour zum Nationalpark Los Haitises ab Santo Domingo. Ganztagesausflug.<\/h3>\n<h4><b><i>\u00dcbersicht <\/i><\/b><\/h4>\n<p>Tour zum Nationalpark Los Haitises ab Santo Domingo. Ganztagesausflug. Start von Ihrem Hotel in Santo Domingo, Boca Chica oder Juan Dolio. Wir fahren zur Bucht von Samana, wo uns das Boot oder der Katamaran zum Nationalpark Los Haitises bringt. Besuchen Sie Mangroven, H\u00f6hlen, Piktogramme und die Sch\u00f6nheit des Nationalparks Los Haitises mit einem lokalen Reiseleiter.<\/p>\n<p>Nach diesem Erlebnis kehren Sie nach Santo Domingo zur\u00fcck, wo wir Sie abholen.<\/p>\n<ul>\n<li style=\"font-weight: 400;\">Geb\u00fchren inklusive<\/li>\n<li>Mittagessen<\/li>\n<li>Snacks<\/li>\n<li style=\"font-weight: 400;\">Lokaler Reiseleiter auf Englisch oder Franz\u00f6sisch<\/li>\n<li>Transport<\/li>\n<li>Bootsausflug<\/li>\n<\/ul>\n<p>&nbsp;<\/p>\n<h4><b>Einschl\u00fcsse &amp; Ausschl\u00fcsse<\/b><\/h4>\n<p>&nbsp;<\/p>\n<p><b>Einschl\u00fcsse<\/b><\/p>\n<ol>\n<li style=\"font-weight: 400;\">Los Haitises Tour + H\u00f6hlen und Piktogramme<\/li>\n<li>Mittagessen<\/li>\n<li style=\"font-weight: 400;\"><span style=\"font-weight: 400;\">Alle Steuern, Geb\u00fchren und Bearbeitungskosten<\/span><\/li>\n<li style=\"font-weight: 400;\"><span style=\"font-weight: 400;\">Lokale Steuern<\/span><\/li>\n<li style=\"font-weight: 400;\"><span style=\"font-weight: 400;\">Getr\u00e4nke<\/span><\/li>\n<li>Snacks<\/li>\n<li style=\"font-weight: 400;\"><span style=\"font-weight: 400;\">Alle Aktivit\u00e4ten<\/span><\/li>\n<li style=\"font-weight: 400;\"><span style=\"font-weight: 400;\">Lokaler F\u00fchrer<\/span><\/li>\n<\/ol>\n<p><b> Ausschl\u00fcsse<\/b><\/p>\n<ol>\n<li style=\"font-weight: 400;\"><span style=\"font-weight: 400;\">Trinkgelder<\/span><\/li>\n<li style=\"font-weight: 400;\"><span style=\"font-weight: 400;\">Alkoholische Getr\u00e4nke<\/span><\/li>\n<\/ol>\n<h4><strong>Privat <em>Tour &amp; Ausflug <\/em>Preise ab Santo Domingo:<\/strong><\/h4>\n<p><strong><em>*Kinder bis 10 Jahre reisen kostenlos. (mindestens 2 Erwachsene)<br \/>\n<\/em><\/strong><\/p>\n<ul>\n<li><strong><em>Private Tour und Ausflug f\u00fcr 2 Personen: $210 USD pro Person<\/em><\/strong><strong><em><br \/>\n<\/em><\/strong><\/li>\n<li><strong><em>Private Tour und Ausflug f\u00fcr 3 Personen: $160 USD pro Person<\/em><\/strong><\/li>\n<li><strong><em>Private Tour und Ausflug f\u00fcr 4 Personen: $130 USD pro Person<\/em><\/strong><\/li>\n<li><strong><em>Private Tour und Ausflug f\u00fcr 5 Personen: $105 USD pro Person<\/em><\/strong><\/li>\n<li><strong><em>Private Tour und Ausflug f\u00fcr 6 Personen: $100 USD pro Person<\/em><\/strong><\/li>\n<li><strong><em>Private Tour und Ausflug f\u00fcr 7 Personen: $90 USD pro Person<\/em><\/strong><\/li>\n<li><strong><em>Private Tour und Ausflug f\u00fcr 8 Personen: $80 USD pro Person<\/em><\/strong><\/li>\n<li><strong><em>9 oder mehr Personen Tour &amp; Ausflug: <a href=\"https:\/\/www.ticketswhales.com\/contact-us\/\" target=\"_blank\" rel=\"noopener\">Kontaktiere uns<\/a><\/em><\/strong><\/li>\n<\/ul>\n<p><strong><em>*Der Ausflug beginnt zu der von Ihnen festgelegten Zeit\u00a0\u00a0<\/em><\/strong><\/p>\n<h4><em><strong>Abreise und R\u00fcckkehr<\/strong><\/em><\/h4>\n<p><span style=\"font-weight: 400;\">Der Reisende erh\u00e4lt nach dem Reservierungsprozess einen Treffpunkt. Die Touren beginnen und enden an Ihren Treffpunkten.<\/span><\/p>\n<h4><\/h4>\n<h4><\/h4>\n<h3>Nationalpark Los Haitises von Santo Domingo aus<\/h3>\n<h4><b><i>Was ist zu erwarten?<\/i><\/b><\/h4>\n<p><em><strong>Holen Sie sich Ihre Tickets<\/strong><\/em> f\u00fcr den Besuch der Nationalparktour Los Haitises ab Santo Domingo. Ganztagesausflug. Von Santo Domingo aus geht es mit einem bequemen Transfer zur Bucht von Saman\u00e1. Transport zum Hafen an Bord eines Bootes oder Katamarans mit einem lokalen Reiseleiter. Wir besuchen Los Haitises auf der Seite von Sabana de la Mar, um einen der sch\u00f6nsten Nationalparks der Dominikanischen Republik zu besuchen. <strong>Der<em>\u00a0Haitises-Nationalpark<\/em>.<\/strong><\/p>\n<p>The tour, organized by \u00abBooking Adventures\u00bb starts at the meeting point set with the Tour Guide. Come with Booking Adventures and start checking some bird-filled mangroves, rolling hills of lush vegetation and caves of <em><strong>Nationalpark Los Haitises<\/strong><\/em>. Besuch einer Insel mit V\u00f6geln in der N\u00e4he. In der Brutzeit k\u00f6nnen wir sogar die Pelecanos-K\u00fcken auf den Nestern sehen. Erfahren Sie mehr \u00fcber die Rocky Islands und besuchen Sie die H\u00f6hlen mit Piktogrammen und Petrographen der Ureinwohner.<\/p>\n<p>Durch die Mangroven und Land an der offenen Bucht von San Lorenzo, Sabana de la Mar, von wo aus Sie die raue Waldlandschaft fotografieren k\u00f6nnen. Schauen Sie zum Erkennen auf das Wasser <em><strong>Seek\u00fche<\/strong><\/em>, Krebstiere und <em><strong>Delfine.<\/strong><\/em><\/p>\n<div class=\"body-description secondary\">\n<p>Der Name des Nationalparks stammt von seinen urspr\u00fcnglichen Bewohnern, den Taino-Indianern. In ihrer Sprache bedeutet \u201eHaitises\u201c Hochland oder H\u00fcgel, eine Anspielung auf die steilen geologischen Formationen mit Kalksteinen an der K\u00fcste. Wagen Sie sich tiefer in den Park und erkunden Sie H\u00f6hlen wie die Cueva San Gabriel, <em><strong>Sandh\u00f6hle, <\/strong><\/em>und <strong><em>Linienh\u00f6hle.<\/em><\/strong><\/p>\n<p>Diese H\u00f6hlen im Reservat wurden von den Taino-Indianern und sp\u00e4ter von Piraten als Unterschlupf genutzt. Halten Sie Ausschau nach Zeichnungen von Indianern, die einige W\u00e4nde schm\u00fccken. Nach dem Besuch des Nationalparks Los Haitises kehren wir zum Mittagessen nach Samana oder Sabana de la Mar zur\u00fcck.<\/p>\n<p>Wir werden ein typisches Mittagessen haben. Wenn Sie Veganer sind, keine Sorge, wir haben auch Essen f\u00fcr Sie!<\/p>\n<p>Nach dem Mittagessen kehren wir nach Santo Domingo zur\u00fcck!!<\/p>\n<\/div>\n<p>Falls Ihnen diese Reise l\u00e4nger oder k\u00fcrzer gef\u00e4llt, haben wir folgende Optionen:<\/p>\n<ol>\n<li><a href=\"https:\/\/www.ticketswhales.com\/tour\/the-haitises-national-park-tour-from-samana-port\/\" target=\"_blank\" rel=\"noopener\">Nur Los Haitises vom Hafen von Saman\u00e1.<\/a><\/li>\n<li><a href=\"https:\/\/www.ticketswhales.com\/tour\/los-haitises-national-park-lunch-at-cano-hondo-from-samana-port\/\" target=\"_blank\" rel=\"noopener\">Los Haitises + Ca\u00f1o Hondo vom Hafen Saman\u00e1.<\/a><\/li>\n<\/ol>\n<p>&nbsp;<\/p>\n<h4><em><strong>Was sollten Sie mitbringen?<\/strong><\/em><\/h4>\n<ul>\n<li style=\"font-weight: 400;\"><span style=\"font-weight: 400;\">Kamera<\/span><\/li>\n<li style=\"font-weight: 400;\"><span style=\"font-weight: 400;\">Absto\u00dfende Knospen<\/span><\/li>\n<li style=\"font-weight: 400;\"><span style=\"font-weight: 400;\">Sonnencreme<\/span><\/li>\n<li style=\"font-weight: 400;\"><span style=\"font-weight: 400;\">Hut<\/span><\/li>\n<li style=\"font-weight: 400;\"><span style=\"font-weight: 400;\">Bequeme Hosen<\/span><\/li>\n<li style=\"font-weight: 400;\"><span style=\"font-weight: 400;\">Wanderschuhe f\u00fcr den Wald<\/span><\/li>\n<li style=\"font-weight: 400;\"><span style=\"font-weight: 400;\">Sandalen zu den Fr\u00fchlingsgebieten.<\/span><\/li>\n<li style=\"font-weight: 400;\"><span style=\"font-weight: 400;\">Schwimmbekleidung<\/span><\/li>\n<\/ul>\n<p>&nbsp;<\/p>\n<h4><b><i>Abholung Hotel <\/i><\/b><\/h4>\n<p><span style=\"font-weight: 400;\">Eine Abholung vom Hotel wird f\u00fcr diese Tour nicht angeboten. <\/span><\/p>\n<p>&nbsp;<\/p>\n<p><b>Anmerkung:<\/b><span style=\"font-weight: 400;\"> Wenn Sie innerhalb von 24 Stunden vor der Abfahrtszeit der Tour\/des Ausflugs buchen, k\u00f6nnen wir gegen Aufpreis eine Abholung vom Hotel arrangieren. Sobald Ihr Kauf abgeschlossen ist, senden wir Ihnen die vollst\u00e4ndigen Kontaktinformationen (Telefonnummer, E-Mail-Adresse usw.) f\u00fcr unseren \u00f6rtlichen Reiseleiter, um die Abholung zu organisieren.<\/span><\/p>\n<h4><b><i>Zus\u00e4tzliche Informationen Best\u00e4tigung <\/i><\/b><\/h4>\n<ol>\n<li>Die Tickets sind die Quittung nach der Bezahlung dieser Tour. Sie k\u00f6nnen die Zahlung auf Ihrem Telefon zeigen.<\/li>\n<li style=\"font-weight: 400;\"><span style=\"font-weight: 400;\">Der Treffpunkt wird nach der Reservierung mitgeteilt.<\/span><\/li>\n<li style=\"font-weight: 400;\"><span style=\"font-weight: 400;\">Kinder m\u00fcssen von einem Erwachsenen begleitet werden.<\/span><\/li>\n<li style=\"font-weight: 400;\"><span style=\"font-weight: 400;\"> Nicht rollstuhlgerecht <\/span><\/li>\n<li style=\"font-weight: 400;\"><span style=\"font-weight: 400;\">Kleinkinder m\u00fcssen auf dem Scho\u00df sitzen <\/span><\/li>\n<li style=\"font-weight: 400;\"><span style=\"font-weight: 400;\">F\u00fcr Reisende mit R\u00fcckenproblemen nicht zu empfehlen<\/span><\/li>\n<li style=\"font-weight: 400;\"><span style=\"font-weight: 400;\">F\u00fcr schwangere Reisende nicht empfohlen <\/span><\/li>\n<li style=\"font-weight: 400;\"><span style=\"font-weight: 400;\"> Keine Herzprobleme oder andere schwerwiegende Erkrankungen <\/span><\/li>\n<li style=\"font-weight: 400;\"><span style=\"font-weight: 400;\">Die meisten Reisenden k\u00f6nnen teilnehmen<\/span><\/li>\n<\/ol>\n<h4><b><i>Stornierungspolitik<\/i><\/b><\/h4>\n<p><span style=\"font-weight: 400;\">Um eine volle R\u00fcckerstattung zu erhalten, stornieren Sie mindestens 24 Stunden vor Beginn des Erlebnisses. Das Geld geht verloren, wenn die Reservierung am selben Tag der Reise storniert wird.<\/span><\/p>\n\n\t\t<\/div>\n\t<\/div>\n<\/div><\/div><\/div><\/div><div class=\"vc_row wpb_row vc_row-fluid\" ><div class=\"wpb_column vc_column_container vc_col-sm-12\"><div class=\"vc_column-inner\"><div class=\"wpb_wrapper\">\n\t<div class=\"wpb_video_widget wpb_content_element vc_clearfix   vc_video-aspect-ratio-169 vc_video-el-width-100 vc_video-align-left\" >\n\t\t<div class=\"wpb_wrapper\">\n\t\t\t\n\t\t\t<div class=\"wpb_video_wrapper\"><iframe loading=\"lazy\" title=\"Nationalpark Los Haitises, Touren und Ausfl\u00fcge ab Samana oder Sabana de la Mar. Buchen Sie hier:\" src=\"https:\/\/player.vimeo.com\/video\/346508015?dnt=1&amp;app_id=122963&amp;h=6e684a1c21\" width=\"1100\" height=\"619\" frameborder=\"0\" allow=\"autoplay; fullscreen; picture-in-picture\" allowfullscreen><\/iframe><\/div>\n\t\t<\/div>\n\t<\/div>\n<\/div><\/div><\/div><\/div><div class=\"vc_row wpb_row vc_row-fluid\" ><div class=\"wpb_column vc_column_container vc_col-sm-12\"><div class=\"vc_column-inner\"><div class=\"wpb_wrapper\"><div class=\"vc_empty_space\"   style=\"height: 32px\"><span class=\"vc_empty_space_inner\"><\/span><\/div>\n\t<div class=\"wpb_text_column wpb_content_element\" >\n\t\t<div class=\"wpb_wrapper\">\n\t\t\t<h4>Kontaktieren Sie uns?<\/h4>\n<h5>Abenteuer buchen<\/h5>\n<p><em><strong>Einheimische<\/strong>\u00a0und\u00a0<strong>Nationals<\/strong>\u00a0Reiseleiter &amp; G\u00e4steservice<\/em><\/p>\n<p><span class=\"text-turquoise\">Reservierungen:<\/span>\u00a0Touren &amp; Ausfl\u00fcge in Dom. Rep.<\/p>\n<p><img decoding=\"async\" class=\"emoji\" draggable=\"false\" src=\"https:\/\/s.w.org\/images\/core\/emoji\/11.2.0\/svg\/1f4de.svg\" alt=\"\ud83d\udcde\" \/>\u00a0Telefon \/ Whatsapp\u00a0\u00a0<a href=\"tel:+1-809-720-6035\">+1-809-720-6035<\/a>.<\/p>\n<p><img decoding=\"async\" class=\"emoji\" draggable=\"false\" src=\"https:\/\/s.w.org\/images\/core\/emoji\/11.2.0\/svg\/1f4e9.svg\" alt=\"\ud83d\udce9\" \/>\u00a0<a href=\"mailto:info@bookingadventures.com.do\">info@bookingadventures.com.do<\/a><\/p>\n<p><strong>Wir sind flexibel und stellen private Touren per Whatsapp ein:\u00a0<a href=\"tel:+18097206035\">+18097206035.<\/a><\/strong><\/p>\n\n\t\t<\/div>\n\t<\/div>\n<div class=\"vc_empty_space\"   style=\"height: 32px\"><span class=\"vc_empty_space_inner\"><\/span><\/div><\/div><\/div><\/div><\/div>","protected":false},"excerpt":{"rendered":"<p>Dieser Ausflug von Santo Domingo zum Nationalpark Los Haitises beinhaltet Mittagessen und Transport f\u00fcr einen Besuch der Haupth\u00f6hlen, eine Erkundung von zwei verschiedenen Mangroven-\u00d6kosystemen und nat\u00fcrlich die Vogelbeobachtung zum Angeln.<\/p>\n<p>Ausflug zum Nationalpark Los Haitises mit einem naturkundlichen Reiseleiter. Besuch der Cays im Nationalpark Los Haitises, Mangroven, Vegetation, Vogelbeobachtung, H\u00f6hlen, Piktogramme und der historischen Gebiete von Sabana de la Mar im Nationalpark Los Haitises.<\/p>\n<p>&nbsp;<\/p>\n<p><strong>Bitte w\u00e4hlen Sie das Datum f\u00fcr die Tour aus:\u00a0<\/strong><\/p>","protected":false},"featured_media":306,"template":"","meta":[],"product_brand":[],"product_cat":[286,122],"product_tag":[206,225,132,133,146,226],"class_list":{"0":"post-11330","1":"product","2":"type-product","3":"status-publish","4":"has-post-thumbnail","6":"product_cat-los-haitises-tour-from-santo-domingo","7":"product_cat-tours-and-excursions","8":"product_tag-caves-los-haitises","9":"product_tag-las-terrenas","10":"product_tag-los-haitises","11":"product_tag-los-haitises-national-park","12":"product_tag-mangroves-los-haitises","13":"product_tag-transportation-los-haitises","15":"first","16":"instock","17":"sale","18":"sold-individually","19":"shipping-taxable","20":"product-type-external"},"_links":{"self":[{"href":"https:\/\/parador.haitises.com\/de\/wp-json\/wp\/v2\/product\/11330","targetHints":{"allow":["GET"]}}],"collection":[{"href":"https:\/\/parador.haitises.com\/de\/wp-json\/wp\/v2\/product"}],"about":[{"href":"https:\/\/parador.haitises.com\/de\/wp-json\/wp\/v2\/types\/product"}],"wp:featuredmedia":[{"embeddable":true,"href":"https:\/\/parador.haitises.com\/de\/wp-json\/wp\/v2\/media\/306"}],"wp:attachment":[{"href":"https:\/\/parador.haitises.com\/de\/wp-json\/wp\/v2\/media?parent=11330"}],"wp:term":[{"taxonomy":"product_brand","embeddable":true,"href":"https:\/\/parador.haitises.com\/de\/wp-json\/wp\/v2\/product_brand?post=11330"},{"taxonomy":"product_cat","embeddable":true,"href":"https:\/\/parador.haitises.com\/de\/wp-json\/wp\/v2\/product_cat?post=11330"},{"taxonomy":"product_tag","embeddable":true,"href":"https:\/\/parador.haitises.com\/de\/wp-json\/wp\/v2\/product_tag?post=11330"}],"curies":[{"name":"wp","href":"https:\/\/api.w.org\/{rel}","templated":true}]}}