{"id":11387,"date":"2021-08-15T20:09:02","date_gmt":"2021-08-15T20:09:02","guid":{"rendered":"http:\/\/parador.haitises.com\/?post_type=product&#038;p=11387"},"modified":"2024-04-03T15:18:01","modified_gmt":"2024-04-03T15:18:01","slug":"altos-de-cano-hondo-mountain-bike-tour-2","status":"publish","type":"product","link":"https:\/\/parador.haitises.com\/de\/privat\/altos-de-cano-hondo-mountain-bike-tour-2\/","title":{"rendered":"Altos de Cano Hondo + Mountain Bike Tour"},"content":{"rendered":"<div class=\"vc_row wpb_row vc_row-fluid\" ><div class=\"wpb_column vc_column_container vc_col-sm-12\"><div class=\"vc_column-inner\"><div class=\"wpb_wrapper\"><div class=\"vc_empty_space\"   style=\"height: 32px\"><span class=\"vc_empty_space_inner\"><\/span><\/div><\/div><\/div><\/div><\/div><div class=\"vc_row wpb_row vc_row-fluid\" ><div class=\"wpb_column vc_column_container vc_col-sm-12\"><div class=\"vc_column-inner\"><div class=\"wpb_wrapper\">[mkdf_section_title title_tag=\u00bb\u00bb disable_break_words=\u00bbno\u00bb subtitle_tag=\u00bb\u00bb title=\u00bbAltos de Cano Hondo + Mountain Bike Tour\u00bb subtitle=\u00bbCano Hondo and Mountain Bikes\u00bb]<\/div><\/div><\/div><\/div><div class=\"vc_row wpb_row vc_row-fluid\" ><div class=\"wpb_column vc_column_container vc_col-sm-12\"><div class=\"vc_column-inner\"><div class=\"wpb_wrapper\"><div class=\"vc_empty_space\"   style=\"height: 32px\"><span class=\"vc_empty_space_inner\"><\/span><\/div><\/div><\/div><\/div><\/div><div class=\"vc_row wpb_row vc_row-fluid\" ><div class=\"wpb_column vc_column_container vc_col-sm-12\"><div class=\"vc_column-inner\"><div class=\"wpb_wrapper\">\n\t<div class=\"wpb_text_column wpb_content_element\" >\n\t\t<div class=\"wpb_wrapper\">\n\t\t\t<h4><b><i>\u00dcbersicht<\/i><\/b><\/h4>\n<p><span style=\"font-weight: 400;\">Travel with a local expert and get the unique experience of biking starting from Sabana de la Mar, this tour will take you around to see the beautiful landscape of the countryside of the Dominican Republic. As you ride your bike you will be able to say hi! to the farmers riding their horses or motorbike to their property and during the tour, you will be able to emerge in the adventure and local culture from Sabana de la Mar. This town was founded officially in 1756 by about eleven (11) families that came from the Canary Islands in Spain. Sabana de la Mar&#8217;s main economic activities are agriculture, ecotourism, and fishing.\u00a0<\/span><\/p>\n<p>&nbsp;<\/p>\n<p><span style=\"font-weight: 400;\">Einschl\u00fcsse &amp; Ausschl\u00fcsse<\/span><\/p>\n<p>&nbsp;<\/p>\n<p><span style=\"font-weight: 400;\">Einschl\u00fcsse<\/span><\/p>\n<p>&nbsp;<\/p>\n<p><span style=\"font-weight: 400;\">Radfahren<\/span><\/p>\n<p>Mittagessen mit Einheimischen<\/p>\n<p><span style=\"font-weight: 400;\">Altos de Ca\u00f1o Hondo and Natural\u00a0 Pools<\/span><\/p>\n<p><span style=\"font-weight: 400;\">Alle Steuern, Geb\u00fchren und Bearbeitungsgeb\u00fchren<\/span><\/p>\n<p><span style=\"font-weight: 400;\">Lokale Steuern<\/span><\/p>\n<p><span style=\"font-weight: 400;\">Offizielle \u00d6kologen-Reisef\u00fchrer Englisch\/Spanisch<\/span><\/p>\n<p>&nbsp;<\/p>\n<p><span style=\"font-weight: 400;\">Ausschl\u00fcsse<\/span><\/p>\n<p>&nbsp;<\/p>\n<p><span style=\"font-weight: 400;\">Trinkgelder<\/span><\/p>\n<p><span style=\"font-weight: 400;\">\u00dcberweisen<\/span><\/p>\n<p><span style=\"font-weight: 400;\">Getr\u00e4nk<\/span><\/p>\n<p>&nbsp;<\/p>\n<p><span style=\"font-weight: 400;\">Abreise und R\u00fcckkehr<\/span><\/p>\n<p>&nbsp;<\/p>\n<p><span style=\"font-weight: 400;\">Die von \u201eBooking Adventures\u201c organisierte Tour beginnt an dem mit dem Reiseleiter vereinbarten Treffpunkt. Der Reisende erh\u00e4lt nach dem Reservierungsprozess einen Treffpunkt. Die Touren beginnen und enden an unseren Treffpunkten.<\/span><\/p>\n<p>&nbsp;<\/p>\n<p><span style=\"font-weight: 400;\">Was ist zu erwarten?<\/span><\/p>\n<p><span style=\"font-weight: 400;\">Get your ticket for Biking and Altos de Cano Hondo and Natural\u00a0 Pools From Sabana de la Mar<\/span><\/p>\n<p>&nbsp;<\/p>\n<p><span style=\"font-weight: 400;\">This Excursion starts from the meeting point you must confirm with our travel Agents or your Tour Guide before heading to any location. Once you meet your guide you\u2019ll have debriefed of the tour and everything related to your day.<\/span><\/p>\n<p><span style=\"font-weight: 400;\">When everyone is ready we\u2019ll head to Altos de Cano Hondo and Natural\u00a0 Pools where you\u2019ll start a walking tour to oversee one of the 10 best destinations for ecotourism in the world by\u00a0 Forbes magazine during this adventure you will learn about the unique architecture of this ecolodge.\u00a0<\/span><\/p>\n<p><span style=\"font-weight: 400;\">Cano Hondo is a name given by the local farmers of the area and this name comes from the type of geography of the location, this place is below sea level and there are small springs like Jivales and Cano Hondo which are coming from underground river straight from Los Haitises Mountain.\u00a0<\/span><\/p>\n<p><span style=\"font-weight: 400;\">During this part of your trip, you will be visiting Altos de Cano Hondo which is next to Los Haitises National Park one of the largest national p\u00e0rk in the country with more than 1600 km2 and one of the world largest limestone formations.\u00a0<\/span><\/p>\n<p>&nbsp;<\/p>\n<p><span style=\"font-weight: 400;\">After your walk tour about Altos de Cano Hondo get ready to jump in the natural pools before lunch and after lunch, you&#8217;ll head back to Sabana de la Mar. After 4 hours and half hours of activities in Cano Hondo we start riding our mountain bike back to Sabana de la Mar, this excursion ends in the same place as it started.<\/span><\/p>\n<p>&nbsp;<\/p>\n<p><span style=\"font-weight: 400;\">Hinweis: Diese Touren werden von offiziellen Ecologist-Reiseleitern durchgef\u00fchrt. Bitte buchen Sie rechtzeitig, da es im Park nicht allzu viele Spezialisten gibt.<\/span><\/p>\n<p>&nbsp;<\/p>\n<p>&nbsp;<\/p>\n<p><span style=\"font-weight: 400;\">Was sollten Sie mitbringen?<\/span><\/p>\n<ul>\n<li style=\"font-weight: 400;\" aria-level=\"1\"><span style=\"font-weight: 400;\">Kamera<\/span><\/li>\n<li style=\"font-weight: 400;\" aria-level=\"1\"><span style=\"font-weight: 400;\">Absto\u00dfende Knospen<\/span><\/li>\n<li style=\"font-weight: 400;\" aria-level=\"1\"><span style=\"font-weight: 400;\">Sonnencreme<\/span><\/li>\n<li style=\"font-weight: 400;\" aria-level=\"1\"><span style=\"font-weight: 400;\">Bequeme Hosen<\/span><\/li>\n<li style=\"font-weight: 400;\" aria-level=\"1\"><span style=\"font-weight: 400;\">Laufschuhe\u00a0<\/span><\/li>\n<\/ul>\n<p>&nbsp;<\/p>\n<h4><b><i>Abholung Hotel <\/i><\/b><\/h4>\n<p><span style=\"font-weight: 400;\">Eine Abholung vom Hotel wird f\u00fcr diese Tour nicht angeboten. <\/span><\/p>\n<p><b>Anmerkung:<\/b><span style=\"font-weight: 400;\"> Wenn Sie innerhalb von 24 Stunden vor der Abfahrtszeit der Tour\/Exkursion buchen, k\u00f6nnen wir die Abholung vom Hotel gegen Aufpreis organisieren. Sobald Ihr Kauf abgeschlossen ist, senden wir Ihnen die vollst\u00e4ndigen Kontaktdaten (Telefonnummer, E-Mail-Adresse, etc.) f\u00fcr unseren lokalen Reiseleiter, um die Abholung zu organisieren.<\/span><\/p>\n<h4><b><i>Zus\u00e4tzliche Informationen Best\u00e4tigung <\/i><\/b><\/h4>\n<ol>\n<li>Tickets sind die Quittung nach der Bezahlung dieser Tour. Sie k\u00f6nnen die Zahlung auf Ihrem Telefon anzeigen.<\/li>\n<li style=\"font-weight: 400;\"><span style=\"font-weight: 400;\">Der Treffpunkt wird nach der Reservierung mitgeteilt.<\/span><\/li>\n<li style=\"font-weight: 400;\"><span style=\"font-weight: 400;\">Kinder m\u00fcssen von einem Erwachsenen begleitet werden.<\/span><\/li>\n<li style=\"font-weight: 400;\"><span style=\"font-weight: 400;\"> Nicht rollstuhlgerecht <\/span><\/li>\n<li style=\"font-weight: 400;\"><span style=\"font-weight: 400;\">Kleinkinder m\u00fcssen auf dem Scho\u00df sitzen <\/span><\/li>\n<li style=\"font-weight: 400;\"><span style=\"font-weight: 400;\">F\u00fcr Reisende mit R\u00fcckenproblemen nicht zu empfehlen<\/span><\/li>\n<li style=\"font-weight: 400;\"><span style=\"font-weight: 400;\">F\u00fcr schwangere Reisende nicht empfohlen <\/span><\/li>\n<li style=\"font-weight: 400;\"><span style=\"font-weight: 400;\"> Keine Herzprobleme oder andere schwerwiegende Erkrankungen <\/span><\/li>\n<li style=\"font-weight: 400;\"><span style=\"font-weight: 400;\">Die meisten Reisenden k\u00f6nnen teilnehmen<\/span><\/li>\n<\/ol>\n<h4><b><i>Stornierungspolitik<\/i><\/b><\/h4>\n<p><span style=\"font-weight: 400;\">F\u00fcr eine vollst\u00e4ndige R\u00fcckerstattung stornieren Sie bitte mindestens 72 Stunden vor dem Startdatum des Erlebnisses.<\/span><\/p>\n\n\t\t<\/div>\n\t<\/div>\n<\/div><\/div><\/div><\/div><div class=\"vc_row wpb_row vc_row-fluid\" ><div class=\"wpb_column vc_column_container vc_col-sm-12\"><div class=\"vc_column-inner\"><div class=\"wpb_wrapper\"><div class=\"vc_empty_space\"   style=\"height: 32px\"><span class=\"vc_empty_space_inner\"><\/span><\/div>\n\t<div class=\"wpb_text_column wpb_content_element\" >\n\t\t<div class=\"wpb_wrapper\">\n\t\t\t<h4>Kontaktieren Sie uns?<\/h4>\n<h5>Abenteuer buchen<\/h5>\n<p><em><strong>Einheimische<\/strong>\u00a0und\u00a0<strong>Nationals<\/strong>\u00a0Reiseleiter &amp; G\u00e4steservice<\/em><\/p>\n<p><span class=\"text-turquoise\">Reservierungen:<\/span>\u00a0Touren &amp; Ausfl\u00fcge in Dom. Rep.<\/p>\n<p><img decoding=\"async\" class=\"emoji\" draggable=\"false\" src=\"https:\/\/s.w.org\/images\/core\/emoji\/11.2.0\/svg\/1f4de.svg\" alt=\"\ud83d\udcde\" \/>\u00a0Telefon \/ Whatsapp\u00a0\u00a0<a href=\"tel:+1-809-720-6035\">+1-809-720-6035<\/a>.<\/p>\n<p><img decoding=\"async\" class=\"emoji\" draggable=\"false\" src=\"https:\/\/s.w.org\/images\/core\/emoji\/11.2.0\/svg\/1f4e9.svg\" alt=\"\ud83d\udce9\" \/>\u00a0<a href=\"mailto:info@bookingadventures.com.do\">info@bookingadventures.com.do<\/a><\/p>\n<p><strong>Wir sind flexibel und stellen private Touren per Whatsapp ein:\u00a0<a href=\"tel:+18097206035\">+18097206035.<\/a><\/strong><\/p>\n\n\t\t<\/div>\n\t<\/div>\n<div class=\"vc_empty_space\"   style=\"height: 32px\"><span class=\"vc_empty_space_inner\"><\/span><\/div><\/div><\/div><\/div><\/div>","protected":false},"excerpt":{"rendered":"<p><span style=\"font-weight: 400;\">Cano Hondo is a name given by the local farmers of the area and this name comes from the type of geography of the location, this place is below sea level and there are small springs like Jivales and Cano Hondo which are coming from underground river straight from Los Haitises Mountain.\u00a0<\/span><\/p>\n<p>&nbsp;<\/p>\n<p><span style=\"font-weight: 400;\">During this part of your trip, you will be visiting Altos de Cano Hondo which is next to Los Haitises National Park one of the largest national p\u00e0rk in the country with more than 1600 km2 and one of the world&#8217;s largest limestone formations.\u00a0<\/span><\/p>\n<p><span style=\"font-weight: 400;\">After your walk tour about Altos de Cano Hondo get ready to jump in the natural pools before lunch and after lunch, you&#8217;ll head back to Sabana de la Mar. After 4 hours and half hours of activities in Cano Hondo we get back to\u00a0 Sabana de la Mar, this excursion ends in the same place as it started.<\/span><\/p>\n<p><span style=\"font-weight: 400;\">d.<\/span><\/p>\n<p>&nbsp;<\/p>\n<p><strong>Bitte w\u00e4hlen Sie das Datum f\u00fcr die Tour aus:<\/strong><\/p>","protected":false},"featured_media":11124,"template":"","meta":[],"product_brand":[],"product_cat":[520],"product_tag":[521,126,127,510,511,145,150,197,198,199,132,519,133,200,470,201,114,147,148],"class_list":{"0":"post-11387","1":"product","2":"type-product","3":"status-publish","4":"has-post-thumbnail","6":"product_cat-altos-de-cano-hondo","7":"product_tag-altos-de-cano-hondo","8":"product_tag-cano-hondo","9":"product_tag-cano-hondo-hotel","10":"product_tag-canoes","11":"product_tag-canoes-dominican-republic","12":"product_tag-day-tour-cano-hondo","13":"product_tag-kayak-dominican-republic","14":"product_tag-kayaking-dominican-republic","15":"product_tag-kayaking-los-haitises","16":"product_tag-kayaks","17":"product_tag-los-haitises","18":"product_tag-los-haitises-mountain-bike","19":"product_tag-los-haitises-national-park","20":"product_tag-los-haitises-tours","21":"product_tag-mangroves-reforestation-in-los-haitises-with-locals","22":"product_tag-private-tours-samana","23":"product_tag-sabana-de-la-mar","24":"product_tag-samana-bay","25":"product_tag-samana-excursions","27":"first","28":"instock","29":"sale","30":"sold-individually","31":"shipping-taxable","32":"product-type-external"},"_links":{"self":[{"href":"https:\/\/parador.haitises.com\/de\/wp-json\/wp\/v2\/product\/11387","targetHints":{"allow":["GET"]}}],"collection":[{"href":"https:\/\/parador.haitises.com\/de\/wp-json\/wp\/v2\/product"}],"about":[{"href":"https:\/\/parador.haitises.com\/de\/wp-json\/wp\/v2\/types\/product"}],"wp:featuredmedia":[{"embeddable":true,"href":"https:\/\/parador.haitises.com\/de\/wp-json\/wp\/v2\/media\/11124"}],"wp:attachment":[{"href":"https:\/\/parador.haitises.com\/de\/wp-json\/wp\/v2\/media?parent=11387"}],"wp:term":[{"taxonomy":"product_brand","embeddable":true,"href":"https:\/\/parador.haitises.com\/de\/wp-json\/wp\/v2\/product_brand?post=11387"},{"taxonomy":"product_cat","embeddable":true,"href":"https:\/\/parador.haitises.com\/de\/wp-json\/wp\/v2\/product_cat?post=11387"},{"taxonomy":"product_tag","embeddable":true,"href":"https:\/\/parador.haitises.com\/de\/wp-json\/wp\/v2\/product_tag?post=11387"}],"curies":[{"name":"wp","href":"https:\/\/api.w.org\/{rel}","templated":true}]}}