{"id":11632,"date":"2023-10-04T07:39:46","date_gmt":"2023-10-04T07:39:46","guid":{"rendered":"http:\/\/parador.haitises.com\/?post_type=product&#038;p=11632"},"modified":"2024-04-01T19:33:46","modified_gmt":"2024-04-01T19:33:46","slug":"los-haitises-national-park-tour-from-samana-port-3","status":"publish","type":"product","link":"https:\/\/parador.haitises.com\/dz\/\u0f66\u0f92\u0f7a\u0f62\u0f0c\/los-haitises-national-park-tour-from-samana-port-3\/","title":{"rendered":"\u0f63\u0f7c\u0f66\u0f0b\u0f67\u0f60\u0f72\u0f0b\u0f4a\u0f72\u0f0b\u0f66\u0f72\u0f0b\u0f62\u0f92\u0fb1\u0f63\u0f0b\u0f61\u0f7c\u0f44\u0f66\u0f0b\u0f42\u0fb3\u0f72\u0f44\u0f0b\u0f42\u0f60\u0f72\u0f0b\u0f63\u0f9f\u0f0b\u0f66\u0f90\u0f7c\u0f62\u0f0b\u0f66\u0f0b\u0f58\u0f0b\u0f53\u0f0b\u0f42\u0fb2\u0f74\u0f0b\u0f41\u0f0b\u0f63\u0f66\u0f0b"},"content":{"rendered":"<div class=\"vc_row wpb_row vc_row-fluid\" ><div class=\"wpb_column vc_column_container vc_col-sm-12\"><div class=\"vc_column-inner\"><div class=\"wpb_wrapper\">[mkdf_section_title title_tag=\u00bb\u00bb disable_break_words=\u00bbno\u00bb subtitle_tag=\u00bb\u00bb title=\u00bbLos Haitises National Park Boat Tour\u00bb subtitle=\u00bbJust Los Haitises National Park\u00bb]<\/div><\/div><\/div><\/div><div class=\"vc_row wpb_row vc_row-fluid\" ><div class=\"wpb_column vc_column_container vc_col-sm-12\"><div class=\"vc_column-inner\"><div class=\"wpb_wrapper\"><div class=\"vc_btn3-container vc_btn3-inline\" ><button class=\"vc_general vc_btn3 vc_btn3-size-md vc_btn3-shape-rounded vc_btn3-style-modern vc_btn3-color-green\">\u0f51\u0f0b\u0f63\u0f9f\u0f7c\u0f0b\u0f51\u0f7a\u0f56\u0f0b\u0f56\u0f59\u0f74\u0f42\u0f66\u0f0d<\/button><\/div>\n\t<div class=\"wpb_text_column wpb_content_element\" >\n\t\t<div class=\"wpb_wrapper\">\n\t\t\t<h4><b><i>\u0f66\u0fa4\u0fb1\u0f72\u0f62\u0f0b\u0f56\u0f66\u0fa1\u0f7c\u0f58\u0f66\u0f0d <\/i><\/b><\/h4>\n<p>Visit just Los Haitises National park starting from Saman\u00e1 Port.\u00a0 Come with us and visit the most beautiful national park of the Dominican Republic, Visiting Mangroves, Caves and San Lorenzo Bay plus crossing the gorgeous Saman\u00e1 bay. Then Back to Saman\u00e1 port.<\/p>\n<p>After this experience, you will get Back to Saman\u00e1 port.<\/p>\n<ul>\n<li style=\"font-weight: 400;\">Fees included<\/li>\n<li style=\"font-weight: 400;\"><span style=\"font-weight: 400;\">The guide provides instruction and Supervision<\/span><\/li>\n<\/ul>\n<p>&nbsp;<\/p>\n<h4><b>\u0f56\u0f59\u0f74\u0f42\u0f66\u0f0b\u0f53\u0f72\u0f0b\u0f51\u0f44\u0f0b \u0f55\u0fb1\u0f72\u0f62\u0f0b\u0f60\u0f50\u0f7a\u0f53\u0f0d<\/b><\/h4>\n<p>&nbsp;<\/p>\n<p><b>\u0f5a\u0f74\u0f51\u0f0b\u0f5a\u0f74\u0f63\u0f0d<\/b><\/p>\n<p>&nbsp;<\/p>\n<ol>\n<li style=\"font-weight: 400;\">Los Haitises Tour + Caves and Pictographs<\/li>\n<li style=\"font-weight: 400;\"><span style=\"font-weight: 400;\">\u0f41\u0fb2\u0f63\u0f0b\u0f51\u0f44\u0f0b\u0f60\u0f50\u0f74\u0f66\u0f0b\u0f51\u0f44\u0f0b\u0f60\u0f5b\u0f72\u0f53\u0f0b\u0f66\u0f90\u0fb1\u0f7c\u0f44\u0f0b\u0f42\u0f72\u0f0b\u0f60\u0f50\u0f74\u0f66\u0f0b\u0f46\u0f0b\u0f58\u0f49\u0f58\u0f0d<\/span><\/li>\n<li style=\"font-weight: 400;\"><span style=\"font-weight: 400;\">Local taxes<\/span><\/li>\n<li style=\"font-weight: 400;\"><span style=\"font-weight: 400;\">Beverages<\/span><\/li>\n<li style=\"font-weight: 400;\"><span style=\"font-weight: 400;\">All activities<\/span><\/li>\n<li style=\"font-weight: 400;\"><span style=\"font-weight: 400;\">Local guide<\/span><\/li>\n<\/ol>\n<p><b> \u0f55\u0fb1\u0f72\u0f62\u0f0b\u0f60\u0f50\u0f7a\u0f53\u0f0b\u0f5a\u0f74\u0f0d<\/b><\/p>\n<ol>\n<li style=\"font-weight: 400;\"><span style=\"font-weight: 400;\">\u0f42\u0f5f\u0f7a\u0f44\u0f66\u0f0b\u0f62\u0f9f\u0f42\u0f66\u0f0d<\/span><\/li>\n<li style=\"font-weight: 400;\"><span style=\"font-weight: 400;\">Transfer<\/span><\/li>\n<li style=\"font-weight: 400;\"><span style=\"font-weight: 400;\">Alcoholic Drinks<\/span><\/li>\n<li>Lunch Not Included, For lunch include picking one of these trips:\u00a0 <a href=\"https:\/\/www.ticketswhales.com\/tour\/los-haitises-national-park-tour-from-samana-port\/\" target=\"_blank\" rel=\"noopener\">Los Haitises + Cayo Levantado<\/a> from Saman\u00e1 Port or<a href=\"https:\/\/www.ticketswhales.com\/tour\/los-haitises-national-park-lunch-at-cano-hondo-from-samana-port\/\" target=\"_blank\" rel=\"noopener\"><em><strong> Los Haitises + Cano Hondo from Samana Port.<\/strong><\/em><\/a><\/li>\n<\/ol>\n<p>&nbsp;<\/p>\n<h4><em><strong>\u0f60\u0f42\u0fb2\u0f7c\u0f0b\u0f60\u0f42\u0fb2\u0f74\u0f63\u0f0b\u0f51\u0f44\u0f0b\u0f63\u0f7c\u0f42\u0f0b\u0f60\u0f42\u0fb2\u0f7c\u0f0d<\/strong><\/em><\/h4>\n<p><span style=\"font-weight: 400;\">\u0f60\u0f42\u0fb2\u0f74\u0f63\u0f0b\u0f54\u0f0b\u0f60\u0f51\u0f72\u0f0b \u0f56\u0f40\u0f42\u0f0b\u0f46\u0f0b\u0f60\u0f56\u0f51\u0f0b\u0f53\u0f72\u0f60\u0f72\u0f0b\u0f56\u0fb1\u0f0b\u0f62\u0f72\u0f58\u0f0b\u0f42\u0fb1\u0f72\u0f0b\u0f64\u0f74\u0f63\u0f0b\u0f63\u0f66\u0f0b \u0f60\u0f5b\u0f7c\u0f58\u0f66\u0f0b\u0f66\u0f60\u0f72\u0f0b\u0f66\u0f0b\u0f66\u0f92\u0f7c\u0f0b\u0f45\u0f72\u0f42\u0f0b\u0f50\u0f7c\u0f56\u0f0b\u0f60\u0f7c\u0f44\u0f0b\u0f0d \u0f63\u0f9f\u0f0b\u0f56\u0f64\u0f63\u0f0b\u0f60\u0f42\u0f7c\u0f0b\u0f56\u0f59\u0f74\u0f42\u0f66\u0f0b\u0f4f\u0f7a\u0f0b \u0f44\u0f0b\u0f56\u0f45\u0f66\u0f0b\u0f40\u0fb1\u0f72\u0f0b\u0f5e\u0f63\u0f0b\u0f60\u0f5b\u0f7c\u0f58\u0f66\u0f0b\u0f66\u0f0b\u0f41\u0f7c\u0f44\u0f66\u0f0b\u0f5a\u0f74\u0f0b\u0f53\u0f44\u0f0b \u0f58\u0f47\u0f74\u0f42\u0f0b\u0f56\u0f66\u0fa1\u0f74\u0f0b\u0f61\u0f7c\u0f51\u0f54\u0f0b\u0f68\u0f72\u0f53\u0f0d<\/span><\/p>\n<p>&nbsp;<\/p>\n<h4><b><i>\u0f42\u0f0b\u0f45\u0f72\u0f0b\u0f62\u0f7a\u0f0b\u0f56\u0f0b\u0f56\u0f66\u0f90\u0fb1\u0f7a\u0f51\u0f54\u0f0b\u0f66\u0fa8\u0f7c?<\/i><\/b><\/h4>\n<p>&nbsp;<\/p>\n<p><em><strong>Get your tickets<\/strong><\/em> for visiting Los Haitises National Park with a wonderful lunch at Ca\u00f1o Hondo and Swimming at the Natural Springs.<\/p>\n<p>Starting from Saman\u00e1 port onboard of a Boat or Catamaran with a Local tour guide we pass Saman\u00e1 bay to Sabana de la Mar side to Visit one of the most beautiful national parks of the Dominican Republic. <em><strong>The Haitises National Park<\/strong><\/em>.<\/p>\n<p>Visiting Island with birds around. In the nesting season, we can even see the Pelicans chicks on the nests. Getting more inside of the rocky Island and visiting the Caves with pictographs and petrographs from the indigenous people.<\/p>\n<p>The tour, organized by \u00abBooking Adventures\u00bb starts at the meeting point set with the Tour Guide. Come with Booking Adventures and start checking some bird-filled mangroves, rolling hills of lush vegetation and caves of <em><strong>Los Haitises National Park<\/strong><\/em>.<\/p>\n<p>Through the mangroves and Land at the open San Lorenzo Bay, from where you can photograph the rugged forest landscape. Look to the water to spot <em><strong>Manatees<\/strong><\/em>, crustaceans, and <em><strong>dolphins.<\/strong><\/em><\/p>\n<div class=\"body-description secondary\">\n<p>The national park\u2019s name comes from its original inhabitants, the Taino Indians. In their language \u201cHaitises\u201d translates to highlands or Hills, a reference to the coastline\u2019s steep geological formations with Limestones. Aventure deeper into the park to explore caves such as the <em><strong>Cueva de la Arena<\/strong><\/em> \u0f51\u0f44\u0f0c <strong><em>Cueva de la L\u00ednea.<\/em><\/strong> Caves in the reserve were used as shelter by the Taino Indians and, later, by hiding pirates. Look for drawings by Indians that decorate some of the walls. After visiting Los Haitises National Park we will go back to Saman\u00e1 port passing Saman\u00e1 bay 30 min.<\/p>\n<\/div>\n<p>In Case you will like this trip longer we have these options:<\/p>\n<ol>\n<li><a href=\"https:\/\/www.ticketswhales.com\/tour\/los-haitises-national-park-tour-from-samana-port\/\" target=\"_blank\" rel=\"noopener\">Los Haitises + Cayo Levantado from Samana Port.<\/a><\/li>\n<li><a href=\"https:\/\/www.ticketswhales.com\/tour\/los-haitises-national-park-lunch-at-cano-hondo-from-samana-port\/\" target=\"_blank\" rel=\"noopener\">Los Haitises + Cano Hondo from Samana Port.<\/a><\/li>\n<\/ol>\n<p>&nbsp;<\/p>\n<h4><em><strong>\u0f42\u0f0b\u0f45\u0f72\u0f0b\u0f60\u0f56\u0f42\u0f0b\u0f60\u0f7c\u0f44\u0f0b\u0f51\u0f42\u0f7c\u0f54\u0f0b\u0f66\u0fa8\u0f7c?<\/strong><\/em><\/h4>\n<ul>\n<li style=\"font-weight: 400;\"><span style=\"font-weight: 400;\">\u0f54\u0f62\u0f0b\u0f46\u0f66\u0f0d<\/span><\/li>\n<li style=\"font-weight: 400;\"><span style=\"font-weight: 400;\">\u0f55\u0fb1\u0f72\u0f62\u0f0b\u0f60\u0f56\u0f74\u0f51\u0f0b\u0f58\u0fb1\u0f74\u0f0b\u0f42\u0f74\u0f0d<\/span><\/li>\n<li style=\"font-weight: 400;\"><span style=\"font-weight: 400;\">\u0f49\u0f72\u0f0b\u0f42\u0f51\u0f74\u0f42\u0f66\u0f0d<\/span><\/li>\n<li style=\"font-weight: 400;\"><span style=\"font-weight: 400;\">\u0f5e\u0fad\u0f58\u0f0d<\/span><\/li>\n<li style=\"font-weight: 400;\"><span style=\"font-weight: 400;\">\u0f56\u0f51\u0f7a\u0f0b\u0f56\u0f60\u0f72\u0f0b\u0f42\u0f7c\u0f66\u0f0b\u0f50\u0f74\u0f44\u0f0b\u0f0d<\/span><\/li>\n<li style=\"font-weight: 400;\"><span style=\"font-weight: 400;\">Hiking shoes for forest<\/span><\/li>\n<li style=\"font-weight: 400;\"><span style=\"font-weight: 400;\">Sandals to the Spring areas.<\/span><\/li>\n<li style=\"font-weight: 400;\"><span style=\"font-weight: 400;\">\u0f46\u0f74\u0f0b\u0f62\u0f90\u0fb1\u0f63\u0f0b\u0f42\u0fb1\u0f7c\u0f53\u0f0b\u0f46\u0f66\u0f0d<\/span><\/li>\n<\/ul>\n<p>&nbsp;<\/p>\n<h4><b><i>\u0f5f\u0f0b\u0f41\u0f44\u0f0b\u0f53\u0f44\u0f0b\u0f60\u0f50\u0f74\u0f0b\u0f53\u0f72\u0f0d <\/i><\/b><\/h4>\n<p><span style=\"font-weight: 400;\">\u0f63\u0f9f\u0f0b\u0f66\u0f90\u0f7c\u0f62\u0f0b\u0f60\u0f51\u0f72\u0f0b\u0f42\u0f72\u0f0b\u0f51\u0f7c\u0f53\u0f0b\u0f63\u0f74\u0f0b \u0f5f\u0f0b\u0f41\u0f44\u0f0b\u0f53\u0f44\u0f0b \u0f60\u0f56\u0f42\u0f0b\u0f60\u0f7c\u0f44\u0f0b\u0f53\u0f72\u0f0b\u0f58\u0f7a\u0f51\u0f0d <\/span><\/p>\n<p>&nbsp;<\/p>\n<p><b>\u0f5f\u0f72\u0f53\u0f0c\u0f50\u0f7c:<\/b><span style=\"font-weight: 400;\"> If you are booking within 24 hours of the tour\/Excursion departure time, we can arrangements hotel pick-up with extra Charges. Once your purchase is complete, we will send you complete contact information (phone number, email address, etc.) for our local Tour guide to organize pick-up arrangements.<\/span><\/p>\n<h4><b><i>\u0f56\u0f62\u0fa1\u0f0b\u0f51\u0f7c\u0f53\u0f0b\u0f41\u0f0b\u0f66\u0f90\u0f7c\u0f44\u0f0b\u0f56\u0f51\u0f7a\u0f53\u0f0b\u0f51\u0f54\u0f44\u0f0b\u0f0d <\/i><\/b><\/h4>\n<ol>\n<li>\u0f56\u0f63\u0f9f\u0f0b\u0f56\u0f64\u0f63\u0f0b\u0f60\u0f51\u0f72\u0f0b\u0f66\u0fa4\u0fb2\u0f7c\u0f51\u0f0b\u0f5a\u0f62\u0f0b\u0f56\u0f60\u0f72\u0f0b\u0f64\u0f74\u0f63\u0f0b\u0f63\u0f66\u0f0b \u0f64\u0f7c\u0f42\u0f0b\u0f60\u0f5b\u0f72\u0f53\u0f0b\u0f5a\u0f74\u0f0b\u0f68\u0f72\u0f53\u0f0d \u0f41\u0fb1\u0f7c\u0f51\u0f0b\u0f40\u0fb1\u0f72\u0f66\u0f0b\u0f41\u0f0b\u0f54\u0f62\u0f0b\u0f53\u0f44\u0f0b\u0f63\u0f74\u0f0b \u0f51\u0f44\u0f74\u0f63\u0f0b\u0f66\u0fa4\u0fb2\u0f7c\u0f51\u0f0b\u0f58\u0f72\u0f0b\u0f60\u0f51\u0f72\u0f0b\u0f66\u0f9f\u0f7c\u0f53\u0f0b\u0f5a\u0f74\u0f42\u0f66\u0f0d<\/li>\n<li style=\"font-weight: 400;\"><span style=\"font-weight: 400;\">\u0f5e\u0f63\u0f0b\u0f60\u0f5b\u0f7c\u0f58\u0f66\u0f0b\u0f66\u0f0b\u0f5a\u0f72\u0f42\u0f66\u0f0b\u0f60\u0f51\u0f72\u0f0b \u0f56\u0f40\u0f42\u0f0b\u0f46\u0f0b\u0f60\u0f56\u0f51\u0f0b\u0f53\u0f72\u0f60\u0f72\u0f0b\u0f56\u0fb1\u0f0b\u0f62\u0f72\u0f58\u0f0b\u0f42\u0fb1\u0f72\u0f0b\u0f64\u0f74\u0f63\u0f0b\u0f63\u0f66\u0f0b \u0f50\u0f7c\u0f56\u0f0b\u0f60\u0f7c\u0f44\u0f0b\u0f0d<\/span><\/li>\n<li style=\"font-weight: 400;\"><span style=\"font-weight: 400;\">\u0f68\u0f0b\u0f63\u0f7c\u0f0b\u0f5a\u0f74\u0f0b \u0f58\u0f72\u0f0b\u0f62\u0f92\u0f66\u0f0b\u0f64\u0f7c\u0f66\u0f0b\u0f45\u0f72\u0f42\u0f0b\u0f51\u0f44\u0f0b\u0f42\u0f45\u0f72\u0f42\u0f0b\u0f41\u0f62\u0f0b \u0f60\u0f42\u0fb1\u0f7c\u0f0b\u0f51\u0f42\u0f7c\u0f0d<\/span><\/li>\n<li style=\"font-weight: 400;\"><span style=\"font-weight: 400;\"> Not wheelchair accessible <\/span><\/li>\n<li style=\"font-weight: 400;\"><span style=\"font-weight: 400;\">\u0f58\u0f0b\u0f60\u0f56\u0fb1\u0f62\u0f0b\u0f5a\u0f74\u0f0b \u0f58\u0f42\u0f74\u0f0b\u0f4f\u0f7c\u0f0b\u0f42\u0f74\u0f0b\u0f66\u0fa1\u0f7c\u0f51\u0f0b\u0f51\u0f42\u0f7c\u0f0d <\/span><\/li>\n<li style=\"font-weight: 400;\"><span style=\"font-weight: 400;\">Not recommended for travelers with back problems<\/span><\/li>\n<li style=\"font-weight: 400;\"><span style=\"font-weight: 400;\">Not recommended for pregnant travelers <\/span><\/li>\n<li style=\"font-weight: 400;\"><span style=\"font-weight: 400;\"> No heart problems or other serious medical conditions <\/span><\/li>\n<li style=\"font-weight: 400;\"><span style=\"font-weight: 400;\">\u0f60\u0f42\u0fb2\u0f74\u0f63\u0f0b\u0f54\u0f0b\u0f58\u0f44\u0f0b\u0f64\u0f7c\u0f66\u0f0b\u0f40\u0fb1\u0f72\u0f66\u0f0b\u0f56\u0f45\u0f60\u0f0b\u0f58\u0f62\u0f0b\u0f42\u0f4f\u0f7c\u0f42\u0f66\u0f0b\u0f50\u0f74\u0f56\u0f0d<\/span><\/li>\n<\/ol>\n<h4><b><i>\u0f46\u0f0b\u0f58\u0f7a\u0f51\u0f0b\u0f42\u0f4f\u0f44\u0f0b\u0f53\u0f72\u0f60\u0f72\u0f0b\u0f66\u0fb2\u0f72\u0f51\u0f0b\u0f56\u0fb1\u0f74\u0f66\u0f0d<\/i><\/b><\/h4>\n<p>For a full refund, please read our Cancellations policies\u00a0<a href=\"https:\/\/www.ticketswhales.com\/online-booking\/\" target=\"_blank\" rel=\"noopener\" data-saferedirecturl=\"https:\/\/www.google.com\/url?q=https:\/\/www.ticketswhales.com\/online-booking\/&amp;source=gmail&amp;ust=1672529771100000&amp;usg=AOvVaw2NIGJBZ0qjB5RhPUl5Obc7\">Click here<\/a>. Funds will be lost if the reservation is cancelled the same day of the trip.<\/p>\n\n\t\t<\/div>\n\t<\/div>\n<\/div><\/div><\/div><\/div><div class=\"vc_row wpb_row vc_row-fluid\" ><\/div><div class=\"wpb_column vc_column_container vc_col-sm-12\"><div class=\"vc_column-inner\"><div class=\"wpb_wrapper\"><\/div><\/div><\/div><div class=\"vc_empty_space\"   style=\"height: 32px\"><span class=\"vc_empty_space_inner\"><\/span><\/div><div class=\"vc_empty_space\"   style=\"height: 32px\"><span class=\"vc_empty_space_inner\"><\/span><\/div><div class=\"vc_row wpb_row vc_row-fluid\" ><div class=\"wpb_column vc_column_container vc_col-sm-12\"><div class=\"vc_column-inner\"><div class=\"wpb_wrapper\"><div class=\"vc_btn3-container vc_btn3-inline\" ><button class=\"vc_general vc_btn3 vc_btn3-size-md vc_btn3-shape-rounded vc_btn3-style-modern vc_btn3-color-green\">\u0f51\u0f0b\u0f63\u0f9f\u0f7c\u0f0b\u0f51\u0f7a\u0f56\u0f0b\u0f56\u0f59\u0f74\u0f42\u0f66\u0f0d<\/button><\/div><\/div><\/div><\/div><\/div>","protected":false},"excerpt":{"rendered":"<p><span style=\"vertical-align: inherit;\"><span style=\"vertical-align: inherit;\">Viaje ecol\u00f3gico al Parque Nacional Los Haitises con un gu\u00eda tur\u00edstico local. <\/span><span style=\"vertical-align: inherit;\">Visitando los Cayos en el Parque Nacional Los Haitises, Manglares, Vegetaci\u00f3n, Observaci\u00f3n de aves, Cuevas, Pictogramas y las \u00e1reas hist\u00f3ricas de Sabana de la Mar en el Parque Nacional Los Haitises.<\/span><\/span><\/p>\n<p>&nbsp;<\/p>\n<p><em><strong><span style=\"vertical-align: inherit;\"><span style=\"vertical-align: inherit;\">Seleccione la fecha para el tour\u00a0<\/span><\/span><\/strong><\/em><\/p>","protected":false},"featured_media":11651,"template":"","meta":[],"product_brand":[],"product_cat":[571,566,119,120,98,121],"product_tag":[132,133,142,147,148,143],"class_list":{"0":"post-11632","1":"product","2":"type-product","3":"status-publish","4":"has-post-thumbnail","6":"product_cat-1-samana","7":"product_cat-boat-trip-los-haitises","8":"product_cat-caves","9":"product_cat-fees-entrace","10":"product_cat-local-tour-guides","11":"product_cat-mangroves","12":"product_tag-los-haitises","13":"product_tag-los-haitises-national-park","14":"product_tag-samana","15":"product_tag-samana-bay","16":"product_tag-samana-excursions","17":"product_tag-samana-tours","19":"first","20":"instock","21":"sale","22":"sold-individually","23":"shipping-taxable","24":"product-type-external"},"_links":{"self":[{"href":"https:\/\/parador.haitises.com\/dz\/wp-json\/wp\/v2\/product\/11632","targetHints":{"allow":["GET"]}}],"collection":[{"href":"https:\/\/parador.haitises.com\/dz\/wp-json\/wp\/v2\/product"}],"about":[{"href":"https:\/\/parador.haitises.com\/dz\/wp-json\/wp\/v2\/types\/product"}],"wp:featuredmedia":[{"embeddable":true,"href":"https:\/\/parador.haitises.com\/dz\/wp-json\/wp\/v2\/media\/11651"}],"wp:attachment":[{"href":"https:\/\/parador.haitises.com\/dz\/wp-json\/wp\/v2\/media?parent=11632"}],"wp:term":[{"taxonomy":"product_brand","embeddable":true,"href":"https:\/\/parador.haitises.com\/dz\/wp-json\/wp\/v2\/product_brand?post=11632"},{"taxonomy":"product_cat","embeddable":true,"href":"https:\/\/parador.haitises.com\/dz\/wp-json\/wp\/v2\/product_cat?post=11632"},{"taxonomy":"product_tag","embeddable":true,"href":"https:\/\/parador.haitises.com\/dz\/wp-json\/wp\/v2\/product_tag?post=11632"}],"curies":[{"name":"wp","href":"https:\/\/api.w.org\/{rel}","templated":true}]}}