{"id":11667,"date":"2023-10-04T07:40:09","date_gmt":"2023-10-04T07:40:09","guid":{"rendered":"http:\/\/parador.haitises.com\/?post_type=product&#038;p=11667"},"modified":"2023-10-04T07:40:23","modified_gmt":"2023-10-04T07:40:23","slug":"quatre-aventures-parachute-ascensionnel-plongee-en-apnee-croisiere-requins-raies-dans-les-piscines-naturelles-de-punta-cana","status":"publish","type":"product","link":"https:\/\/parador.haitises.com\/fr\/prive\/quatre-aventures-parachute-ascensionnel-plongee-en-apnee-croisiere-requins-raies-dans-les-piscines-naturelles-de-punta-cana\/","title":{"rendered":"Quatre aventures\u00a0: parachute ascensionnel, croisi\u00e8re en apn\u00e9e, requins et raies dans les piscines naturelles de Punta Cana"},"content":{"rendered":"<div class=\"vc_row wpb_row vc_row-fluid\" ><div class=\"wpb_column vc_column_container vc_col-sm-12\"><div class=\"vc_column-inner\"><div class=\"wpb_wrapper\">[mkdf_section_title title_tag=\u00bb\u00bb disable_break_words=\u00bbno\u00bb subtitle_tag=\u00bb\u00bb text_font_weight=\u00bb\u00bb title=\u00bbFour Adventures: Parasailing, Snorkeling Cruise, Sharks &amp; Rays in Natural Pools from Punta Cana\u00bb subtitle=\u00bbFrom Punta Cana Hotels\u00bb text=\u00bbNote: This tour starts at different times between 7: 00 AM until 4: 00 Pm. Also, you are allowed to see Dolphin but not Swimming with Dolphins. Depending on where is the Pickup Hotels Time may Change. Extras cost for Pick up in Areas not listed in Our Description.\u00bb]<\/div><\/div><\/div><\/div><div class=\"vc_row wpb_row vc_row-fluid\" ><div class=\"wpb_column vc_column_container vc_col-sm-12\"><div class=\"vc_column-inner\"><div class=\"wpb_wrapper\"><div class=\"vc_empty_space\"   style=\"height: 32px\"><span class=\"vc_empty_space_inner\"><\/span><\/div><\/div><\/div><\/div><\/div><div class=\"vc_row wpb_row vc_row-fluid\" ><div class=\"wpb_column vc_column_container vc_col-sm-12\"><div class=\"vc_column-inner\"><div class=\"wpb_wrapper\"><div class=\"vc_btn3-container vc_btn3-inline\" ><button class=\"vc_general vc_btn3 vc_btn3-size-md vc_btn3-shape-rounded vc_btn3-style-modern vc_btn3-color-green\">R\u00c9SERVEZ MAINTENANT<\/button><\/div>\n\t<div class=\"wpb_text_column wpb_content_element\" >\n\t\t<div class=\"wpb_wrapper\">\n\t\t\t<h4><b><i>Vue d'ensemble <\/i><\/b><\/h4>\n<div>\n<p>Experience the thrill of four adventures in one with this epic tour from Punta Cana. Relax aboard a double-decker catamaran, discover wonders of the sea, and enjoy close encounters with marine life. You&#8217;ll snorkel in a spectacular barrier reef surrounded by tropical fish and experience the fun of an interactive marine show complete with sharks and stingrays. This popular tour option includes unlimited drinks on the best party boat around and is perfect for fun with family and friends. After you get a taste of life underwater, explore it from above with a thrilling parasail 500 feet above the surface of the water!<\/p>\n<\/div>\n<ul class=\"vcs-highlights\">\n<li>Choix de plusieurs d\u00e9parts dans la journ\u00e9e<\/li>\n<li>For sea lovers<\/li>\n<li>Profitez de fantastiques vues a\u00e9riennes<\/li>\n<li>Familial<\/li>\n<li>Prise en charge \u00e0 un point de rencontre central<\/li>\n<li>Exp\u00e9rience romantique, parfaite pour les couples<\/li>\n<\/ul>\n<p>&nbsp;<\/p>\n<h4><b>Inclusions et exclusions<\/b><\/h4>\n<p>&nbsp;<\/p>\n<p><b>Inclusions<\/b><\/p>\n<p>&nbsp;<\/p>\n<ol>\n<li>Excursion en parachute ascensionnel<\/li>\n<li>Snorkeling Cruise, Sharks &amp; Rays in Natural Pools<\/li>\n<li>Prise en charge en bus depuis votre h\u00f4tel<\/li>\n<li style=\"font-weight: 400;\"><span style=\"font-weight: 400;\">Toutes les taxes, tous les frais et tous les frais de gestion<\/span><\/li>\n<li style=\"font-weight: 400;\"><span style=\"font-weight: 400;\">Imp\u00f4ts locaux<\/span><\/li>\n<li style=\"font-weight: 400;\"><span style=\"font-weight: 400;\">Boissons<\/span><\/li>\n<\/ol>\n<p><b> Exclusions<\/b><\/p>\n<ol>\n<li style=\"font-weight: 400;\"><span style=\"font-weight: 400;\">Pourboires<\/span><\/li>\n<li>D\u00e9jeuner<\/li>\n<\/ol>\n<p>&nbsp;<\/p>\n<h4><em><strong>D\u00e9part et retour<\/strong><\/em><\/h4>\n<p><span style=\"font-weight: 400;\">Le voyageur obtiendra un point de rencontre apr\u00e8s le processus de r\u00e9servation. Les circuits commencent et se terminent \u00e0 nos points de rencontre.<\/span><\/p>\n<p>&nbsp;<\/p>\n<h4><b><i>\u00c0 quoi s'attendre ?<\/i><\/b><\/h4>\n<p>Travel in air-conditioned comfort from your Punta Cana hotel to a beautiful double-decker catamaran and journey into the stunning beauty of Punta Cana with an expert crew. Tour the Bavaro Beach and snorkel through coral reefs and tropical fish under the supervision of professional divers.\u00a0 Next, make your way to a marine park where you&#8217;ll have a close encounter with stingrays and docile sharks. Swim and snorkel surrounded by these giant creatures and gain deeper insight from your team of guides.<\/p>\n<p>Then you&#8217;ll\u00a0enjoy time at a refreshing natural pool where you&#8217;ll swim and relax with a cold beer in hand. Tuck into treats from a floating bar and listen in as a local DJ pumps beats in this incredible island setting.<\/p>\n<p>Experience the excitement of the crystal clear waters in the ocean with games, drinks and entertainment.\u00a0 Your tour concludes with an epic parasailing adventure from the Cortesito Beach. After a safety overview you&#8217;ll fly sky high above the stunning blue waters and take in incredible tropical views while you soar through paradise. You&#8217;ll be safely returned to shore before heading back to your hotel with your transport.<\/p>\n<p><strong>Calendrier :<\/strong><\/p>\n<p>7:00 AM &#8211; 4:00 PM&#8230; Time change depending on were in Punta Cana you are located. Contact us to set the time.<\/p>\n<p>&nbsp;<\/p>\n<h4><em><strong>Que faut-il apporter ?<\/strong><\/em><\/h4>\n<ul>\n<li style=\"font-weight: 400;\"><span style=\"font-weight: 400;\">Appareil photo<\/span><\/li>\n<li style=\"font-weight: 400;\"><span style=\"font-weight: 400;\">Bourgeons r\u00e9pulsifs<\/span><\/li>\n<li style=\"font-weight: 400;\"><span style=\"font-weight: 400;\">cr\u00e8me solaire<\/span><\/li>\n<li style=\"font-weight: 400;\"><span style=\"font-weight: 400;\">Chapeau<\/span><\/li>\n<li style=\"font-weight: 400;\"><span style=\"font-weight: 400;\">Pantalon confortable<\/span><\/li>\n<li style=\"font-weight: 400;\"><span style=\"font-weight: 400;\">Chaussures de randonn\u00e9e pour la for\u00eat<\/span><\/li>\n<li style=\"font-weight: 400;\"><span style=\"font-weight: 400;\">Des sandales pour la plage<\/span><\/li>\n<li style=\"font-weight: 400;\"><span style=\"font-weight: 400;\">V\u00eatements de bain<\/span><\/li>\n<li>Argent liquide pour les souvenirs<\/li>\n<\/ul>\n<p>&nbsp;<\/p>\n<h4><b><i>H\u00f4tel Pickup <\/i><\/b><\/h4>\n<p><span style=\"font-weight: 400;\">La prise en charge des voyageurs est offerte !<\/span><\/p>\n<p><span style=\"font-weight: 400;\">Nous venons vous chercher dans tous les h\u00f4tels de Punta Cana. Le lieu de prise en charge est le hall d'entr\u00e9e de l'h\u00f4tel<br \/>\nSi vous s\u00e9journez dans un condo de la r\u00e9gion, nous viendrons vous chercher au condo ou \u00e0 l'entr\u00e9e du complexe h\u00f4telier le plus proche... Nous organisons le ramassage en nous contactant par Whatsapp.<\/span><\/p>\n<p><b>Remarque :<\/b><span style=\"font-weight: 400;\"> Si vous r\u00e9servez dans les 24 heures pr\u00e9c\u00e9dant l'heure de d\u00e9part de la visite\/excursion, nous pouvons organiser la prise en charge \u00e0 l'h\u00f4tel. Une fois votre achat effectu\u00e9, nous vous enverrons les coordonn\u00e9es compl\u00e8tes (num\u00e9ro de t\u00e9l\u00e9phone, adresse \u00e9lectronique, etc.) de notre guide local pour organiser la prise en charge.<\/span><\/p>\n<h4><b><i>Informations compl\u00e9mentaires Confirmation <\/i><\/b><\/h4>\n<ol>\n<li>Les billets sont le re\u00e7u apr\u00e8s le paiement de cette tourn\u00e9e. Vous pouvez montrer le paiement sur votre t\u00e9l\u00e9phone.<\/li>\n<li style=\"font-weight: 400;\"><span style=\"font-weight: 400;\">Le point de rencontre sera communiqu\u00e9 apr\u00e8s le processus de r\u00e9servation.<\/span><\/li>\n<li style=\"font-weight: 400;\"><span style=\"font-weight: 400;\">Les enfants doivent \u00eatre accompagn\u00e9s d'un adulte.<\/span><\/li>\n<li style=\"font-weight: 400;\"><span style=\"font-weight: 400;\">accessible en fauteuil roulant <\/span><\/li>\n<li style=\"font-weight: 400;\"><span style=\"font-weight: 400;\">Les enfants en bas \u00e2ge doivent \u00eatre assis sur les genoux <\/span><\/li>\n<li style=\"font-weight: 400;\"><span style=\"font-weight: 400;\">La plupart des voyageurs peuvent participer<\/span><\/li>\n<\/ol>\n<h4><b><i>Politique d'annulation<\/i><\/b><\/h4>\n<p>Pour un remboursement complet, veuillez lire nos politiques d'annulation.\u00a0<a href=\"https:\/\/www.ticketswhales.com\/online-booking\/\" target=\"_blank\" rel=\"noopener\" data-saferedirecturl=\"https:\/\/www.google.com\/url?q=https:\/\/www.ticketswhales.com\/online-booking\/&amp;source=gmail&amp;ust=1672532492004000&amp;usg=AOvVaw3ylqI1cdbIPTimEqEWneyd\">Cliquez ici<\/a>. Les fonds seront perdus si la r\u00e9servation est annul\u00e9e le jour m\u00eame du voyage.<\/p>\n\n\t\t<\/div>\n\t<\/div>\n<\/div><\/div><\/div><\/div><div class=\"vc_row wpb_row vc_row-fluid\" ><div class=\"wpb_column vc_column_container vc_col-sm-12\"><div class=\"vc_column-inner\"><div class=\"wpb_wrapper\">\n\t<div class=\"wpb_text_column wpb_content_element\" >\n\t\t<div class=\"wpb_wrapper\">\n\t\t\t<h4>Nous contacter ?<\/h4>\n<h5><em><strong>R\u00e9servation d'aventures<\/strong><\/em><\/h5>\n<p><em><strong>Locaux<\/strong> et <strong>Nationales<\/strong> Guides touristiques et services aux visiteurs<\/em><\/p>\n<p><span class=\"text-turquoise\">R\u00e9servations :<\/span> Tours et excursions \u00e0 Dom. Rep.<\/p>\n\n\t\t<\/div>\n\t<\/div>\n<\/div><\/div><\/div><\/div><div class=\"vc_row wpb_row vc_row-fluid\" ><\/div><div class=\"wpb_column vc_column_container vc_col-sm-12\"><div class=\"vc_column-inner\"><div class=\"wpb_wrapper\"><\/div><\/div><\/div><div class=\"vc_empty_space\"   style=\"height: 32px\"><span class=\"vc_empty_space_inner\"><\/span><\/div><div class=\"vc_empty_space\"   style=\"height: 32px\"><span class=\"vc_empty_space_inner\"><\/span><\/div><div class=\"vc_row wpb_row vc_row-fluid\" ><div class=\"wpb_column vc_column_container vc_col-sm-12\"><div class=\"vc_column-inner\"><div class=\"wpb_wrapper\"><div class=\"vc_btn3-container vc_btn3-inline\" ><button class=\"vc_general vc_btn3 vc_btn3-size-md vc_btn3-shape-rounded vc_btn3-style-modern vc_btn3-color-green\">R\u00c9SERVEZ MAINTENANT<\/button><\/div><\/div><\/div><\/div><\/div>","protected":false},"excerpt":{"rendered":"<p><span style=\"vertical-align: inherit;\"><span style=\"vertical-align: inherit;\"><span style=\"vertical-align: inherit;\"><span style=\"vertical-align: inherit;\">Parasailing en Punta Cana es una aventura incre\u00edble y una de las mejores cosas para hacer en Punta Cana. <\/span><\/span><\/span><span style=\"vertical-align: inherit;\"><span style=\"vertical-align: inherit;\"><span style=\"vertical-align: inherit;\">La costa desde 200 pies en el aire, mientras navega, es absolutamente impresionante.<\/span><\/span><\/span><\/span><\/p>\n<p><span style=\"vertical-align: inherit;\"><span style=\"vertical-align: inherit;\"><span style=\"vertical-align: inherit;\"><span style=\"vertical-align: inherit;\">El parasailing es una experiencia sencilla y divertida para todos los miembros de la familia. <\/span><\/span><\/span><span style=\"vertical-align: inherit;\"><span style=\"vertical-align: inherit;\"><span style=\"vertical-align: inherit;\">Como la principal empresa de parasailing y aventura en Rep\u00fablica Dominicana, nuestro equipo de Parasailing se encuentra entre los m\u00e1s experimentados en Punta Cana, con m\u00e1s de 16 a\u00f1os de experiencia en vuelos. <\/span><\/span><\/span><span style=\"vertical-align: inherit;\"><span style=\"vertical-align: inherit;\"><span style=\"vertical-align: inherit;\">Puede disfrutar de unos 15 minutos de vuelo mientras disfruta de la hermosa vista panor\u00e1mica.<\/span><\/span><\/span><\/span><\/p>\n<p>&nbsp;<\/p>\n<p><em><strong><span style=\"vertical-align: inherit;\"><span style=\"vertical-align: inherit;\"><span style=\"vertical-align: inherit;\"><span style=\"vertical-align: inherit;\">Seleccione la fecha para el tour\u00a0<\/span><\/span><\/span><\/span><\/strong><\/em><\/p>","protected":false},"featured_media":11158,"template":"","meta":[],"product_brand":[],"product_cat":[576,359,363,305,122,259],"product_tag":[167,364,365,366,367,360,361,141,362,368,228,369,171,370,371,372],"class_list":{"0":"post-11667","1":"product","2":"type-product","3":"status-publish","4":"has-post-thumbnail","6":"product_cat-1-punta-cana","7":"product_cat-parasaling","8":"product_cat-sharks-rays-in-natural-pools","9":"product_cat-tours-and-excursion-punta-cana","10":"product_cat-tours-and-excursions","11":"product_cat-tours-excursions-punta-cana-dominican-republic","12":"product_tag-catamaran","13":"product_tag-cheap-punta-cana-excursions","14":"product_tag-four-adventures-parasailing","15":"product_tag-natural-pool-punta-cana","16":"product_tag-natural-swimming-pool-punta-cana","17":"product_tag-parasail-punta-cana","18":"product_tag-parasailing-in-punta-cana","19":"product_tag-punta-cana","20":"product_tag-punta-cana-catamaran-party-with-snorkeling-and-parasailing","21":"product_tag-punta-cana-sharks","22":"product_tag-punta-cana-tours","23":"product_tag-rays-from-punta-cana","24":"product_tag-saona-island","25":"product_tag-sharks-rays-in-natural-pools-from-punta-cana","26":"product_tag-snorkeling-cruise","27":"product_tag-swimming-with-sharks-punta-cana","29":"first","30":"instock","31":"sale","32":"featured","33":"sold-individually","34":"shipping-taxable","35":"product-type-external"},"_links":{"self":[{"href":"https:\/\/parador.haitises.com\/fr\/wp-json\/wp\/v2\/product\/11667","targetHints":{"allow":["GET"]}}],"collection":[{"href":"https:\/\/parador.haitises.com\/fr\/wp-json\/wp\/v2\/product"}],"about":[{"href":"https:\/\/parador.haitises.com\/fr\/wp-json\/wp\/v2\/types\/product"}],"wp:featuredmedia":[{"embeddable":true,"href":"https:\/\/parador.haitises.com\/fr\/wp-json\/wp\/v2\/media\/11158"}],"wp:attachment":[{"href":"https:\/\/parador.haitises.com\/fr\/wp-json\/wp\/v2\/media?parent=11667"}],"wp:term":[{"taxonomy":"product_brand","embeddable":true,"href":"https:\/\/parador.haitises.com\/fr\/wp-json\/wp\/v2\/product_brand?post=11667"},{"taxonomy":"product_cat","embeddable":true,"href":"https:\/\/parador.haitises.com\/fr\/wp-json\/wp\/v2\/product_cat?post=11667"},{"taxonomy":"product_tag","embeddable":true,"href":"https:\/\/parador.haitises.com\/fr\/wp-json\/wp\/v2\/product_tag?post=11667"}],"curies":[{"name":"wp","href":"https:\/\/api.w.org\/{rel}","templated":true}]}}