{"id":11682,"date":"2023-10-04T07:40:10","date_gmt":"2023-10-04T07:40:10","guid":{"rendered":"http:\/\/parador.haitises.com\/?post_type=product&#038;p=11682"},"modified":"2024-03-29T02:45:55","modified_gmt":"2024-03-29T02:45:55","slug":"saona-island-private-tour-from-boca-chica-hotels-boca-chica-lobby-3","status":"publish","type":"product","link":"https:\/\/parador.haitises.com\/hr\/privatna\/saona-island-private-tour-from-boca-chica-hotels-boca-chica-lobby-3\/","title":{"rendered":"Privatni obilazak otoka Saona iz hotela Boca Chica - Lobby Boca Chica"},"content":{"rendered":"<div class=\"vc_row wpb_row vc_row-fluid\" ><div class=\"wpb_column vc_column_container vc_col-sm-12\"><div class=\"vc_column-inner\"><div class=\"wpb_wrapper\">\n\t<div class=\"wpb_text_column wpb_content_element\" >\n\t\t<div class=\"wpb_wrapper\">\n\t\t\t<h2><b><i>Privatni izlet na otok Saona\u00a0<\/i><\/b><\/h2>\n<h4><b><i>Pregled<\/i><\/b><\/h4>\n<div>Polazak brodova je s glavnog pristani\u0161ta <strong>Bayahibe<\/strong> u 9:00 sati i povratak u 17:00 sati. Ako\u00a0<b>(dodajete privatni transfer s drugih polazaka na ovo putovanje, vrijeme se mo\u017ee promijeniti)<\/b> <span style=\"font-size: 16px;\">Ovo putovanje vodi vas na najbolje pla\u017ee u <strong>otok saona<\/strong> (otok Saona) po\u010dev\u0161i od grada Bayahibe, va\u0161 ru\u010dak je na otoku i zaustavit \u0107ete se na prirodnim bazenima<strong> Nacionalni park Cotubanama<\/strong>. U\u017eivanje u prekrasnoj jugoisto\u010dnoj obali Dominikanske Republike, gdje \u0107ete nakon \u0161to uzmete brod ploviti du\u017e obale promatraju\u0107i razli\u010dite pla\u017ee, krajolike, mangrove i vapnena\u010dke formacije ovog jedinstvenog mjesta.\u00a0<\/span><\/div>\n<div>\n<p><span style=\"font-weight: 400;\">Dolazak do otoka traje oko 45 minuta i tijekom obilaska imat \u0107ete mogu\u0107nost razgledavanja <strong>Ruka Juana<\/strong>, koja je jedina zajednica osnovana na otoku, na ovom istom mjestu imate mogu\u0107nost ru\u010dka, u slu\u010daju da ne stignete do Mano Juana, Posjetit \u0107ete razli\u010dite pla\u017ee u okolici i ru\u010dak \u0107e biti na pla\u017ei, tako\u0111er \u0107ete imati priliku roniti na otoku.<\/span><\/p>\n<p><span style=\"font-weight: 400;\">Kada zavr\u0161ite svoje putovanje na razli\u010ditim lokacijama na otoku, vratit \u0107ete se na mjesto gdje \u0107ete se susresti s vodi\u010dem.<\/span><\/p>\n<ul>\n<li style=\"font-weight: 400;\"><span style=\"font-weight: 400;\">Uklju\u010duje buffet ru\u010dak na pla\u017ei.<\/span><\/li>\n<li style=\"font-weight: 400;\"><span style=\"font-weight: 400;\">prirodni bazen<\/span><\/li>\n<li style=\"font-weight: 400;\"><span style=\"font-weight: 400;\">Transfer brodom ili katamaranom<\/span><\/li>\n<li style=\"font-weight: 400;\"><span style=\"font-weight: 400;\">Kapetan daje upute i nadzor<\/span><\/li>\n<\/ul>\n<\/div>\n<p>&nbsp;<\/p>\n<h2><b>Uklju\u010divanja i isklju\u010denja<\/b><\/h2>\n<p><b>Uklju\u010divanja<\/b><\/p>\n<ol>\n<li>Izlet gliserom ili katamaranom (sve ovisi o veli\u010dini grupe)<\/li>\n<li style=\"font-weight: 400;\"><span style=\"font-weight: 400;\">Buffet ru\u010dak na pla\u017ei<\/span><\/li>\n<li>prirodni bazen<\/li>\n<li style=\"font-weight: 400;\"><span style=\"font-weight: 400;\">Svi porezi, naknade i manipulativni tro\u0161kovi<\/span><\/li>\n<li style=\"font-weight: 400;\"><span style=\"font-weight: 400;\">Lokalni porezi<\/span><\/li>\n<li style=\"font-weight: 400;\"><span style=\"font-weight: 400;\">Pi\u0107a<\/span><\/li>\n<\/ol>\n<p><b> Isklju\u010divanja<\/b><\/p>\n<ol>\n<li style=\"font-weight: 400;\"><span style=\"font-weight: 400;\">Napojnice<\/span><\/li>\n<li>Lokalni vodi\u010d<\/li>\n<\/ol>\n<p>&nbsp;<\/p>\n<h4><em><strong>Polazak &amp; Povratak<\/strong><\/em><\/h4>\n<p><span style=\"font-weight: 400;\">Imamo raspored osmi\u0161ljen da vas pokupimo i odvezemo ovisno o podru\u010dju u kojem se nalazite. <\/span><span style=\"font-weight: 400;\">Putnik \u0107e dobiti mjesto sastanka nakon procesa rezervacije. Ture po\u010dinju i zavr\u0161avaju na na\u0161im sastajali\u0161tima.<\/span><\/p>\n<p>&nbsp;<\/p>\n<h4><b><i>\u0160to o\u010dekivati?<\/i><\/b><\/h4>\n<p>&nbsp;<\/p>\n<p><em><strong>Nabavite svoje ulaznice<\/strong><\/em> za dnevnu kartu na otoku Saona (Isla Saona) u Bayahibeu plus prekrasan ru\u010dak i vrijeme na pla\u017ei.<\/p>\n<p><span style=\"font-weight: 400;\">The Day Trip, organized by \u00abBooking Adventures\u00bb starts at the meeting point set with the Tour Guide. <\/span>Ru\u010dak na pla\u017ei i mo\u017eete ostati koliko god \u017eelite kupaju\u0107i se. Ako ste vegan, tako\u0111er mo\u017eemo pripremiti hranu za vas.<\/p>\n<p>Ovo putovanje brodom po\u010dinje u Bayahibeu, ali nudimo privatni prijevoz uz dodatnu cijenu ovisno o tome gdje se grupa nalazi.<\/p>\n<p><strong>Raspored:<\/strong><\/p>\n<p>7:45 \u2013 18:00 sati<\/p>\n<p>&nbsp;<\/p>\n<h4><em><strong>\u0160to trebate ponijeti?<\/strong><\/em><\/h4>\n<ul>\n<li style=\"font-weight: 400;\"><span style=\"font-weight: 400;\">fotoaparat<\/span><\/li>\n<li style=\"font-weight: 400;\"><span style=\"font-weight: 400;\">Repelentni pupoljci<\/span><\/li>\n<li style=\"font-weight: 400;\"><span style=\"font-weight: 400;\">krema za sun\u010danje<\/span><\/li>\n<li style=\"font-weight: 400;\"><span style=\"font-weight: 400;\">\u0160e\u0161ir<\/span><\/li>\n<li style=\"font-weight: 400;\"><span style=\"font-weight: 400;\">Udobne hla\u010de<\/span><\/li>\n<li style=\"font-weight: 400;\"><span style=\"font-weight: 400;\">Planinarske cipele za \u0161umu<\/span><\/li>\n<li style=\"font-weight: 400;\"><span style=\"font-weight: 400;\">Sandale za pla\u017eu<\/span><\/li>\n<li style=\"font-weight: 400;\"><span style=\"font-weight: 400;\">Odje\u0107a za kupanje<\/span><\/li>\n<li>Gotovina za suvenire<\/li>\n<\/ul>\n<p>&nbsp;<\/p>\n<h2><b><i>Preuzimanje iz hotela za jednodnevni izlet na otok Saona<\/i><\/b><\/h2>\n<p><span style=\"font-weight: 400;\">Ovo je program koji smo postavili na temelju va\u0161ih lokacija. Recite nam koji je va\u0161 hotel i mi \u0107emo vas kontaktirati kako bismo vam rekli gdje \u0107emo se na\u0107i. Ove opcije prijenosa primjenjuju se uz nadoplatu. Ovo putovanje po\u010dinje u Bayahibeu.<\/span><\/p>\n<table style=\"height: 487px;\" width=\"420\">\n<tbody>\n<tr>\n<td><b>mjesto<\/b><\/td>\n<td><b>vrijeme<\/b><\/td>\n<\/tr>\n<tr>\n<td><b>Punta Cana<\/b><\/td>\n<td><b>7:45 ujutro<\/b><\/td>\n<\/tr>\n<tr>\n<td><b>bavarski<\/b><\/td>\n<td><b>7:30 ujutro<\/b><\/td>\n<\/tr>\n<tr>\n<td><b>Uvero Altos<\/b><\/td>\n<td><b>7:00 ujutro<\/b><\/td>\n<\/tr>\n<tr>\n<td><b>Club Med<\/b><\/td>\n<td><b>7:00 ujutro<\/b><\/td>\n<\/tr>\n<tr>\n<td><b>Boca Chica<\/b><\/td>\n<td><b>7:00 ujutro<\/b><\/td>\n<\/tr>\n<tr>\n<td><b>Santo Domingo<\/b><\/td>\n<td><b>6:40 ujutro<\/b><\/td>\n<\/tr>\n<tr>\n<td><b>Juan Hurt<\/b><\/td>\n<td><b>7:00 ujutro<\/b><\/td>\n<\/tr>\n<\/tbody>\n<\/table>\n<p>&nbsp;<\/p>\n<p><b>Bilje\u0161ka:<\/b><span style=\"font-weight: 400;\"> Ako rezervirate unutar 24 sata od vremena polaska putovanja\/izleta, mo\u017eemo organizirati prijevoz iz hotela uz dodatne tro\u0161kove. Nakon \u0161to je va\u0161a kupnja dovr\u0161ena, poslat \u0107emo vam potpune podatke za kontakt (telefonski broj, adresu e-po\u0161te, itd.) za na\u0161eg lokalnog vodi\u010da kako bismo organizirali preuzimanje.<\/span><\/p>\n<h4><b><i>Potvrda dodatnih informacija <\/i><\/b><\/h4>\n<ol>\n<li>Ulaznice su ra\u010dun nakon pla\u0107anja ovog putovanja. Uplatu mo\u017eete prikazati na svom telefonu.<\/li>\n<li style=\"font-weight: 400;\"><span style=\"font-weight: 400;\">Mjesto sastanka bit \u0107e primljeno nakon procesa rezervacije.<\/span><\/li>\n<li style=\"font-weight: 400;\"><span style=\"font-weight: 400;\">Djeca moraju biti u pratnji odrasle osobe.<\/span><\/li>\n<li style=\"font-weight: 400;\"><span style=\"font-weight: 400;\">Dostupno invalidskim kolicima <\/span><\/li>\n<li style=\"font-weight: 400;\"><span style=\"font-weight: 400;\">Dojen\u010dad moraju sjediti u krilu <\/span><\/li>\n<li style=\"font-weight: 400;\"><span style=\"font-weight: 400;\">Ve\u0107ina putnika mo\u017ee sudjelovati<\/span><\/li>\n<\/ol>\n<h4><b><i>Politika otkazivanja<\/i><\/b><\/h4>\n<p>Za potpuni povrat pro\u010ditajte na\u0161a pravila otkazivanja\u00a0<a href=\"https:\/\/www.ticketswhales.com\/online-booking\/\" target=\"_blank\" rel=\"noopener\" data-saferedirecturl=\"https:\/\/www.google.com\/url?q=https:\/\/www.ticketswhales.com\/online-booking\/&amp;source=gmail&amp;ust=1672449202351000&amp;usg=AOvVaw1yAeVAPktmaVCqDujgUn90\">Kliknite ovdje<\/a>. Sredstva \u0107e biti izgubljena ako se rezervacija otka\u017ee isti dan putovanja.<\/p>\n<p>NAPOMENA: Ako \u017eelite i\u0107i na ovu ekskurziju i \u017eelite saznati vi\u0161e detalja, mo\u017eete<a href=\"mailto:info@bookingadventures.com.do\">\u00a0kontaktirajte nas putem e-maila<\/a>l<strong>\u00a0<\/strong>ili putem na\u0161e izravne usluge chat Whatsapp na ovom broju:\u00a0<strong>+1 809-720-6035<\/strong>. Odmah \u0107emo Vam pristupiti i mo\u017eemo Vam napraviti ponudu prilago\u0111avaju\u0107i cijenu ovisno o broju osoba.<\/p>\n<p>(Zahtijevamo najmanje 4 osobe za organiziranje privatnog obilaska. Za manje ljudi mo\u017eemo organizirati polu-privatni izlet s najvi\u0161e 15 osoba).<\/p>\n<div id=\"gtx-trans\" style=\"position: absolute; left: -1px; top: 1055.03px;\">\n<div class=\"gtx-trans-icon\"><\/div>\n<\/div>\n\n\t\t<\/div>\n\t<\/div>\n<\/div><\/div><\/div><\/div><div class=\"vc_row wpb_row vc_row-fluid\" ><div class=\"wpb_column vc_column_container vc_col-sm-12\"><div class=\"vc_column-inner\"><div class=\"wpb_wrapper\"><\/div><\/div><\/div><\/div><div class=\"vc_row wpb_row vc_row-fluid\" ><div class=\"wpb_column vc_column_container vc_col-sm-12\"><div class=\"vc_column-inner\"><div class=\"wpb_wrapper\"><div class=\"vc_empty_space\"   style=\"height: 32px\"><span class=\"vc_empty_space_inner\"><\/span><\/div>\n\t<div class=\"wpb_video_widget wpb_content_element vc_clearfix   vc_video-aspect-ratio-169 vc_video-el-width-100 vc_video-align-left\" >\n\t\t<div class=\"wpb_wrapper\">\n\t\t\t<h2 class=\"wpb_heading wpb_video_heading\">Video obilasci i izleti otoka Saona:<\/h2>\n\t\t\t<div class=\"wpb_video_wrapper\"><iframe loading=\"lazy\" title=\"Otok Saola Cijeli dan uz Booking Adventures, Putovanje Dominikanska Republika\" width=\"1100\" height=\"619\" src=\"https:\/\/www.youtube.com\/embed\/sas91N4zMHo?feature=oembed\" frameborder=\"0\" allow=\"accelerometer; autoplay; clipboard-write; encrypted-media; gyroscope; picture-in-picture; web-share\" allowfullscreen><\/iframe><\/div>\n\t\t<\/div>\n\t<\/div>\n<div class=\"vc_empty_space\"   style=\"height: 32px\"><span class=\"vc_empty_space_inner\"><\/span><\/div><\/div><\/div><\/div><\/div><div class=\"vc_row wpb_row vc_row-fluid\" ><\/div><div class=\"wpb_column vc_column_container vc_col-sm-12\"><div class=\"vc_column-inner\"><div class=\"wpb_wrapper\"><\/div><\/div><\/div><div class=\"vc_empty_space\"   style=\"height: 32px\"><span class=\"vc_empty_space_inner\"><\/span><\/div><div class=\"vc_empty_space\"   style=\"height: 32px\"><span class=\"vc_empty_space_inner\"><\/span><\/div>","protected":false},"excerpt":{"rendered":"<p><span style=\"vertical-align: inherit;\"><span style=\"vertical-align: inherit;\"><span style=\"vertical-align: inherit;\"><span style=\"vertical-align: inherit;\">Dnevna karta za otok Saona iz luke Bayahibe. <\/span><\/span><\/span><span style=\"vertical-align: inherit;\"><span style=\"vertical-align: inherit;\"><span style=\"vertical-align: inherit;\">Ru\u010dak i prirodni bazeni uklju\u010deni. <\/span><\/span><\/span><span style=\"vertical-align: inherit;\"><span style=\"vertical-align: inherit;\"><span style=\"vertical-align: inherit;\">Po potrebi transfer iz bilo kojeg dijela Dominikanske Republike. <\/span><\/span><\/span><span style=\"vertical-align: inherit;\"><span style=\"vertical-align: inherit;\"><span style=\"vertical-align: inherit;\">Jednostavno nas kontaktirajte i do\u017eivimo najbolje iskustvo u Isla Saoni.<\/span><\/span><\/span><\/span><\/p>\n<p>&nbsp;<\/p>\n<p><em><strong><span style=\"vertical-align: inherit;\"><span style=\"vertical-align: inherit;\"><span style=\"vertical-align: inherit;\"><span style=\"vertical-align: inherit;\">Odaberite datum za obilazak\u00a0<\/span><\/span><\/span><\/span><\/strong><\/em><\/p>","protected":false},"featured_media":11044,"template":"","meta":[],"product_brand":[],"product_cat":[576,453,459],"product_tag":[165,166,167,168,169,455,456,170,171,172,173,457,458,175],"class_list":{"0":"post-11682","1":"product","2":"type-product","3":"status-publish","4":"has-post-thumbnail","6":"product_cat-1-punta-cana","7":"product_cat-saona-island-offers","8":"product_cat-saona-island-private-tour-from-boca-chica-hotels-boca-chica-lobby","9":"product_tag-all-inclusive-trip-to-saona-island-by-speedboat-catamaran","10":"product_tag-bayahibe","11":"product_tag-catamaran","12":"product_tag-how-to-get-to-saona-island","13":"product_tag-isla-saona","14":"product_tag-private-day-trip-saona","15":"product_tag-private-tours","16":"product_tag-saona","17":"product_tag-saona-island","18":"product_tag-saona-island-excursion","19":"product_tag-saona-island-hotels","20":"product_tag-saona-island-private","21":"product_tag-saona-island-private-tour-from-punta-cana-hotels-punta-cana-lobby","22":"product_tag-saona-island-tour","24":"first","25":"instock","26":"sale","27":"featured","28":"sold-individually","29":"shipping-taxable","30":"product-type-external"},"_links":{"self":[{"href":"https:\/\/parador.haitises.com\/hr\/wp-json\/wp\/v2\/product\/11682","targetHints":{"allow":["GET"]}}],"collection":[{"href":"https:\/\/parador.haitises.com\/hr\/wp-json\/wp\/v2\/product"}],"about":[{"href":"https:\/\/parador.haitises.com\/hr\/wp-json\/wp\/v2\/types\/product"}],"wp:featuredmedia":[{"embeddable":true,"href":"https:\/\/parador.haitises.com\/hr\/wp-json\/wp\/v2\/media\/11044"}],"wp:attachment":[{"href":"https:\/\/parador.haitises.com\/hr\/wp-json\/wp\/v2\/media?parent=11682"}],"wp:term":[{"taxonomy":"product_brand","embeddable":true,"href":"https:\/\/parador.haitises.com\/hr\/wp-json\/wp\/v2\/product_brand?post=11682"},{"taxonomy":"product_cat","embeddable":true,"href":"https:\/\/parador.haitises.com\/hr\/wp-json\/wp\/v2\/product_cat?post=11682"},{"taxonomy":"product_tag","embeddable":true,"href":"https:\/\/parador.haitises.com\/hr\/wp-json\/wp\/v2\/product_tag?post=11682"}],"curies":[{"name":"wp","href":"https:\/\/api.w.org\/{rel}","templated":true}]}}