{"id":11685,"date":"2023-10-04T07:40:10","date_gmt":"2023-10-04T07:40:10","guid":{"rendered":"http:\/\/parador.haitises.com\/?post_type=product&#038;p=11685"},"modified":"2024-03-29T15:41:09","modified_gmt":"2024-03-29T15:41:09","slug":"saona-island-private-tour-from-cap-cana-hotels-cap-cana-lobby-3","status":"publish","type":"product","link":"https:\/\/parador.haitises.com\/it\/privato\/saona-island-private-tour-from-cap-cana-hotels-cap-cana-lobby-3\/","title":{"rendered":"Saona Island Private Tour from Cap Cana Hotels- Cap Cana Lobby"},"content":{"rendered":"<div class=\"vc_row wpb_row vc_row-fluid\" ><div class=\"wpb_column vc_column_container vc_col-sm-12\"><div class=\"vc_column-inner\"><div class=\"wpb_wrapper\"><div class=\"vc_btn3-container vc_btn3-inline\" ><button class=\"vc_general vc_btn3 vc_btn3-size-md vc_btn3-shape-rounded vc_btn3-style-modern vc_btn3-color-green\">PRENOTA ORA<\/button><\/div>\n\t<div class=\"wpb_text_column wpb_content_element\" >\n\t\t<div class=\"wpb_wrapper\">\n\t\t\t<h2><b><i>Escursione privata all'isola di Saona\u00a0<\/i><\/b><\/h2>\n<h4><b><i>Panoramica<\/i><\/b><\/h4>\n<div>La partenza in barca avviene dal molo principale di <strong>Bayahibe<\/strong> alle 9:00 e ritorno alle 17:00. Se\u00a0<b>(se aggiungete un trasferimento privato da altre partenze a questo viaggio, l'orario potrebbe cambiare)<\/b> <span style=\"font-size: 16px;\">Questo viaggio vi porter\u00e0 sulle migliori spiagge di <strong>Isola di Saona<\/strong> (Isla Saona) partendo dalla citt\u00e0 di Bayahibe, pranzerete sull'isola e vi fermerete alle piscine naturali dell'isola.<strong> Parco nazionale di Cotubanama<\/strong>. Godetevi la splendida costa sud-orientale della Repubblica Dominicana, dove dopo aver preso la barca navigherete lungo la costa osservando le diverse spiagge, i paesaggi, le mangrovie e le formazioni calcaree di questo luogo unico.\u00a0<\/span><\/div>\n<div>\n<p><span style=\"font-weight: 400;\">Per raggiungere l'isola occorrono circa 45 minuti e durante il tour si avr\u00e0 la possibilit\u00e0 di vedere <strong>Mano John<\/strong>In questo stesso luogo si ha la possibilit\u00e0 di pranzare, nel caso in cui non si riesca ad arrivare a Mano Juan, si visiteranno diverse spiagge della zona e si pranzer\u00e0 sulla spiaggia; si avr\u00e0 anche la possibilit\u00e0 di fare snorkeling sull'isola.<\/span><\/p>\n<p><span style=\"font-weight: 400;\">Una volta terminato il viaggio nelle diverse localit\u00e0 dell'isola, tornerete al punto di incontro con la guida turistica.<\/span><\/p>\n<ul>\n<li style=\"font-weight: 400;\"><span style=\"font-weight: 400;\">Include il pranzo a buffet sulla spiaggia.<\/span><\/li>\n<li style=\"font-weight: 400;\"><span style=\"font-weight: 400;\">piscina naturale<\/span><\/li>\n<li style=\"font-weight: 400;\"><span style=\"font-weight: 400;\">Trasferimento in barca o catamarano<\/span><\/li>\n<li style=\"font-weight: 400;\"><span style=\"font-weight: 400;\">Il Capitano fornisce istruzione e supervisione<\/span><\/li>\n<\/ul>\n<\/div>\n<p>&nbsp;<\/p>\n<h2><b>Inclusioni ed esclusioni<\/b><\/h2>\n<p><b>Inclusioni<\/b><\/p>\n<ol>\n<li>Gita in barca o catamarano (tutto dipende dalle dimensioni del gruppo)<\/li>\n<li style=\"font-weight: 400;\"><span style=\"font-weight: 400;\">Pranzo a buffet sulla spiaggia<\/span><\/li>\n<li>piscina naturale<\/li>\n<li style=\"font-weight: 400;\"><span style=\"font-weight: 400;\">Tutte le tasse, commissioni e spese di gestione<\/span><\/li>\n<li style=\"font-weight: 400;\"><span style=\"font-weight: 400;\">Tasse locali<\/span><\/li>\n<li style=\"font-weight: 400;\"><span style=\"font-weight: 400;\">Bevande<\/span><\/li>\n<\/ol>\n<p><b> Esclusioni<\/b><\/p>\n<ol>\n<li style=\"font-weight: 400;\"><span style=\"font-weight: 400;\">Mance<\/span><\/li>\n<li>Guida locale<\/li>\n<\/ol>\n<p>&nbsp;<\/p>\n<h4><em><strong>Partenza e ritorno<\/strong><\/em><\/h4>\n<p><span style=\"font-weight: 400;\">Abbiamo un programma studiato per venirvi a prendere e riconsegnarvi in base all'area in cui vi trovate. <\/span><span style=\"font-weight: 400;\">Il viaggiatore otterr\u00e0 un punto d&#039;incontro dopo il processo di prenotazione. I tour iniziano e finiscono nei nostri punti di incontro.<\/span><\/p>\n<p>&nbsp;<\/p>\n<h4><b><i>Cosa aspettarsi?<\/i><\/b><\/h4>\n<p>&nbsp;<\/p>\n<p><em><strong>Ottieni i tuoi biglietti<\/strong><\/em> per un pass giornaliero sull&#039;isola di Saona (Isla Saona) a Bayahibe pi\u00f9 un meraviglioso pranzo e tempo in spiaggia.<\/p>\n<p><span style=\"font-weight: 400;\">The Day Trip, organized by \u00abBooking Adventures\u00bb starts at the meeting point set with the Tour Guide. <\/span>Pranzo in spiaggia e potrai restare tutto il tempo che vorrai nuotando. Se sei vegano possiamo anche prepararti del cibo.<\/p>\n<p>Questo viaggio in barca inizia a Bayahibe, ma offriamo un trasferimento privato per un costo aggiuntivo a seconda di dove si trova il gruppo.<\/p>\n<p><strong>Orario:<\/strong><\/p>\n<p>7:45 - 18:00<\/p>\n<p>&nbsp;<\/p>\n<h4><em><strong>Cosa dovresti portare?<\/strong><\/em><\/h4>\n<ul>\n<li style=\"font-weight: 400;\"><span style=\"font-weight: 400;\">telecamera<\/span><\/li>\n<li style=\"font-weight: 400;\"><span style=\"font-weight: 400;\">Boccioli repellenti<\/span><\/li>\n<li style=\"font-weight: 400;\"><span style=\"font-weight: 400;\">crema solare<\/span><\/li>\n<li style=\"font-weight: 400;\"><span style=\"font-weight: 400;\">Cappello<\/span><\/li>\n<li style=\"font-weight: 400;\"><span style=\"font-weight: 400;\">Pantaloni comodi<\/span><\/li>\n<li style=\"font-weight: 400;\"><span style=\"font-weight: 400;\">Scarpe da trekking per la foresta<\/span><\/li>\n<li style=\"font-weight: 400;\"><span style=\"font-weight: 400;\">Sandali per la spiaggia<\/span><\/li>\n<li style=\"font-weight: 400;\"><span style=\"font-weight: 400;\">Abbigliamento da bagno<\/span><\/li>\n<li>Contanti per souvenir<\/li>\n<\/ul>\n<p>&nbsp;<\/p>\n<h2><b><i>Prelievo dall'hotel per l'escursione giornaliera all'isola di Saona<\/i><\/b><\/h2>\n<p><span style=\"font-weight: 400;\">Questo \u00e8 il programma che abbiamo stabilito in base alle vostre localit\u00e0. Comunicateci il vostro hotel specifico e vi contatteremo per dirvi dove vi incontreremo. Le opzioni di trasferimento prevedono un costo aggiuntivo. Questo viaggio inizia a Bayahibe.<\/span><\/p>\n<table style=\"height: 487px;\" width=\"420\">\n<tbody>\n<tr>\n<td><b>posto<\/b><\/td>\n<td><b>tempo<\/b><\/td>\n<\/tr>\n<tr>\n<td><b>Punta Cana<\/b><\/td>\n<td><b>7:45<\/b><\/td>\n<\/tr>\n<tr>\n<td><b>B\u00e1varo<\/b><\/td>\n<td><b>7:30<\/b><\/td>\n<\/tr>\n<tr>\n<td><b>Uvero Altos<\/b><\/td>\n<td><b>7:00<\/b><\/td>\n<\/tr>\n<tr>\n<td><b>Club Med<\/b><\/td>\n<td><b>7:00<\/b><\/td>\n<\/tr>\n<tr>\n<td><b>Boca Chica<\/b><\/td>\n<td><b>7:00<\/b><\/td>\n<\/tr>\n<tr>\n<td><b>Santo Domingo<\/b><\/td>\n<td><b>6:40<\/b><\/td>\n<\/tr>\n<tr>\n<td><b>Juan Doli\u00f3<\/b><\/td>\n<td><b>7:00<\/b><\/td>\n<\/tr>\n<\/tbody>\n<\/table>\n<p>&nbsp;<\/p>\n<p><b>Nota:<\/b><span style=\"font-weight: 400;\"> se la prenotazione avviene entro 24 ore dall'orario di partenza del tour\/escursione, possiamo organizzare il prelievo dall'hotel con un costo aggiuntivo. Una volta completato l'acquisto, vi invieremo le informazioni di contatto complete (numero di telefono, indirizzo e-mail, ecc.) per la nostra guida turistica locale per organizzare il prelievo.<\/span><\/p>\n<h4><b><i>Conferma di informazioni aggiuntive <\/i><\/b><\/h4>\n<ol>\n<li>I biglietti rappresentano la ricevuta dopo aver pagato questo tour. Puoi mostrare il pagamento sul tuo telefono.<\/li>\n<li style=\"font-weight: 400;\"><span style=\"font-weight: 400;\">Il punto d&#039;incontro verr\u00e0 ricevuto dopo il processo di prenotazione.<\/span><\/li>\n<li style=\"font-weight: 400;\"><span style=\"font-weight: 400;\">I bambini devono essere accompagnati da un adulto.<\/span><\/li>\n<li style=\"font-weight: 400;\"><span style=\"font-weight: 400;\">Accessibile alle sedie a rotelle <\/span><\/li>\n<li style=\"font-weight: 400;\"><span style=\"font-weight: 400;\">I neonati devono sedersi sulle ginocchia <\/span><\/li>\n<li style=\"font-weight: 400;\"><span style=\"font-weight: 400;\">La maggior parte dei viaggiatori pu\u00f2 partecipare<\/span><\/li>\n<\/ol>\n<h4><b><i>Politica di cancellazione<\/i><\/b><\/h4>\n<p>For a full refund, please read our Cancellations policies\u00a0<a href=\"https:\/\/www.ticketswhales.com\/online-booking\/\" target=\"_blank\" rel=\"noopener\" data-saferedirecturl=\"https:\/\/www.google.com\/url?q=https:\/\/www.ticketswhales.com\/online-booking\/&amp;source=gmail&amp;ust=1672449202351000&amp;usg=AOvVaw1yAeVAPktmaVCqDujgUn90\">Click here<\/a>. Funds will be lost if the reservation is cancelled the same day of the trip.<\/p>\n<p>NOTA: Se desiderate partecipare a questa escursione e volete conoscere ulteriori dettagli potete<a href=\"mailto:info@bookingadventures.com.do\">\u00a0contattaci via emai<\/a>l<strong>\u00a0<\/strong>o tramite il nostro servizio diretto di chat Whatsapp a questo numero:\u00a0<strong>+1 809-720-6035<\/strong>. Vi seguiremo immediatamente e potremo farvi un'offerta adeguando il prezzo in base al numero di persone.<\/p>\n<p>(Per organizzare un tour privato \u00e8 necessario un minimo di 4 persone. Per un numero inferiore di persone possiamo organizzare un tour semi-privato con un massimo di 15 persone).<\/p>\n<div id=\"gtx-trans\" style=\"position: absolute; left: -1px; top: 1055.03px;\">\n<div class=\"gtx-trans-icon\"><\/div>\n<\/div>\n\n\t\t<\/div>\n\t<\/div>\n<\/div><\/div><\/div><\/div><div class=\"vc_row wpb_row vc_row-fluid\" ><div class=\"wpb_column vc_column_container vc_col-sm-12\"><div class=\"vc_column-inner\"><div class=\"wpb_wrapper\"><div class=\"vc_btn3-container vc_btn3-inline\" ><button class=\"vc_general vc_btn3 vc_btn3-size-md vc_btn3-shape-rounded vc_btn3-style-modern vc_btn3-color-green\">PRENOTA ORA<\/button><\/div><\/div><\/div><\/div><\/div><div class=\"vc_row wpb_row vc_row-fluid\" ><div class=\"wpb_column vc_column_container vc_col-sm-12\"><div class=\"vc_column-inner\"><div class=\"wpb_wrapper\"><div class=\"vc_empty_space\"   style=\"height: 32px\"><span class=\"vc_empty_space_inner\"><\/span><\/div>\n\t<div class=\"wpb_video_widget wpb_content_element vc_clearfix   vc_video-aspect-ratio-169 vc_video-el-width-100 vc_video-align-left\" >\n\t\t<div class=\"wpb_wrapper\">\n\t\t\t<h2 class=\"wpb_heading wpb_video_heading\">Video di tour ed escursioni dell&#039;isola di Saona:<\/h2>\n\t\t\t<div class=\"wpb_video_wrapper\"><iframe loading=\"lazy\" title=\"Intera giornata all&#039;Isola di Saola con Booking Adventures, Viaggia nella Repubblica Dominicana\" width=\"1100\" height=\"619\" src=\"https:\/\/www.youtube.com\/embed\/sas91N4zMHo?feature=oembed\" frameborder=\"0\" allow=\"accelerometer; autoplay; clipboard-write; encrypted-media; gyroscope; picture-in-picture; web-share\" allowfullscreen><\/iframe><\/div>\n\t\t<\/div>\n\t<\/div>\n<div class=\"vc_empty_space\"   style=\"height: 32px\"><span class=\"vc_empty_space_inner\"><\/span><\/div><\/div><\/div><\/div><\/div><div class=\"vc_row wpb_row vc_row-fluid\" ><\/div><div class=\"wpb_column vc_column_container vc_col-sm-12\"><div class=\"vc_column-inner\"><div class=\"wpb_wrapper\"><\/div><\/div><\/div><div class=\"vc_empty_space\"   style=\"height: 32px\"><span class=\"vc_empty_space_inner\"><\/span><\/div>\n\t<div class=\"wpb_text_column wpb_content_element\" >\n\t\t<div class=\"wpb_wrapper\">\n\t\t\t<p>Sono un blocco di testo. Fare clic sul pulsante di modifica per cambiare il testo. Lorem ipsum dolor sit amet, consectetur adipiscing elit. Ut elit tellus, luctus nec ullamcorper mattis, pulvinar dapibus leo.<\/p>\n\n\t\t<\/div>\n\t<\/div>\n<div class=\"vc_empty_space\"   style=\"height: 32px\"><span class=\"vc_empty_space_inner\"><\/span><\/div>","protected":false},"excerpt":{"rendered":"<p><span style=\"vertical-align: inherit;\"><span style=\"vertical-align: inherit;\">Pase de un d\u00eda a la isla Saona desde el puerto de Bayahibe. <\/span><span style=\"vertical-align: inherit;\">Almuerzo y piscinas naturales incluidas. <\/span><span style=\"vertical-align: inherit;\">En caso de necesidad traslado desde cualquier parte de Rep\u00fablica Dominicana. <\/span><span style=\"vertical-align: inherit;\">Simplemente cont\u00e1ctenos y tengamos la mejor experiencia en Isla Saona.<\/span><\/span><\/p>\n<p>&nbsp;<\/p>\n<p><em><strong><span style=\"vertical-align: inherit;\"><span style=\"vertical-align: inherit;\">Seleccione la fecha para el tour\u00a0<\/span><\/span><\/strong><\/em><\/p>","protected":false},"featured_media":11711,"template":"","meta":[],"product_brand":[],"product_cat":[576,598,600,453,462,461],"product_tag":[165,166,463,167,168,169,455,456,170,171,172,173,457,458,175],"class_list":{"0":"post-11685","1":"product","2":"type-product","3":"status-publish","4":"has-post-thumbnail","6":"product_cat-1-punta-cana","7":"product_cat-punta-cana-private-tours","8":"product_cat-punta-cana-saona-island","9":"product_cat-saona-island-offers","10":"product_cat-saona-island-private-tour-from-cap-cana-hotels-cap-cana-lobby","11":"product_cat-saona-island-private-tour-from-la-romana-hotels-la-romana-lobby","12":"product_tag-all-inclusive-trip-to-saona-island-by-speedboat-catamaran","13":"product_tag-bayahibe","14":"product_tag-cap-cana","15":"product_tag-catamaran","16":"product_tag-how-to-get-to-saona-island","17":"product_tag-isla-saona","18":"product_tag-private-day-trip-saona","19":"product_tag-private-tours","20":"product_tag-saona","21":"product_tag-saona-island","22":"product_tag-saona-island-excursion","23":"product_tag-saona-island-hotels","24":"product_tag-saona-island-private","25":"product_tag-saona-island-private-tour-from-punta-cana-hotels-punta-cana-lobby","26":"product_tag-saona-island-tour","28":"first","29":"instock","30":"sale","31":"sold-individually","32":"shipping-taxable","33":"product-type-external"},"_links":{"self":[{"href":"https:\/\/parador.haitises.com\/it\/wp-json\/wp\/v2\/product\/11685","targetHints":{"allow":["GET"]}}],"collection":[{"href":"https:\/\/parador.haitises.com\/it\/wp-json\/wp\/v2\/product"}],"about":[{"href":"https:\/\/parador.haitises.com\/it\/wp-json\/wp\/v2\/types\/product"}],"wp:featuredmedia":[{"embeddable":true,"href":"https:\/\/parador.haitises.com\/it\/wp-json\/wp\/v2\/media\/11711"}],"wp:attachment":[{"href":"https:\/\/parador.haitises.com\/it\/wp-json\/wp\/v2\/media?parent=11685"}],"wp:term":[{"taxonomy":"product_brand","embeddable":true,"href":"https:\/\/parador.haitises.com\/it\/wp-json\/wp\/v2\/product_brand?post=11685"},{"taxonomy":"product_cat","embeddable":true,"href":"https:\/\/parador.haitises.com\/it\/wp-json\/wp\/v2\/product_cat?post=11685"},{"taxonomy":"product_tag","embeddable":true,"href":"https:\/\/parador.haitises.com\/it\/wp-json\/wp\/v2\/product_tag?post=11685"}],"curies":[{"name":"wp","href":"https:\/\/api.w.org\/{rel}","templated":true}]}}