{"id":11341,"date":"2021-08-15T20:08:47","date_gmt":"2021-08-15T20:08:47","guid":{"rendered":"http:\/\/parador.haitises.com\/?post_type=product&#038;p=11341"},"modified":"2024-04-08T20:45:14","modified_gmt":"2024-04-08T20:45:14","slug":"miches-whales-watching-half-day-experience-media-luna-half-moon-2","status":"publish","type":"product","link":"https:\/\/parador.haitises.com\/lt\/privatus\/miches-whales-watching-half-day-experience-media-luna-half-moon-2\/","title":{"rendered":"Mi\u010deso bangini\u0173 steb\u0117jimo pus\u0117s dienos patirtis - pusiaudienis."},"content":{"rendered":"<div class=\"vc_row wpb_row vc_row-fluid\" ><div class=\"wpb_column vc_column_container vc_col-sm-12\"><div class=\"vc_column-inner\"><div class=\"wpb_wrapper\">[mkdf_section_title title_tag=\u00bb\u00bb disable_break_words=\u00bbno\u00bb subtitle_tag=\u00bb\u00bb title=\u00bbMiches Whales Watching Half Day Experience \u00bb subtitle=\u00bb Media Luna (Half-Moon) Incluided.\u00bb]<\/div><\/div><\/div><\/div><div class=\"vc_row wpb_row vc_row-fluid\" ><div class=\"wpb_column vc_column_container vc_col-sm-12\"><div class=\"vc_column-inner\"><div class=\"wpb_wrapper\">\n\t<div class=\"wpb_text_column wpb_content_element\" >\n\t\t<div class=\"wpb_wrapper\">\n\t\t\t<div class=\"vc_row wpb_row vc_row-fluid\">\n<div class=\"wpb_column vc_column_container vc_col-sm-12\">\n<div class=\"vc_column-inner\">\n<div class=\"wpb_wrapper\">\n<div class=\"wpb_text_column wpb_content_element\">\n<div class=\"wpb_wrapper\">\n<div class=\"vc_row wpb_row vc_row-fluid\">\n<div class=\"wpb_column vc_column_container vc_col-sm-12\">\n<div class=\"vc_column-inner\">\n<div class=\"wpb_wrapper\">\n<div class=\"wpb_text_column wpb_content_element\">\n<div class=\"wpb_wrapper\">\n<h4><b><i>Ap\u017evalga<img decoding=\"async\" class=\"emoji\" draggable=\"false\" src=\"https:\/\/s.w.org\/images\/core\/emoji\/12.0.0-1\/svg\/1f433.svg\" alt=\"\ud83d\udc33\" \/><\/i><\/b><\/h4>\n<p>Nutraukti m\u016bs\u0173 valtis aplankyti kuprot\u0173j\u0173 bangini\u0173 savo buvein\u0117je.  \u0160i patirtis apima nat\u016bral\u0173 basein\u0105, kuriame plaukioja j\u016br\u0173 \u017evaig\u017ed\u0117s ir \u017euvys. Leid\u017eiama pasiimti snorkelingus, skirtus nat\u016braliems baseinams.<strong> Pastaba:<\/strong> Ne maudyn\u0117ms su banginiais. Steb\u0117jimas M\u016bs\u0173 kapitonai yra apmokyti u\u017etikrinti, kad pamatytum\u0117te banginius.<\/p>\n<p>Nuo 9:00 iki 13:00 val.   Bangini\u0173 steb\u0117jimo observatorija ir Po \u0161ios bangini\u0173 steb\u0117jimo kelion\u0117s gr\u012f\u017etame \u012f Micheso uost\u0105.<\/p>\n<p><strong>Pastaba:<\/strong> \u0160i kelion\u0117 n\u0117ra privati. Jei norite surengti priva\u010di\u0105 ekskursij\u0105, tiesiog susisiekite su mumis!<\/p>\n<ul>\n<li>Bangini\u0173 steb\u0117jimo kelion\u0117<\/li>\n<li>Nat\u016bralus baseinas \u017evaig\u017ed\u017ei\u0173 steb\u0117jimui<\/li>\n<li>Valtis Catamarn Transfer<\/li>\n<li>Kapitonas instruktuoja ir pri\u017ei\u016bri<\/li>\n<li>Kelioni\u0173 vadovas<\/li>\n<\/ul>\n<p>&nbsp;<\/p>\n<h4><b>\u012etraukimai ir i\u0161imtys<\/b><\/h4>\n<p>&nbsp;<\/p>\n<p><b>Inkliuzai<\/b><\/p>\n<ol>\n<li>Kelioni\u0173 vadovas<\/li>\n<li>Kelion\u0117 katamaranu arba valtimi<\/li>\n<li>Visi mokes\u010diai, rinkliavos ir tvarkymo mokes\u010diai<\/li>\n<li>Vietiniai mokes\u010diai<\/li>\n<li>G\u0117rimai<\/li>\n<li>Dramamino tablet\u0117s (pasirinktinai)<\/li>\n<li>Mokes\u010diai u\u017e atvykim\u0105 \u012f \u0161ventykl\u0105 (apyrank\u0117)<\/li>\n<\/ol>\n<p><b>I\u0161imtys<\/b><\/p>\n<ol>\n<li>Arbatpinigiai<\/li>\n<li>Perve\u017eimo automobilis<\/li>\n<li>Alkoholiniai g\u0117rimai<\/li>\n<\/ol>\n<p>&nbsp;<\/p>\n<h4><em><strong>I\u0161vykimas ir gr\u012f\u017eimas<\/strong><\/em><\/h4>\n<p>Po u\u017esakymo proceso keliautojas gaus susitikimo viet\u0105. Ekskursijos prasideda ir baigiasi m\u016bs\u0173 susitikimo vietose.<\/p>\n<h3>Mi\u010deso bangini\u0173 steb\u0117jimo pus\u0117s dienos patirtis - pusiaudienis.<\/h3>\n<h4><b><i>Ko tik\u0117tis?<\/i><\/b><\/h4>\n<p>&nbsp;<\/p>\n<p><em><strong>Gaukite bilietus<\/strong><\/em> u\u017e pus\u0117s dienos kelion\u0119 Bangini\u0173 steb\u0117jimo turas Samanos \u012flankoje Nuo Miches.<\/p>\n<p>\"Booking Adventures\" organizuojama pus\u0117s dienos bangini\u0173 steb\u0117jimo kelion\u0117 prasideda susitikimo su gidu vietoje. \u0160ios kelion\u0117s metu aplankoma Media Luna (Pusiaujas).  Piet\u016bs papl\u016bdimyje <strong>ne<\/strong> \u012ftraukti \u012f \u0161i\u0105 ekskursij\u0105.<\/p>\n<p><strong>Kas yra \"Media Luna\"?<\/strong><\/p>\n<p><span style=\"font-weight: 400;\">Tai vieta, kurioje vandens lygis priklauso nuo potvyni\u0173 ir atosl\u016bgi\u0173 arba j\u016bros srovi\u0173 horizonto - kai jis auk\u0161tas, baseinas tampa gilesnis, o kai \u017eemas, jo t\u0117km\u0117 suma\u017e\u0117ja. <\/span><span style=\"font-weight: 400;\">D\u0117l to, kad yra pasisl\u0117p\u0119s ir prie jo prieina j\u016bra, jis yra stebuklinga ir nekalta vieta, kurioje apsilankiusieji nenori i\u0161vykti. <\/span><span style=\"font-weight: 400;\">\u010cia n\u0117ra med\u017ei\u0173, kurie saugot\u0173 nuo saul\u0117s, ta\u010diau vanduo \u0161altas d\u0117l to, kad j\u012f \u0161iau\u0161ia arba supa pasatai.<\/span><\/p>\n<p><span style=\"font-weight: 400;\">Galima apibendrinti, kad tai yra nat\u016brali lag\u016bna Atlanto vandenyne, kuri savo pavadinim\u0105 gavo d\u0117l to, kad stebima i\u0161 vir\u0161aus primena pusm\u0117nul\u012f. <\/span><span style=\"font-weight: 400;\">Vietiniai gyventojai j\u012f taip pat vadina Cayo de la Media Luna, kur\u012f sudaro koraliniai rifai ir baltas sm\u0117lis, kristalinio vandens, visur i\u0161barstytas, kad pertrauka nat\u016brali\u0173 bang\u0173, kurios ramina jo vandenis. <\/span><span style=\"font-weight: 400;\">Kai potvynis stabilus, jo gylis nevir\u0161ija trij\u0173 p\u0117d\u0173, tod\u0117l ir vaikai, ir suaugusieji gali m\u0117gautis \u0161ia dangi\u0161ka s\u016braus vandens vieta.<\/span><\/p>\n<p>&nbsp;<\/p>\n<p><strong>Tvarkara\u0161tis:<\/strong><\/p>\n<p>8:45 - 12:30 VAL.<\/p>\n<p>&nbsp;<\/p>\n<\/div>\n<p>Laikas gali keistis priklausomai nuo to, kiek bangini\u0173 pamatysime.<\/p>\n<div class=\"wpb_wrapper\">\n<p>&nbsp;<\/p>\n<h4><em><strong>K\u0105 tur\u0117tum atsine\u0161ti?<\/strong><\/em><\/h4>\n<ul>\n<li>fotoaparatas<\/li>\n<li>Atbaidantys pumpurai<\/li>\n<li>kremas nuo saul\u0117s<\/li>\n<li>Skryb\u0117l\u0117<\/li>\n<li>Patogios kelnes<\/li>\n<li>Plaukimo apranga<\/li>\n<li>Pinigai suvenyrams<\/li>\n<\/ul>\n<p>&nbsp;<\/p>\n<h4><b><i>Vie\u0161bu\u010dio pa\u0117mimas<\/i><\/b><\/h4>\n<p>\u0160ios ekskursijos metu pa\u0117mimas i\u0161 vie\u0161bu\u010dio nesi\u016blomas. Galime nustatyti per Whatsapp.<\/p>\n<p>&nbsp;<\/p>\n<p><b>Pastaba:<\/b>\u00a0Jei esate u\u017esakytas per 24 valandas nuo kelion\u0117s\/ekskursijos i\u0161vykimo laiko, galime suorganizuoti pa\u0117mim\u0105 i\u0161 vie\u0161bu\u010dio u\u017e papildomus mokes\u010dius. Kai pirkimas bus baigtas, mes atsi\u0173sime jums vis\u0105 kontaktin\u0119 informacij\u0105 (telefono numer\u012f, el. pa\u0161to adres\u0105 ir kt.), skirt\u0105 m\u016bs\u0173 vietiniam kelioni\u0173 vadovui, kad gal\u0117tume susitarti d\u0117l pa\u0117mimo.<\/p>\n<h4><b><i>Papildomos informacijos patvirtinimas<\/i><\/b><\/h4>\n<ol>\n<li>Bilietai yra kvitas apmok\u0117jus \u0161i\u0105 kelion\u0119. Mok\u0117jim\u0105 galite parodyti savo telefone.<\/li>\n<li>Susitikimo vieta bus gauta po rezervacijos proceso.<\/li>\n<li>Vaikus turi lyd\u0117ti suaug\u0119s asmuo.<\/li>\n<li>pritaikyta ne\u012fgali\u0173j\u0173 ve\u017eim\u0117liams<\/li>\n<li>K\u016bdikiai turi s\u0117d\u0117ti ant keli\u0173<\/li>\n<li>Dalyvauti gali dauguma keliautoj\u0173<\/li>\n<\/ol>\n<h4><b><i>At\u0161aukimo politika<\/i><\/b><\/h4>\n<p>Nor\u0117dami susigr\u0105\u017einti visas l\u0117\u0161as, at\u0161aukite bent 24 valandas iki patirties prad\u017eios datos.<\/p>\n<\/div>\n<\/div>\n<\/div>\n<\/div>\n<\/div>\n<\/div>\n<\/div>\n<\/div>\n<\/div>\n<\/div>\n<\/div>\n<\/div>\n<div class=\"vc_row wpb_row vc_row-fluid\">\n<div class=\"wpb_column vc_column_container vc_col-sm-12\">\n<div class=\"vc_column-inner\">\n<div class=\"wpb_wrapper\">\n<div class=\"vc_empty_space\"><\/div>\n<div class=\"wpb_text_column wpb_content_element\">\n<div class=\"wpb_wrapper\">\n<h4>Susisiekite su mumis?<\/h4>\n<h5><b><i>KELION\u0116 PO SAMAN\u0104 SU BANGINIAIS<\/i><\/b><\/h5>\n<p><em><strong>Vietiniai<\/strong>\u00a0ir\u00a0<strong>Tautie\u010diai<\/strong>\u00a0Gidai ir sve\u010di\u0173 paslaugos<\/em><\/p>\n<p><span class=\"text-turquoise\">Rezervacijos:<\/span>\u00a0Ekskursijos ir ekskursijos Dom Rep.<\/p>\n<p><img decoding=\"async\" class=\"emoji\" draggable=\"false\" src=\"https:\/\/s.w.org\/images\/core\/emoji\/11.2.0\/svg\/1f4de.svg\" alt=\"\ud83d\udcde\" \/>\u00a0Tel\/Whatsapp\u00a0\u00a0<a href=\"tel:+1-809-720-6035\">+1-809-720-6035<\/a>.<\/p>\n<p><img decoding=\"async\" class=\"emoji\" draggable=\"false\" src=\"https:\/\/s.w.org\/images\/core\/emoji\/11.2.0\/svg\/1f4e9.svg\" alt=\"\ud83d\udce9\" \/>\u00a0<a href=\"mailto:info@bookingadventures.com.do\">info@bookingadventures.com.do<\/a><\/p>\n<p><strong>Mes lanks\u010diai nustatome priva\u010dias \u201eWhatsapp\u201c keliones:\u00a0<a href=\"tel:+18097206035\">+18097206035.<\/a><\/strong><\/p>\n<\/div>\n<\/div>\n<\/div>\n<\/div>\n<\/div>\n<\/div>\n\n\t\t<\/div>\n\t<\/div>\n<\/div><\/div><\/div><\/div>","protected":false},"excerpt":{"rendered":"<p>Pus\u0117s dienos bangini\u0173 steb\u0117jimas Samanos \u012flankoje, Dominikos Respublika. Bangini\u0173 steb\u0117jimas i\u0161 Micheso uosto patogiu katamaranu arba valtimi. U\u017esisakykite ryte po pusry\u010di\u0173, kad gal\u0117tum\u0117te aplankyti Media Luna (Pusm\u0117nul\u012f) ir steb\u0117ti banginius. U\u017esisakykite \u0161i\u0105 ekskursij\u0105 Samanos \u012flankoje, kad patirtum\u0117te ger\u0173 bangini\u0173 steb\u0117jimo ir kelion\u0117s \u012f j\u016br\u0105 prad\u017eios \u012fsp\u016bd\u017ei\u0173.<\/p>\n<p>Pasirinkite ekskursijos dat\u0105:<\/p>","protected":false},"featured_media":440,"template":"","meta":[],"product_brand":[],"product_cat":[344,124,232],"product_tag":[345,346,113,269,201,147,271,234,235,236,337,338,238],"class_list":{"0":"post-11341","1":"product","2":"type-product","3":"status-publish","4":"has-post-thumbnail","6":"product_cat-miches-whale-watching-and-media-luna","7":"product_cat-tours-excursions-samana-bay-dominican-republic","8":"product_cat-whale-watching-samana","9":"product_tag-half-day-whale-watching-miches","10":"product_tag-media-luna-miches","11":"product_tag-miches","12":"product_tag-miches-whale-watching","13":"product_tag-private-tours-samana","14":"product_tag-samana-bay","15":"product_tag-samana-whale-watching","16":"product_tag-whale-samana","17":"product_tag-whale-tours","18":"product_tag-whale-watching-dominican-republic","19":"product_tag-whale-watching-las-galeras","20":"product_tag-whale-watching-las-terrenas","21":"product_tag-whale-watching-samana","23":"first","24":"instock","25":"sold-individually","26":"shipping-taxable","27":"product-type-external"},"_links":{"self":[{"href":"https:\/\/parador.haitises.com\/lt\/wp-json\/wp\/v2\/product\/11341","targetHints":{"allow":["GET"]}}],"collection":[{"href":"https:\/\/parador.haitises.com\/lt\/wp-json\/wp\/v2\/product"}],"about":[{"href":"https:\/\/parador.haitises.com\/lt\/wp-json\/wp\/v2\/types\/product"}],"wp:featuredmedia":[{"embeddable":true,"href":"https:\/\/parador.haitises.com\/lt\/wp-json\/wp\/v2\/media\/440"}],"wp:attachment":[{"href":"https:\/\/parador.haitises.com\/lt\/wp-json\/wp\/v2\/media?parent=11341"}],"wp:term":[{"taxonomy":"product_brand","embeddable":true,"href":"https:\/\/parador.haitises.com\/lt\/wp-json\/wp\/v2\/product_brand?post=11341"},{"taxonomy":"product_cat","embeddable":true,"href":"https:\/\/parador.haitises.com\/lt\/wp-json\/wp\/v2\/product_cat?post=11341"},{"taxonomy":"product_tag","embeddable":true,"href":"https:\/\/parador.haitises.com\/lt\/wp-json\/wp\/v2\/product_tag?post=11341"}],"curies":[{"name":"wp","href":"https:\/\/api.w.org\/{rel}","templated":true}]}}