{"id":11076,"date":"2021-04-09T10:46:13","date_gmt":"2021-04-09T10:46:13","guid":{"rendered":"http:\/\/parador.haitises.com\/product\/import-placeholder-for-12064\/"},"modified":"2024-04-10T21:52:02","modified_gmt":"2024-04-10T21:52:02","slug":"excursion-whale-watching-samana-bay-cano-hondo-los-haitises-from-samana-port","status":"publish","type":"product","link":"https:\/\/parador.haitises.com\/pl\/prywatny\/excursion-whale-watching-samana-bay-cano-hondo-los-haitises-from-samana-port\/","title":{"rendered":"Excursion Whale Watching Saman\u00e1 Bay + Ca\u00f1o Hondo + Los Haitises  from Saman\u00e1 port"},"content":{"rendered":"<div class=\"vc_row wpb_row vc_row-fluid\" ><div class=\"wpb_column vc_column_container vc_col-sm-12\"><div class=\"vc_column-inner\"><div class=\"wpb_wrapper\">[mkdf_section_title title_tag=\u00bb\u00bb disable_break_words=\u00bbno\u00bb subtitle_tag=\u00bb\u00bb subtitle=\u00bbTours &amp; Excursions\u00bb title=\u00bbExcursion Whale Watching Samana bay + Cano Hondo + Los Haitises from Samana port\u00bb]\n\t<div class=\"wpb_text_column wpb_content_element\" >\n\t\t<div class=\"wpb_wrapper\">\n\t\t\t<div class=\"vc_row wpb_row vc_row-fluid\">\n<div class=\"wpb_column vc_column_container vc_col-sm-12\">\n<div class=\"vc_column-inner\">\n<div class=\"wpb_wrapper\">\n<div class=\"wpb_text_column wpb_content_element\">\n<div class=\"wpb_wrapper\">\n<h3><\/h3>\n<p>Whale watching in Saman\u00e1 starts from Saman\u00e1 port after Whale watching we will across the bay to visit Ca\u00f1o Hondo Natural pools plus Lunch and Full trip in Los Haitises National Park.<\/p>\n<p>This Trip will start at 9:00 Am and Finish at 5:00 Pm. Meeting before in Our Office. After aborting our Private Boat to visit Whales in their own habitat. From 9:00 Am until 11:00 am Whale observatory and After this Whale watching trip we will visit Ca\u00f1o Hondo for Lunch plus swimming in natural pools and finishing with a full trip to Los Haitises National Park. This excursion will end at the same port from where will start at 5:00 pm.<\/p>\n<p><strong>Note: This is a Private excursion.\u00a0<\/strong><\/p>\n<ul>\n<li>Wycieczka z obserwacj\u0105 wieloryb\u00f3w<\/li>\n<li>Los haitises national park Tour<\/li>\n<li>Ca\u00f1o Hondo, Lunch and Pools<\/li>\n<li>Op\u0142aty za wst\u0119p do obserwatorium<\/li>\n<li>Transfer \u0142odzi\u0105<\/li>\n<li>Kapitan zapewnia instrukta\u017c i nadz\u00f3r<\/li>\n<li>Przewodnik turystyczny<\/li>\n<\/ul>\n<p>&nbsp;<\/p>\n<h4><b>W\u0142\u0105czenia i wy\u0142\u0105czenia<\/b><\/h4>\n<p>&nbsp;<\/p>\n<p><b>W\u0142\u0105czenia<\/b><\/p>\n<ol>\n<li>Buffet lunch at Ca\u00f1o Hondo<\/li>\n<li>Baseny naturalne<\/li>\n<li>Whale watching Saman\u00e1 bay<\/li>\n<li>Los Haitises National Park, Caves, Mangroves and San Lorenzo Bay<\/li>\n<li>Przewodnik turystyczny<\/li>\n<li>Wycieczka katamaranem lub \u0142odzi\u0105<\/li>\n<li>Wszystkie podatki, op\u0142aty i op\u0142aty manipulacyjne<\/li>\n<li>Podatki lokalne<\/li>\n<li>Napoje<\/li>\n<\/ol>\n<p><b>Wy\u0142\u0105czenia<\/b><\/p>\n<ol>\n<li>Gratyfikacje<\/li>\n<li>Samoch\u00f3d transferowy<\/li>\n<li>Napoje alkoholowe<\/li>\n<\/ol>\n<p>&nbsp;<\/p>\n<h4><em><strong>Wylot i powr\u00f3t<\/strong><\/em><\/h4>\n<p>Podr\u00f3\u017cny otrzyma miejsce spotkania po zako\u0144czeniu procesu rezerwacji. Wycieczki rozpoczynaj\u0105 si\u0119 i ko\u0144cz\u0105 w naszych punktach spotka\u0144.<\/p>\n<p>&nbsp;<\/p>\n<h4><b><i>Czego si\u0119 spodziewa\u0107?<\/i><\/b><\/h4>\n<p>&nbsp;<\/p>\n<p><em><strong>Zdob\u0105d\u017a bilety<\/strong><\/em> for a day Whale Watching tour in Samana bay plus a wonderful lunch and beach time and visiting Los Haitises National Park.<\/p>\n<p>The Daypass for whale watching, organized by \u201cBooking Adventures\u201d starts at the meeting point set with the Tour Guide. Lunch at the beach and you can stay as long as you want swimming around. If you are Vegan we also can set some food for you.<\/p>\n<p><strong>Harmonogram:<\/strong><\/p>\n<p>8:45 AM \u2013 5:00 PM<\/p>\n<p>&nbsp;<\/p>\n<h4><em><strong>Co nale\u017cy ze sob\u0105 zabra\u0107?<\/strong><\/em><\/h4>\n<ul>\n<li>Kamera<\/li>\n<li>P\u0105ki odstraszaj\u0105ce<\/li>\n<li>krem do opalania<\/li>\n<li>Kapelusz<\/li>\n<li>Wygodne spodnie<\/li>\n<li>Sanda\u0142y na pla\u017c\u0119<\/li>\n<li>Odzie\u017c do p\u0142ywania<\/li>\n<li>Got\u00f3wka na pami\u0105tki<\/li>\n<\/ul>\n<p>&nbsp;<\/p>\n<h4><b><i>Pickup Hotel<\/i><\/b><\/h4>\n<p>Ta wycieczka nie obejmuje odbioru z hotelu.<\/p>\n<p>&nbsp;<\/p>\n<p><b>Uwaga:<\/b>\u00a0Je\u015bli dokonasz rezerwacji w ci\u0105gu 24 godzin od godziny wyjazdu\/wycieczki, mo\u017cemy zorganizowa\u0107 odbi\u00f3r z hotelu za dodatkow\u0105 op\u0142at\u0105. Po sfinalizowaniu zakupu wy\u015blemy Ci pe\u0142ne dane kontaktowe (numer telefonu, adres e-mail itp.) do naszego lokalnego przewodnika w celu zorganizowania odbioru.<\/p>\n<h4><b><i>Dodatkowe informacje Potwierdzenie<\/i><\/b><\/h4>\n<ol>\n<li>Bilety s\u0105 pokwitowaniem po op\u0142aceniu tej wycieczki. P\u0142atno\u015b\u0107 mo\u017cna wy\u015bwietli\u0107 w telefonie.<\/li>\n<li>Miejsce spotkania zostanie podane po zako\u0144czeniu procesu rezerwacji.<\/li>\n<li>Dzieciom musi towarzyszy\u0107 osoba doros\u0142a.<\/li>\n<li>dost\u0119pny dla w\u00f3zk\u00f3w inwalidzkich<\/li>\n<li>Niemowl\u0119ta musz\u0105 siedzie\u0107 na kolanach<\/li>\n<li>Wi\u0119kszo\u015b\u0107 podr\u00f3\u017cnych mo\u017ce wzi\u0105\u0107 udzia\u0142<\/li>\n<\/ol>\n<h4><b><i>Polityka anulowania<\/i><\/b><\/h4>\n<p>Aby otrzyma\u0107 pe\u0142ny zwrot koszt\u00f3w, nale\u017cy anulowa\u0107 subskrypcj\u0119 z co najmniej 24-godzinnym wyprzedzeniem przed dat\u0105 jej rozpocz\u0119cia.<\/p>\n<\/div>\n<\/div>\n<\/div>\n<\/div>\n<\/div>\n<\/div>\n<div class=\"vc_row wpb_row vc_row-fluid\">\n<div class=\"wpb_column vc_column_container vc_col-sm-12\">\n<div class=\"vc_column-inner\">\n<div class=\"wpb_wrapper\">\n<div class=\"wpb_text_column wpb_content_element\">\n<div class=\"wpb_wrapper\">\n<h4>Skontaktowa\u0107 si\u0119 z nami?<\/h4>\n<h5><b><i>WIELORYBY WYCIECZKA SAMANA<\/i><\/b><\/h5>\n<p><em><strong>Miejscowi<\/strong>\u00a0i\u00a0<strong>Nationals<\/strong>\u00a0Przewodnicy turystyczni i obs\u0142uga go\u015bci<\/em><\/p>\n<p><span class=\"text-turquoise\">Rezerwacje:<\/span>\u00a0Wycieczki w Dom. Rep.<\/p>\n<p><img decoding=\"async\" class=\"emoji\" draggable=\"false\" src=\"https:\/\/s.w.org\/images\/core\/emoji\/11.2.0\/svg\/1f4de.svg\" alt=\"\ud83d\udcde\" \/>\u00a0Tel \/ Whatsapp\u00a0\u00a0<a href=\"tel:+1-809-720-6035\">+1-809-720-6035<\/a>.<\/p>\n<p><img decoding=\"async\" class=\"emoji\" draggable=\"false\" src=\"https:\/\/s.w.org\/images\/core\/emoji\/11.2.0\/svg\/1f4e9.svg\" alt=\"\ud83d\udce9\" \/>\u00a0<a href=\"mailto:info@bookingadventures.com.do\">info@bookingadventures.com.do<\/a><\/p>\n<p><strong>Jeste\u015bmy elastyczni w ustalaniu prywatnych wycieczek przez Whatsapp:\u00a0<a href=\"tel:+18097206035\">+18097206035.<\/a><\/strong><\/p>\n<\/div>\n<\/div>\n<\/div>\n<\/div>\n<\/div>\n<\/div>\n\n\t\t<\/div>\n\t<\/div>\n[mkdf_section_title title_tag=\u00bb\u00bb disable_break_words=\u00bbno\u00bb subtitle_tag=\u00bb\u00bb subtitle=\u00bbPrivate Tours &amp; Excursions\u00bb title=\u00bbPrivate Excursion Whale Watching Samana Bay + Cano Hondo + Los Haitises from Samana port\u00bb]\n\t<div class=\"wpb_text_column wpb_content_element\" >\n\t\t<div class=\"wpb_wrapper\">\n\t\t\t<h3><strong>Private Tour Pricing from Samana:<\/strong><\/h3>\n<p><strong><em>2 Customers Private Tour: USD $200 per person<\/em><\/strong><strong><em><br \/>\n<\/em><\/strong><\/p>\n<p><strong><em>3\u00a0 Customers Private Tour: USD $160 per person<\/em><\/strong><\/p>\n<p><strong><em>4\u00a0 Customers Private Tour: USD $140 per person<\/em><\/strong><\/p>\n<p><strong><em>5 Customers Private Tour: USD $130 per person<\/em><\/strong><\/p>\n<p><strong><em>6 Customers Private Tour: USD $99 per person<\/em><\/strong><\/p>\n<p><strong><em>7\u00a0 Customers Private Tour: USD $80 per person<\/em><\/strong><\/p>\n<p><strong><em>8 Customers Private Tour: USD $75 per person<\/em><\/strong><\/p>\n<p><strong><em>9 or more Customers Private tour: <a href=\"https:\/\/www.ticketswhales.com\/contact-us\/\" target=\"_blank\" rel=\"noopener\">Contact us<\/a><\/em><\/strong><\/p>\n\n\t\t<\/div>\n\t<\/div>\n<\/div><\/div><\/div><\/div>","protected":false},"excerpt":{"rendered":"<p>This is a private excursion to the whale watching observatory after Lunch in Ca\u00f1o Hondo ecolodge and Los Haitises National Park. Nobody else offers this amazing experience in just one day trip With professionals ecologist tour Guides in Whale watching. If you will like to contact us for advice just email, Whatsapp or Calling is available.\u00a0 Please book your tickets with time.<\/p>\n<p>&nbsp;<\/p>\n<p><em><strong>Wybierz dat\u0119 wycieczki:<\/strong><\/em><\/p>","protected":false},"featured_media":11212,"template":"","meta":[],"product_brand":[],"product_cat":[501,502,503,504,505,493,494,495,496,497,485,498,499,232,500],"product_tag":[137,126,139,132,142,488,489,393,490,234,236,506,491],"class_list":{"0":"post-11076","1":"product","2":"type-product","3":"status-publish","4":"has-post-thumbnail","6":"product_cat-cano-hondo","7":"product_cat-cano-hondo-2021","8":"product_cat-los-haitises-national-park","9":"product_cat-samana-tours","10":"product_cat-tour-excursion","11":"product_cat-tours-excursions","12":"product_cat-tours-excursions-whale-watching-samana-bay-dominican-republic","13":"product_cat-whale-miches","14":"product_cat-whale-sabana-de-la-mar","15":"product_cat-whale-samana","16":"product_cat-whale-watching","17":"product_cat-whale-watching-puerto-plata","18":"product_cat-whale-watching-punta-cana","19":"product_cat-whale-watching-samana","20":"product_cat-whale-watching-samana-bay","21":"product_tag-bacardi-island","22":"product_tag-cano-hondo","23":"product_tag-cayo-levantado","24":"product_tag-los-haitises","25":"product_tag-samana","26":"product_tag-samana-tour","27":"product_tag-whale","28":"product_tag-whale-punta-cana","29":"product_tag-whale-sabana-de-la-mar","30":"product_tag-whale-samana","31":"product_tag-whale-watching-dominican-republic","32":"product_tag-whales-in-samana","33":"product_tag-whales-trips","35":"first","36":"instock","37":"sale","38":"featured","39":"shipping-taxable","40":"product-type-external"},"_links":{"self":[{"href":"https:\/\/parador.haitises.com\/pl\/wp-json\/wp\/v2\/product\/11076","targetHints":{"allow":["GET"]}}],"collection":[{"href":"https:\/\/parador.haitises.com\/pl\/wp-json\/wp\/v2\/product"}],"about":[{"href":"https:\/\/parador.haitises.com\/pl\/wp-json\/wp\/v2\/types\/product"}],"wp:featuredmedia":[{"embeddable":true,"href":"https:\/\/parador.haitises.com\/pl\/wp-json\/wp\/v2\/media\/11212"}],"wp:attachment":[{"href":"https:\/\/parador.haitises.com\/pl\/wp-json\/wp\/v2\/media?parent=11076"}],"wp:term":[{"taxonomy":"product_brand","embeddable":true,"href":"https:\/\/parador.haitises.com\/pl\/wp-json\/wp\/v2\/product_brand?post=11076"},{"taxonomy":"product_cat","embeddable":true,"href":"https:\/\/parador.haitises.com\/pl\/wp-json\/wp\/v2\/product_cat?post=11076"},{"taxonomy":"product_tag","embeddable":true,"href":"https:\/\/parador.haitises.com\/pl\/wp-json\/wp\/v2\/product_tag?post=11076"}],"curies":[{"name":"wp","href":"https:\/\/api.w.org\/{rel}","templated":true}]}}