{"id":32,"date":"2020-06-14T11:56:44","date_gmt":"2020-06-14T11:56:44","guid":{"rendered":"http:\/\/parador.haitises.com\/product\/import-placeholder-for-8168\/"},"modified":"2024-04-25T14:49:45","modified_gmt":"2024-04-25T14:49:45","slug":"salto-de-la-jalda-national-park-the-highest-waterfall-in-the-caribbean-272-feet","status":"publish","type":"product","link":"https:\/\/parador.haitises.com\/sl\/zasebno\/salto-de-la-jalda-national-park-the-highest-waterfall-in-the-caribbean-272-feet\/","title":{"rendered":"Nacionalni park Salto de la Jalda - najvi\u0161ji slap na Karibih 272 \u010devljev"},"content":{"rendered":"<div class=\"vc_row wpb_row vc_row-fluid\" ><div class=\"wpb_column vc_column_container vc_col-sm-12\"><div class=\"vc_column-inner\"><div class=\"wpb_wrapper\">[mkdf_section_title title_tag=\u00bb\u00bb disable_break_words=\u00bbno\u00bb subtitle_tag=\u00bb\u00bb text_font_weight=\u00bb\u00bb title=\u00bbSalto de la Jalda National Park\u00bb subtitle=\u00bbThe highest Waterfall in Caribbean 272 feet\u00bb text=\u00bbHike or Horses Riding.\u00bb]<\/div><\/div><\/div><\/div><div class=\"vc_row wpb_row vc_row-fluid\" ><div class=\"wpb_column vc_column_container vc_col-sm-12\"><div class=\"vc_column-inner\"><div class=\"wpb_wrapper\">\n\t<div class=\"wpb_text_column wpb_content_element\" >\n\t\t<div class=\"wpb_wrapper\">\n\t\t\t<h4><b><i>Pregled <\/i><\/b><\/h4>\n<p>This is a Private tour to\u00a0<strong>Salto de la Jalda Waterfalls<\/strong> with Horse riding or Hiking. Visiting cacao and Coffe forest under Coconuts Palms Canopy. When you arrive at the Waterfalls you are allowed to swim and Set the time with your Local Guide.<\/p>\n<p>Learn with locals and get a Safe trip. Get your Tickets in Offer Today.<\/p>\n<p>&nbsp;<\/p>\n<ul>\n<li>Horse Riding or Hiking<\/li>\n<li style=\"font-weight: 400;\"><span style=\"font-weight: 400;\">The guide provides instructions and Supervision<\/span><\/li>\n<li>Fees to the National Park<\/li>\n<\/ul>\n<p>&nbsp;<\/p>\n<h4><b>Vklju\u010ditve in izklju\u010ditve<\/b><\/h4>\n<p>&nbsp;<\/p>\n<p><b>Vklju\u010dki<\/b><\/p>\n<ol>\n<li style=\"font-weight: 400;\"><span style=\"font-weight: 400;\">Hiking or Horses Riding Tour<\/span><\/li>\n<li style=\"font-weight: 400;\"><span style=\"font-weight: 400;\">Vsi davki, pristojbine in manipulativni stro\u0161ki<\/span><\/li>\n<li style=\"font-weight: 400;\"><span style=\"font-weight: 400;\">Lokalni davki<\/span><\/li>\n<li style=\"font-weight: 400;\"><span style=\"font-weight: 400;\">pija\u010de<\/span><\/li>\n<li style=\"font-weight: 400;\"><span style=\"font-weight: 400;\">Vse dejavnosti<\/span><\/li>\n<li style=\"font-weight: 400;\"><span style=\"font-weight: 400;\">Lokalni vodnik<\/span><\/li>\n<\/ol>\n<p><b> Izklju\u010ditve<\/b><\/p>\n<ol>\n<li style=\"font-weight: 400;\"><span style=\"font-weight: 400;\">Napitnine<\/span><\/li>\n<li style=\"font-weight: 400;\"><span style=\"font-weight: 400;\">Prenos<\/span><\/li>\n<li>Kosilo<\/li>\n<li style=\"font-weight: 400;\"><span style=\"font-weight: 400;\">Alkoholne pija\u010de<\/span><\/li>\n<\/ol>\n<p>&nbsp;<\/p>\n<h4><em><strong>Odhod in povratek<\/strong><\/em><\/h4>\n<p><span style=\"font-weight: 400;\">Potnik bo dobil zbirali\u0161\u010de po opravljenem postopku rezervacije. Ogledi se za\u010dnejo in kon\u010dajo na na\u0161ih zbirali\u0161\u010dih.<\/span><\/p>\n<p>&nbsp;<\/p>\n<h2>Hike Salto de la Jalda National Park<\/h2>\n<h4><b><i>Kaj pri\u010dakovati?<\/i><\/b><\/h4>\n<p><em><strong>Zagotovite si vstopnice<\/strong><\/em> for visiting The Highest Waterfalls in the Caribean.\u00a0 <strong>El Salto la Jalda<\/strong> Hiking al horse riding.<\/p>\n<p><span style=\"font-weight: 400;\">The tour, organized by \u00abBooking Adventures\u00bb starts at the meeting point set with the Tour Guide. <\/span>To start our tour, we meet in<strong> Morska savana<\/strong>. Then we get into the vehicle we drive 25 min to Magua Community. Where we will meet our local hiking guides. Leaving your vehicle in a safe parking place, we go on horse riding or on foot to the National Park Salto de La Jalda, with a time of three hours to arrive there.<\/p>\n<p>The path consists of 6.5 kilometers,\u00a0 it is a long experience through the Dominican Forest, Passing by Cacaos, Coconuts, and Coffe forest.\u00a0 In our full trip, we will be passing near the Magua River and crossing it about 8 times without much difficulty.<\/p>\n<p>Almost the entire trail has the shade of a large amount of cacao forest planted before the area is declared Salto de La Jalda National Park. In this first part of the ecotourism adventure, you can enjoy the song of the birds, the sound of water flow currents, the mostly flat terrain and all the green vegetation.<\/p>\n<p>Apart from the cocoa in the land of the National Park of La Jalda, you can also see coffee plantations. Almost arriving at the waterfall we stop by the park rangers houses native to the town of Magua, assigned to the National Park of Jalda. There you can take a short break, from where you can see in a general amazing view of the Salto de La Jalda.<\/p>\n<p>We will continue until the waterfalls. swimming there and after a few hours getting back to the vehicle through the same trail. This is an extreme adventure. Please if you have not conditions for hiking you need to take the horse riding.<\/p>\n<p>&nbsp;<\/p>\n<h4><em><strong>Kaj morate prinesti?<\/strong><\/em><\/h4>\n<ul>\n<li style=\"font-weight: 400;\"><span style=\"font-weight: 400;\">fotoaparat<\/span><\/li>\n<li style=\"font-weight: 400;\"><span style=\"font-weight: 400;\">Odganjalni popki<\/span><\/li>\n<li style=\"font-weight: 400;\"><span style=\"font-weight: 400;\">son\u010dna krema<\/span><\/li>\n<li style=\"font-weight: 400;\"><span style=\"font-weight: 400;\">Klobuk<\/span><\/li>\n<li style=\"font-weight: 400;\"><span style=\"font-weight: 400;\">Udobne hla\u010de<\/span><\/li>\n<li style=\"font-weight: 400;\"><span style=\"font-weight: 400;\">Pohodni\u0161ki \u010devlji za gozd<\/span><\/li>\n<li style=\"font-weight: 400;\"><span style=\"font-weight: 400;\">Kopalna obla\u010dila<\/span><\/li>\n<li>Extra Waterbottle<\/li>\n<li>Lunch or snacks<\/li>\n<\/ul>\n<p>&nbsp;<\/p>\n<h4><b><i>Prevzem v hotelu <\/i><\/b><\/h4>\n<p><span style=\"font-weight: 400;\">Prevzem iz hotela za to turnejo ni na voljo. <\/span><\/p>\n<p>&nbsp;<\/p>\n<p><b>Opomba:<\/b><span style=\"font-weight: 400;\"> \u010ce ste rezervirani v 24 urah po \u010dasu odhoda potovanja\/izleta, lahko organiziramo hotelski prevzem z dopla\u010dilom. Ko bo va\u0161 nakup opravljen, vam bomo poslali popolne kontaktne podatke (telefonsko \u0161tevilko, e-po\u0161tni naslov itd.) za na\u0161ega lokalnega turisti\u010dnega vodnika, ki bo organiziral prevzem.<\/span><\/p>\n<h4><b><i>Potrditev dodatnih informacij <\/i><\/b><\/h4>\n<ol>\n<li>Vstopnice so potrdilo po pla\u010dilu tega izleta. Pla\u010dilo lahko prika\u017eete na telefonu.<\/li>\n<li style=\"font-weight: 400;\"><span style=\"font-weight: 400;\">Zbirno mesto bo prejeto po opravljenem postopku rezervacije.<\/span><\/li>\n<li style=\"font-weight: 400;\"><span style=\"font-weight: 400;\">Otroci morajo biti v spremstvu odrasle osebe.<\/span><\/li>\n<li style=\"font-weight: 400;\"><span style=\"font-weight: 400;\"> Ni dostopno z invalidskim vozi\u010dkom <\/span><\/li>\n<li style=\"font-weight: 400;\"><span style=\"font-weight: 400;\">Not Infants for this trip are allowed<\/span><\/li>\n<li style=\"font-weight: 400;\"><span style=\"font-weight: 400;\">Ni priporo\u010dljivo za popotnike s te\u017eavami s hrbtom<\/span><\/li>\n<li style=\"font-weight: 400;\"><span style=\"font-weight: 400;\">Ni priporo\u010dljivo za nose\u010dnice <\/span><\/li>\n<li style=\"font-weight: 400;\"><span style=\"font-weight: 400;\"> Brez te\u017eav s srcem ali drugih resnih zdravstvenih te\u017eav <\/span><\/li>\n<li style=\"font-weight: 400;\"><span style=\"font-weight: 400;\">Ve\u010dina popotnikov lahko sodeluje<\/span><\/li>\n<\/ol>\n<h4><b><i>Politika odpovedi<\/i><\/b><\/h4>\n<p><span style=\"font-weight: 400;\">Za povra\u010dilo celotnega zneska prekli\u010dite vsaj 24 ur pred datumom za\u010detka do\u017eivetja.<\/span><\/p>\n\n\t\t<\/div>\n\t<\/div>\n<\/div><\/div><\/div><\/div><div class=\"vc_row wpb_row vc_row-fluid\" ><div class=\"wpb_column vc_column_container vc_col-sm-12\"><div class=\"vc_column-inner\"><div class=\"wpb_wrapper\">\n\t<div class=\"wpb_text_column wpb_content_element\" >\n\t\t<div class=\"wpb_wrapper\">\n\t\t\t<h4>Kontaktiraj nas?<\/h4>\n<h5><em><strong>Booking Adventures<\/strong><\/em><\/h5>\n<p><em><strong>Doma\u010dini<\/strong> in <strong>Dr\u017eavljani<\/strong> Turisti\u010dni vodniki in storitve za goste<\/em><\/p>\n<p><span class=\"text-turquoise\">Rezervacije:<\/span> Ogledi in izleti v Dom Rep.<\/p>\n<p><img decoding=\"async\" class=\"emoji\" draggable=\"false\" src=\"https:\/\/s.w.org\/images\/core\/emoji\/11.2.0\/svg\/1f4de.svg\" alt=\"\ud83d\udcde\" \/> Tel\/Whatsapp\u00a0 <a href=\"tel:+1-809-720-6035\">+1-809-720-6035<\/a>.<\/p>\n<p><img decoding=\"async\" class=\"emoji\" draggable=\"false\" src=\"https:\/\/s.w.org\/images\/core\/emoji\/11.2.0\/svg\/1f4e9.svg\" alt=\"\ud83d\udce9\" \/> <a href=\"mailto:info@bookingadventures.com.do\">info@bookingadventures.com.do<\/a><\/p>\n<p><strong>Zasebne izlete prek Whatsappa smo prilagodljivi: <a href=\"tel:+18097206035\">+18097206035.<\/a><\/strong><\/p>\n\n\t\t<\/div>\n\t<\/div>\n<\/div><\/div><\/div><\/div>","protected":false},"excerpt":{"rendered":"<p>An extreme adventure to the higher waterfall of the Caribbean. Come with locals hiking or Horse riding to the Waterfall. Learning about the real Dominican lifestyle of the forest. Visiting the biggest plantations of Cacao trees forest in the Dominican Republic and learning about this story with Natives Tour guides.<\/p>\n<p>When you book this trip you are supporting Families from Magua, Sabana de la Mar Comunity. Where there are not tourists all around the year. Money stays with these locals.<\/p>\n<p>&nbsp;<\/p>\n<p><strong>Prosimo izberite datum za turnejo\u00a0<\/strong><\/p>","protected":false},"featured_media":62,"template":"","meta":[],"product_brand":[],"product_cat":[95,96,97,98,99,100],"product_tag":[101,102,103,104,105,106,107,108,109,110,111,112,113,114,115,116,117,118],"class_list":{"0":"post-32","1":"product","2":"type-product","3":"status-publish","4":"has-post-thumbnail","6":"product_cat-hike-to-miches-la-jalda-waterfall-waterfalls","7":"product_cat-hiking","8":"product_cat-horse-riding-to-waterfalls","9":"product_cat-local-tour-guides","10":"product_cat-swimming-natural-springs","11":"product_cat-waterfalls","12":"product_tag-higthest-waterfall-in-the-caribean","13":"product_tag-hike-la-jalda","14":"product_tag-hike-to-miches-la-jalda-waterfall-waterfalls","15":"product_tag-hiking","16":"product_tag-la-jalda-excursions","17":"product_tag-la-jalda-horses","18":"product_tag-la-jalda-national-park","19":"product_tag-la-jalda-waterfall","20":"product_tag-leaping","21":"product_tag-leaping-jalda","22":"product_tag-magua","23":"product_tag-magua-la-jalda","24":"product_tag-miches","25":"product_tag-sabana-de-la-mar","26":"product_tag-salto-de-la-jalda","27":"product_tag-salto-la-jalda-sabana-de-la-mar","28":"product_tag-salto-la-jalda-tours","29":"product_tag-waterfalls","31":"first","32":"instock","33":"sale","34":"featured","35":"sold-individually","36":"shipping-taxable","37":"product-type-external"},"_links":{"self":[{"href":"https:\/\/parador.haitises.com\/sl\/wp-json\/wp\/v2\/product\/32","targetHints":{"allow":["GET"]}}],"collection":[{"href":"https:\/\/parador.haitises.com\/sl\/wp-json\/wp\/v2\/product"}],"about":[{"href":"https:\/\/parador.haitises.com\/sl\/wp-json\/wp\/v2\/types\/product"}],"wp:featuredmedia":[{"embeddable":true,"href":"https:\/\/parador.haitises.com\/sl\/wp-json\/wp\/v2\/media\/62"}],"wp:attachment":[{"href":"https:\/\/parador.haitises.com\/sl\/wp-json\/wp\/v2\/media?parent=32"}],"wp:term":[{"taxonomy":"product_brand","embeddable":true,"href":"https:\/\/parador.haitises.com\/sl\/wp-json\/wp\/v2\/product_brand?post=32"},{"taxonomy":"product_cat","embeddable":true,"href":"https:\/\/parador.haitises.com\/sl\/wp-json\/wp\/v2\/product_cat?post=32"},{"taxonomy":"product_tag","embeddable":true,"href":"https:\/\/parador.haitises.com\/sl\/wp-json\/wp\/v2\/product_tag?post=32"}],"curies":[{"name":"wp","href":"https:\/\/api.w.org\/{rel}","templated":true}]}}