{"id":10900,"date":"2020-07-15T20:24:07","date_gmt":"2020-07-15T20:24:07","guid":{"rendered":"http:\/\/parador.haitises.com\/Republica-Dominicana\/import-placeholder-for-9686\/"},"modified":"2024-04-16T01:30:31","modified_gmt":"2024-04-16T01:30:31","slug":"ermitano-beach-playa-ermitano-boat-tour-and-playa-onda-half-day-trip-samana-dominican-republic-2","status":"publish","type":"product","link":"https:\/\/parador.haitises.com\/tr\/ozel\/ermitano-beach-playa-ermitano-boat-tour-and-playa-onda-half-day-trip-samana-dominican-republic-2\/","title":{"rendered":"(Ermitano Plaj\u0131) Playa Ermita\u00f1o Tekne turu ve Playa Honda, Yar\u0131m G\u00fcnl\u00fck Gezi, Saman\u00e1 \u2013 Dominik Cumhuriyeti."},"content":{"rendered":"<div class=\"vc_row wpb_row vc_row-fluid\" ><div class=\"wpb_column vc_column_container vc_col-sm-12\"><div class=\"vc_column-inner\"><div class=\"wpb_wrapper\">[mkdf_section_title title_tag=\u00bb\u00bb disable_break_words=\u00bbno\u00bb subtitle_tag=\u00bb\u00bb title=\u00bbPlaya Rinc\u00f3n, Playa Fronton + Playa Madame Beach, Saman\u00e1 &#8211; Dominican Republic.\u00bb subtitle=\u00bbLunch, Boat Ride and Private Transportation From Hotels.\u00bb]\n\t<div class=\"wpb_text_column wpb_content_element\" >\n\t\t<div class=\"wpb_wrapper\">\n\t\t\t<h2 class=\"styles__heading___mD4_3\" data-radium=\"true\">(Ermitano Beach) Playa Ermita\u00f1o boat tour and Playa Onda private Trip.<\/h2>\n<h4><b><i>Genel Bak\u0131\u015f <\/i><\/b><\/h4>\n<p>The trip starts picking you up in your hotel or at the airport in Samana area or Las Galeras. Start your experience at Playa El Valle, a beautiful and unique beach near to Saman\u00e1. Enjoy a 25 min boat ride to Playa Ermita\u00f1o, which is a still unexplored and isolated beach with turquoise blue water. Relish fresh coconut water. Discover the real and untouched beauty of the Dominican Republic and emmerse yourself into nature, as you explore the secret cave nearby. Stay at Playa Ermita\u00f1o as long as you want, and visit Playa Onda, another beautiful wild beach, only a 15 min boat ride away. Return to Playa El Valle and then proceed to Saman\u00e1, will see local houses and learn about the Dominican real life.<\/p>\n<p>&nbsp;<\/p>\n<ul>\n<li>B\u00f6lgede G\u00fcvenlik deneyimine sahip Yerel Rehber.<\/li>\n<li>\u00d6zel ula\u015f\u0131m<\/li>\n<li>\u00dccretler dahil<\/li>\n<li>Sahilde \u00d6\u011fle Yeme\u011fi<\/li>\n<li>\u0130spanyolca, \u0130ngilizce veya Frans\u0131zca Yerel Tur Rehberi.<\/li>\n<li>Do\u011fa y\u00fcr\u00fcy\u00fc\u015f\u00fc<\/li>\n<\/ul>\n<h4><b>Dahil Edilenler ve Hari\u00e7 Tutulanlar<\/b><\/h4>\n<p>&nbsp;<\/p>\n<p><b>Kapsamalar<\/b><\/p>\n<ol>\n<li><span style=\"font-weight: 400;\">B\u00f6lgede G\u00fcvenlik deneyimine sahip Yerel Rehber.<\/span><\/li>\n<li>K\u00fc\u00e7\u00fck gruplar i\u00e7in \u00f6zel ula\u015f\u0131m<\/li>\n<li style=\"font-weight: 400;\">El Rincon Plaj\u0131<\/li>\n<li>Dominican House Ranch<\/li>\n<li>Cano Frio River<\/li>\n<li style=\"font-weight: 400;\"><span style=\"font-weight: 400;\">T\u00fcm vergiler, har\u00e7lar ve i\u015flem \u00fccretleri<\/span><\/li>\n<li style=\"font-weight: 400;\"><span style=\"font-weight: 400;\">Yerel vergiler<\/span><\/li>\n<li>Sahilde \u00d6\u011fle Yeme\u011fi<\/li>\n<li>Do\u011fa y\u00fcr\u00fcy\u00fc\u015f\u00fc<\/li>\n<li style=\"font-weight: 400;\"><span style=\"font-weight: 400;\">T\u00fcm faaliyetler<\/span><\/li>\n<\/ol>\n<p><b> \u0130stisnalar<\/b><\/p>\n<ol>\n<li style=\"font-weight: 400;\"><span style=\"font-weight: 400;\">Bah\u015fi\u015fler<\/span><\/li>\n<li>T\u00fcm \u0130\u00e7ecekler<\/li>\n<\/ol>\n<h4><em><strong>Gidi\u015f &amp; D\u00f6n\u00fc\u015f<\/strong><\/em><\/h4>\n<p><span style=\"font-weight: 400;\">Yolcu, Rezervasyon \u0130\u015fleminden sonra bir bulu\u015fma noktas\u0131 alacakt\u0131r. Turlar bulu\u015fma noktalar\u0131n\u0131zda ba\u015flar ve biter.<\/span><\/p>\n<h2 class=\"styles__heading___mD4_3\" data-radium=\"true\">(Ermitano Beach) Playa Ermita\u00f1o boat tour and Playa Onda private Trip.<\/h2>\n<h4><em>Ne bekleyebilece\u011finizi?<\/em><\/h4>\n<p>After departing Samana hotels area and driving across Dominican streets, you will see and learn about local\u2019s life style.This beach is located between Playa\u00a0 Honda and Playa El Valle In Samana&#8217;s Peninsula. It has a length of 400 meters and is surrounded by reefs. \u00a0The only way \u00a0to access this beach is hiking, through a dense jungle-like trail path or with a boat.<\/p>\n<p>The story of his name is so fascinating and interesting\u2026 Juan El Ermita\u00f1o apparently was a French pirate who, repentant, landed one day on this playa in Samana. The story goes he had been alone and isolated from the world during the year 1780. The legend says that after 22 years of exile, he was discovered by surprise by his former fellow corsairs who believed him dead. But the Spaniards, who were astonished by his austerity and constancy, granted him pardon, considering him almost a saint. But as with any history of pirates that boasts, Juan El Ermita\u00f1o kept a great secret: he kept a precious booty of his time as a pirate who hid on this beach.<\/p>\n<p>When arriving there you will see in front of you a postcard perfect landscape. You will have the impression of being unique in the world in this magical place of its lush and tropical vegetation and by the beauty of its crystal clear waters. \u00a0This beach makes a wow-experience come true.<\/p>\n<p>The Turkish and Swedish version of Survivor tv series were shot on this beach<\/p>\n<p>This tour, organized by \u00abBooking Adventures\u00bb starts at the meeting point set with our Tour Guide. Come with Booking Adventures and have lunch at the beach and enjoy the one of the\u00a0most amazing beaches in Samana, Dominican Republic.<\/p>\n<h4><em><strong>Ne getirmelisiniz?<\/strong><\/em><\/h4>\n<ul>\n<li style=\"font-weight: 400;\"><span style=\"font-weight: 400;\">kamera<\/span><\/li>\n<li style=\"font-weight: 400;\"><span style=\"font-weight: 400;\">Kovucu tomurcuklar<\/span><\/li>\n<li style=\"font-weight: 400;\"><span style=\"font-weight: 400;\">G\u00fcne\u015f Kremi<\/span><\/li>\n<li>Su<\/li>\n<li style=\"font-weight: 400;\"><span style=\"font-weight: 400;\">\u015eapka<\/span><\/li>\n<li style=\"font-weight: 400;\"><span style=\"font-weight: 400;\">Rahat pantolon<\/span><\/li>\n<li style=\"font-weight: 400;\"><span style=\"font-weight: 400;\">Orman i\u00e7in y\u00fcr\u00fcy\u00fc\u015f ayakkab\u0131s\u0131<\/span><\/li>\n<li style=\"font-weight: 400;\"><span style=\"font-weight: 400;\">Bahar b\u00f6lgelerine sandaletler.<\/span><\/li>\n<li style=\"font-weight: 400;\"><span style=\"font-weight: 400;\">Y\u00fczme giysileri<\/span><\/li>\n<\/ul>\n<p>&nbsp;<\/p>\n<h4><b><i>Otelden Alma <\/i><\/b><\/h4>\n<p><span style=\"font-weight: 400;\">Bu tur i\u00e7in otelden alma hizmeti sunulmaktad\u0131r. <\/span><\/p>\n<p>&nbsp;<\/p>\n<p><b>Not:<\/b><span style=\"font-weight: 400;\"> Tur \/ Gezi kalk\u0131\u015f saatinden sonraki 24 saat i\u00e7inde rezervasyon yap\u0131yorsan\u0131z, otelden alma ayarlayabiliriz. Biz sadece Samana b\u00f6lgesinden al\u0131yoruz. Sat\u0131n alma i\u015fleminiz tamamland\u0131ktan sonra, yerel Tur rehberimizin teslim alma d\u00fczenlemelerini organize etmesi i\u00e7in size eksiksiz ileti\u015fim bilgilerini (telefon numaras\u0131, e-posta adresi vb.) G\u00f6nderece\u011fiz.<\/span><\/p>\n<h4><b><i>Ek Bilgi Onay\u0131 <\/i><\/b><\/h4>\n<ol>\n<li>Biletler bu Turu \u00f6dedikten sonra al\u0131nan Makbuzdur. \u00d6demeyi telefonunuzda g\u00f6sterebilirsiniz.<\/li>\n<li style=\"font-weight: 400;\"><span style=\"font-weight: 400;\">Rezervasyon \u0130\u015fleminden Sonra Bulu\u015fma Noktas\u0131na Al\u0131nacakt\u0131r.<\/span><\/li>\n<li style=\"font-weight: 400;\"><span style=\"font-weight: 400;\">\u00c7ocuklara bir yeti\u015fkinin e\u015flik etmesi gerekmektedir.<\/span><\/li>\n<li style=\"font-weight: 400;\"><span style=\"font-weight: 400;\"> Tekerlekli sandalye eri\u015fimine uygun de\u011fil <\/span><\/li>\n<li style=\"font-weight: 400;\"><span style=\"font-weight: 400;\">Bebekler kucakta oturmal\u0131 <\/span><\/li>\n<li style=\"font-weight: 400;\"><span style=\"font-weight: 400;\">S\u0131rt sorunu olan gezginler i\u00e7in \u00f6nerilmez<\/span><\/li>\n<li style=\"font-weight: 400;\"><span style=\"font-weight: 400;\">Hamile gezginler i\u00e7in \u00f6nerilmez <\/span><\/li>\n<li style=\"font-weight: 400;\"><span style=\"font-weight: 400;\"> Kalp problemi veya ba\u015fka ciddi t\u0131bbi durum yok <\/span><\/li>\n<li style=\"font-weight: 400;\"><span style=\"font-weight: 400;\">\u00c7o\u011fu gezgin kat\u0131labilir<\/span><\/li>\n<\/ol>\n<h4><b><i>\u0130ptal politikas\u0131<\/i><\/b><\/h4>\n<p><span style=\"font-weight: 400;\">Tam geri \u00f6deme i\u00e7in, deneyimin ba\u015flang\u0131\u00e7 tarihinden en az 24 saat \u00f6nce iptal edin. Rezervasyonun seyahatle ayn\u0131 g\u00fcn iptal edilmesi durumunda fonlar kaybedilecektir.<\/span><\/p>\n\n\t\t<\/div>\n\t<\/div>\n<\/div><\/div><\/div><\/div><div class=\"vc_row wpb_row vc_row-fluid\" ><div class=\"wpb_column vc_column_container vc_col-sm-12\"><div class=\"vc_column-inner\"><div class=\"wpb_wrapper\">\n\t<div class=\"wpb_video_widget wpb_content_element vc_clearfix   vc_video-aspect-ratio-169 vc_video-el-width-100 vc_video-align-left\" >\n\t\t<div class=\"wpb_wrapper\">\n\t\t\t<h2 class=\"wpb_heading wpb_video_heading\">Watch Video:<\/h2>\n\t\t\t<div class=\"wpb_video_wrapper\"><iframe loading=\"lazy\" title=\"Playa Ermita&amp;ntilde;o - Saman&amp;aacute;, Rep&amp;uacute;blica Dominicana\" src=\"https:\/\/player.vimeo.com\/video\/263076708?dnt=1&amp;app_id=122963\" width=\"1100\" height=\"619\" frameborder=\"0\" allow=\"autoplay; fullscreen\" allowfullscreen><\/iframe><\/div>\n\t\t<\/div>\n\t<\/div>\n<\/div><\/div><\/div><\/div><div class=\"vc_row wpb_row vc_row-fluid\" ><div class=\"wpb_column vc_column_container vc_col-sm-12\"><div class=\"vc_column-inner\"><div class=\"wpb_wrapper\"><div class=\"vc_empty_space\"   style=\"height: 32px\"><span class=\"vc_empty_space_inner\"><\/span><\/div>\n\t<div class=\"wpb_text_column wpb_content_element\" >\n\t\t<div class=\"wpb_wrapper\">\n\t\t\t<h4>Bize Ula\u015f\u0131n?<\/h4>\n<h5>Rezervasyon Maceralar\u0131<\/h5>\n<p><em><strong>Yerliler<\/strong>\u00a0Ve\u00a0<strong>Vatanda\u015flar<\/strong>\u00a0Tur Rehberleri ve Misafir Hizmetleri<\/em><\/p>\n<p><span class=\"text-turquoise\">Rezervasyonlar:<\/span>\u00a0Dom. Cum. s\u0131n\u0131rlar\u0131ndaki Turlar ve Geziler<\/p>\n<p><img decoding=\"async\" class=\"emoji\" draggable=\"false\" src=\"https:\/\/s.w.org\/images\/core\/emoji\/11.2.0\/svg\/1f4de.svg\" alt=\"\ud83d\udcde\" \/>\u00a0Tel\/Whatsapp\u00a0\u00a0<a href=\"tel:+1-809-720-6035\">+1-809-720-6035<\/a>.<\/p>\n<p><img decoding=\"async\" class=\"emoji\" draggable=\"false\" src=\"https:\/\/s.w.org\/images\/core\/emoji\/11.2.0\/svg\/1f4e9.svg\" alt=\"\ud83d\udce9\" \/>\u00a0<a href=\"mailto:info@bookingadventures.com.do\">info@bookingadventures.com.do<\/a><\/p>\n<p><strong>Whatsapp ile \u00d6zel Turlar\u0131 Esnek Ayarl\u0131yoruz:\u00a0<a href=\"tel:+18097206035\">+18097206035.<\/a><\/strong><\/p>\n\n\t\t<\/div>\n\t<\/div>\n<div class=\"vc_empty_space\"   style=\"height: 32px\"><span class=\"vc_empty_space_inner\"><\/span><\/div><\/div><\/div><\/div><\/div>","protected":false},"excerpt":{"rendered":"<p>The trip starts picking you up in your hotel or at the airport in the Samana area of Las Galeras. Start your experience at Playa El Valle, a beautiful and unique beach near Saman\u00e1. Enjoy a 25 min boat ride to Playa Ermita\u00f1o, which is a still unexplored and isolated beach with turquoise blue water. Relish fresh coconut water. Discover the real and untouched beauty of the Dominican Republic and immerse yourself into nature, as you explore the secret cave nearby. Stay at Playa Ermita\u00f1o as long as you want, and visit Playa Onda, another beautiful wild beach, only a 15 min boat ride away. Return to Playa El Valle and then proceed to Saman\u00e1, will see local houses and learn about the Dominican real life. This is a half-day experience of the real Samana in the Dominican Republic.<\/p>\n<p>&nbsp;<\/p>\n<p><strong>L\u00fctfen Tur i\u00e7in tarih se\u00e7iniz:\u00a0<\/strong><\/p>","protected":false},"featured_media":484,"template":"","meta":[],"product_brand":[],"product_cat":[356,98,135,124],"product_tag":[376,377,378,379,380,381,382,383,384,385,386,387,388,389,201,270,148,143],"class_list":{"0":"post-10900","1":"product","2":"type-product","3":"status-publish","4":"has-post-thumbnail","6":"product_cat-day-trips","7":"product_cat-local-tour-guides","8":"product_cat-lunch","9":"product_cat-tours-excursions-samana-bay-dominican-republic","10":"product_tag-ermitano-beach-playa-ermitano-boat-tour-and-playa-onda-private-trip","11":"product_tag-ermitano-beach","12":"product_tag-ermitano-excursion","13":"product_tag-ermitano-samana","14":"product_tag-ermitano-tour","15":"product_tag-las-terrenas-excursions","16":"product_tag-las-terrenas-tours","17":"product_tag-onda-beach","18":"product_tag-playa-ermitano-and-playa-onda-private-boat-tour","19":"product_tag-playa-ermitano-tour","20":"product_tag-playa-honda-samana","21":"product_tag-playa-onda","22":"product_tag-playa-onda-location","23":"product_tag-playa-onda-samana-maps","24":"product_tag-private-tours-samana","25":"product_tag-samana-dominican-republic","26":"product_tag-samana-excursions","27":"product_tag-samana-tours","29":"first","30":"instock","31":"sale","32":"sold-individually","33":"shipping-taxable","34":"product-type-external"},"_links":{"self":[{"href":"https:\/\/parador.haitises.com\/tr\/wp-json\/wp\/v2\/product\/10900","targetHints":{"allow":["GET"]}}],"collection":[{"href":"https:\/\/parador.haitises.com\/tr\/wp-json\/wp\/v2\/product"}],"about":[{"href":"https:\/\/parador.haitises.com\/tr\/wp-json\/wp\/v2\/types\/product"}],"wp:featuredmedia":[{"embeddable":true,"href":"https:\/\/parador.haitises.com\/tr\/wp-json\/wp\/v2\/media\/484"}],"wp:attachment":[{"href":"https:\/\/parador.haitises.com\/tr\/wp-json\/wp\/v2\/media?parent=10900"}],"wp:term":[{"taxonomy":"product_brand","embeddable":true,"href":"https:\/\/parador.haitises.com\/tr\/wp-json\/wp\/v2\/product_brand?post=10900"},{"taxonomy":"product_cat","embeddable":true,"href":"https:\/\/parador.haitises.com\/tr\/wp-json\/wp\/v2\/product_cat?post=10900"},{"taxonomy":"product_tag","embeddable":true,"href":"https:\/\/parador.haitises.com\/tr\/wp-json\/wp\/v2\/product_tag?post=10900"}],"curies":[{"name":"wp","href":"https:\/\/api.w.org\/{rel}","templated":true}]}}