{"id":11647,"date":"2023-10-04T07:39:47","date_gmt":"2023-10-04T07:39:47","guid":{"rendered":"http:\/\/parador.haitises.com\/?post_type=product&#038;p=11647"},"modified":"2024-04-01T15:37:17","modified_gmt":"2024-04-01T15:37:17","slug":"el-limon-waterfall-bacardi-island-cayo-levantado-from-punta-cana-hotels","status":"publish","type":"product","link":"https:\/\/parador.haitises.com\/zh\/\u79c1\u4eba\u7684\/el-limon-waterfall-bacardi-island-cayo-levantado-from-punta-cana-hotels\/","title":{"rendered":"El Lim\u00f3n Waterfall and Bacardi Island (Cayo Levantado) Tour from Punta Cana Hotels"},"content":{"rendered":"<div class=\"vc_row wpb_row vc_row-fluid\" ><div class=\"wpb_column vc_column_container vc_col-sm-12\"><div class=\"vc_column-inner\"><div class=\"wpb_wrapper\">[mkdf_section_title title_tag=\u00bb\u00bb disable_break_words=\u00bbno\u00bb subtitle_tag=\u00bb\u00bb title=\u00bbEl Limon Waterfall &amp; Bacardi Island from Punta Cana Hotels\u00bb subtitle=\u00bb(Pick-up in Punta Cana)\u00bb]<\/div><\/div><\/div><\/div><div class=\"vc_row wpb_row vc_row-fluid\" ><div class=\"wpb_column vc_column_container vc_col-sm-12\"><div class=\"vc_column-inner\"><div class=\"wpb_wrapper\"><div class=\"vc_btn3-container vc_btn3-inline\" ><button class=\"vc_general vc_btn3 vc_btn3-size-md vc_btn3-shape-rounded vc_btn3-style-modern vc_btn3-color-green\">\u73b0\u5728\u9884\u8ba2<\/button><\/div>\n\t<div class=\"wpb_text_column wpb_content_element\" >\n\t\t<div class=\"wpb_wrapper\">\n\t\t\t<h4><b><i>\u6982\u8ff0 <\/i><\/b><\/h4>\n<p>If you are in Punta Cana or Bavaro, Looking for a day trip paying less than normal. Book this trip with a pick up at your hotel in Punta Cana. Bus will tak eyou to Sabana de la mar where we take catamaran to pass Samana bay . Visiting Samana community on Safari to arrive in El Lim\u00f3n Comunity, Horse riding or Hiking to the Waterfalls after crossing Samana Bay and Luch time at Bacardi Island. This trip Starts at 6: 00 am and finish at 6:30 pm.<\/p>\n<p>After this experience, you will get Back to Your Hotel.<\/p>\n<ul>\n<li style=\"font-weight: 400;\">\u5305\u542b\u8d39\u7528<\/li>\n<li>\u5305\u62ec\u6d77\u6ee9\u5348\u9910<\/li>\n<li>Transfer incluided<\/li>\n<li style=\"font-weight: 400;\"><span style=\"font-weight: 400;\">\u8be5\u6307\u5357\u63d0\u4f9b\u6307\u5bfc\u548c\u76d1\u7763<\/span><\/li>\n<\/ul>\n<p>&nbsp;<\/p>\n<h4><b>\u5305\u542b\u4e0e\u6392\u9664<\/b><\/h4>\n<p>&nbsp;<\/p>\n<p><b>\u5185\u542b\u7269<\/b><\/p>\n<p>&nbsp;<\/p>\n<ol>\n<li style=\"font-weight: 400;\">Hotel pick up<\/li>\n<li style=\"font-weight: 400;\">\u8428\u9a6c\u7eb3\u6e7e<\/li>\n<li>\u5df4\u5361\u5c14\u8fea\u5c9b\u3001\u6d77\u6ee9\u548c\u5348\u9910<\/li>\n<li>\u524d\u5f80\u57c3\u5229\u8499\u7684\u91ce\u751f\u52a8\u7269\u56ed<\/li>\n<li>\u9a91\u9a6c\u6216\u5f92\u6b65\u524d\u5f80\u7011\u5e03<\/li>\n<li>\u591a\u7c73\u5c3c\u52a0\u9e21\u5c3e\u9152<\/li>\n<li style=\"font-weight: 400;\"><span style=\"font-weight: 400;\">\u6240\u6709\u7a0e\u8d39\u3001\u8d39\u7528\u548c\u624b\u7eed\u8d39<\/span><\/li>\n<li style=\"font-weight: 400;\"><span style=\"font-weight: 400;\">\u5730\u65b9\u7a0e<\/span><\/li>\n<li style=\"font-weight: 400;\"><span style=\"font-weight: 400;\">\u996e\u6599<\/span><\/li>\n<li style=\"font-weight: 400;\"><span style=\"font-weight: 400;\">\u6240\u6709\u6d3b\u52a8<\/span><\/li>\n<li style=\"font-weight: 400;\"><span style=\"font-weight: 400;\">\u5f53\u5730\u5bfc\u6e38<\/span><\/li>\n<\/ol>\n<p><b> \u6392\u9664\u60c5\u51b5<\/b><\/p>\n<ol>\n<li style=\"font-weight: 400;\"><span style=\"font-weight: 400;\">\u5c0f\u8d39<\/span><\/li>\n<li style=\"font-weight: 400;\"><span style=\"font-weight: 400;\">\u9e21\u5c3e\u9152\u540e\u7684\u9152\u7cbe\u996e\u6599\u00a0<\/span><\/li>\n<\/ol>\n<p>&nbsp;<\/p>\n<h4><em><strong>\u51fa\u53d1\u53ca\u8fd4\u56de<\/strong><\/em><\/h4>\n<p><span style=\"font-weight: 400;\">\u65c5\u5ba2\u5c06\u5728\u9884\u8ba2\u6d41\u7a0b\u7ed3\u675f\u540e\u83b7\u5f97\u96c6\u5408\u70b9\u3002\u65c5\u884c\u5728\u6211\u4eec\u7684\u96c6\u5408\u70b9\u5f00\u59cb\u548c\u7ed3\u675f\u3002<\/span><\/p>\n<p>&nbsp;<\/p>\n<h4><b><i>\u671f\u5f85\u4ec0\u4e48\uff1f<\/i><\/b><\/h4>\n<p>&nbsp;<\/p>\n<p><em><strong>\u83b7\u53d6\u95e8\u7968<\/strong><\/em> \u9a91\u9a6c\u6216\u5f92\u6b65\u6e38\u89c8\u7011\u5e03\u3001\u8428\u9a6c\u7eb3\u91ce\u751f\u52a8\u7269\u56ed\u3001\u5728\u7011\u5e03\u7684\u5929\u7136\u6cc9\u6c34\u4e2d\u6e38\u6cf3\u3001\u5728\u5df4\u5361\u5c14\u8fea\u5c9b\u4eab\u7528\u5348\u9910\u4ee5\u53ca\u6d77\u6ee9\u65f6\u5149\u3002<\/p>\n<p>Starting from Punta Cana on Bus we will drive to Samana bay port. In the Port we get onboard of a Boat or Catamaran with a Local tour guide we pass Saman\u00e1 Bay to Saman\u00e1 community. Taking a Safari with a local tour guide to talk about Saman\u00e1 history until arrive in El Limon Comunity. In El Lim\u00f3n Comunity we start hiking or Horse riding by El Limon waterfalls forest to the El Lim\u00f3n Waterfalls. Where when we arrive we can swim!\u00a0 After back to Safari to go to Samana port. Visit Bacardi island for lunch on the beach and swimming in one of the most beautiful islands from the Dominican Republic.<\/p>\n<p>In Case you will like this trip longer or Shorter just contact Us&#8230;<\/p>\n<p>&nbsp;<\/p>\n<p>&nbsp;<\/p>\n<h4><em><strong>\u4f60\u5e94\u8be5\u5e26\u4ec0\u4e48\uff1f<\/strong><\/em><\/h4>\n<ul>\n<li style=\"font-weight: 400;\"><span style=\"font-weight: 400;\">\u76f8\u673a<\/span><\/li>\n<li style=\"font-weight: 400;\"><span style=\"font-weight: 400;\">\u9a71\u866b\u82bd<\/span><\/li>\n<li style=\"font-weight: 400;\"><span style=\"font-weight: 400;\">\u9632\u6652\u971c<\/span><\/li>\n<li style=\"font-weight: 400;\"><span style=\"font-weight: 400;\">\u5e3d\u5b50<\/span><\/li>\n<li style=\"font-weight: 400;\"><span style=\"font-weight: 400;\">\u8212\u9002\u7684\u88e4\u5b50<\/span><\/li>\n<li style=\"font-weight: 400;\"><span style=\"font-weight: 400;\">\u68ee\u6797\u767b\u5c71\u978b<\/span><\/li>\n<li style=\"font-weight: 400;\"><span style=\"font-weight: 400;\">\u51c9\u978b\u5230\u6625\u5929\u5730\u533a\u3002<\/span><\/li>\n<li style=\"font-weight: 400;\"><span style=\"font-weight: 400;\">\u6cf3\u88c5<\/span><\/li>\n<\/ul>\n<p>&nbsp;<\/p>\n<h4><b><i>\u9152\u5e97\u63a5\u9001 <\/i><\/b><\/h4>\n<p><span style=\"font-weight: 400;\">\u63d0\u4f9b\u65c5\u5ba2\u63a5\u9001\u670d\u52a1\uff01<\/span><\/p>\n<p><span style=\"font-weight: 400;\">\u6211\u4eec\u63d0\u4f9b\u84ec\u5854\u5361\u7eb3\u6240\u6709\u9152\u5e97\u7684\u63a5\u673a\u670d\u52a1\u3002\u63a5\u9001\u5730\u70b9\u4e3a\u9152\u5e97\u5927\u5802<br \/>\n\u5982\u679c\u60a8\u4f4f\u5728\u8be5\u5730\u533a\u7684\u516c\u5bd3\uff0c\u6211\u4eec\u5c06\u5728\u516c\u5bd3\u6216\u6700\u8fd1\u7684\u5ea6\u5047\u6751\u95e8\u53e3\u63a5\u60a8...\u901a\u8fc7 Whatsapp \u4e0e\u6211\u4eec\u8054\u7cfb\uff0c\u6211\u4eec\u5c06\u5b89\u6392\u63a5\u673a\u3002<\/span><\/p>\n<p><b>\u7b14\u8bb0\uff1a<\/b><span style=\"font-weight: 400;\"> \u5982\u679c\u60a8\u5728\u65c5\u6e38\/\u6e38\u89c8\u51fa\u53d1\u524d 24 \u5c0f\u65f6\u5185\u9884\u8ba2\uff0c\u6211\u4eec\u53ef\u4ee5\u5b89\u6392\u9152\u5e97\u63a5\u673a\u3002\u8d2d\u4e70\u5b8c\u6210\u540e\uff0c\u6211\u4eec\u5c06\u5411\u60a8\u53d1\u9001\u5b8c\u6574\u7684\u8054\u7cfb\u4fe1\u606f\uff08\u7535\u8bdd\u53f7\u7801\u3001\u7535\u5b50\u90ae\u4ef6\u5730\u5740\u7b49\uff09\uff0c\u4ee5\u4fbf\u6211\u4eec\u7684\u5f53\u5730\u5bfc\u6e38\u5b89\u6392\u63a5\u673a\u4e8b\u5b9c\u3002<\/span><\/p>\n<h4><b><i>\u9644\u52a0\u4fe1\u606f\u786e\u8ba4 <\/i><\/b><\/h4>\n<ol>\n<li>\u95e8\u7968\u662f\u652f\u4ed8\u672c\u6b21\u65c5\u6e38\u8d39\u7528\u540e\u7684\u6536\u636e\u3002\u60a8\u53ef\u4ee5\u5728\u624b\u673a\u4e0a\u51fa\u793a\u4ed8\u6b3e\u4fe1\u606f\u3002<\/li>\n<li style=\"font-weight: 400;\"><span style=\"font-weight: 400;\">\u9884\u8ba2\u6d41\u7a0b\u540e\u5c06\u6536\u5230\u96c6\u5408\u70b9\u3002<\/span><\/li>\n<li style=\"font-weight: 400;\"><span style=\"font-weight: 400;\">\u513f\u7ae5\u5fc5\u987b\u7531\u6210\u4eba\u966a\u540c\u3002<\/span><\/li>\n<li style=\"font-weight: 400;\"><span style=\"font-weight: 400;\"> \u4e0d\u9002\u5408\u8f6e\u6905\u4f7f\u7528\u8005 <\/span><\/li>\n<li style=\"font-weight: 400;\"><span style=\"font-weight: 400;\">\u5a74\u513f\u5fc5\u987b\u5750\u5728\u817f\u4e0a <\/span><\/li>\n<li style=\"font-weight: 400;\"><span style=\"font-weight: 400;\">\u4e0d\u63a8\u8350\u6709\u80cc\u90e8\u95ee\u9898\u7684\u65c5\u884c\u8005<\/span><\/li>\n<li style=\"font-weight: 400;\"><span style=\"font-weight: 400;\">\u4e0d\u5efa\u8bae\u6000\u5b55\u65c5\u5ba2\u4f7f\u7528 <\/span><\/li>\n<li style=\"font-weight: 400;\"><span style=\"font-weight: 400;\"> \u6ca1\u6709\u5fc3\u810f\u95ee\u9898\u6216\u5176\u4ed6\u4e25\u91cd\u7684\u533b\u7597\u72b6\u51b5 <\/span><\/li>\n<li style=\"font-weight: 400;\"><span style=\"font-weight: 400;\">\u5927\u591a\u6570\u65c5\u5ba2\u90fd\u53ef\u4ee5\u53c2\u52a0<\/span><\/li>\n<\/ol>\n<h4><b><i>\u53d6\u6d88\u653f\u7b56<\/i><\/b><\/h4>\n<p>\u5982\u9700\u5168\u989d\u9000\u6b3e\uff0c\u8bf7\u9605\u8bfb\u6211\u4eec\u7684\u53d6\u6d88\u653f\u7b56\u00a0<a href=\"https:\/\/www.ticketswhales.com\/online-booking\/\" target=\"_blank\" rel=\"noopener\" data-saferedirecturl=\"https:\/\/www.google.com\/url?q=https:\/\/www.ticketswhales.com\/online-booking\/&amp;source=gmail&amp;ust=1672449202351000&amp;usg=AOvVaw1yAeVAPktmaVCqDujgUn90\">\u70b9\u51fb\u8fd9\u91cc<\/a>.\u5982\u679c\u5728\u65c5\u884c\u5f53\u5929\u53d6\u6d88\u9884\u8ba2\uff0c\u5219\u4f1a\u635f\u5931\u8d44\u91d1\u3002<\/p>\n\n\t\t<\/div>\n\t<\/div>\n<\/div><\/div><\/div><\/div><div class=\"vc_row wpb_row vc_row-fluid\" ><div class=\"wpb_column vc_column_container vc_col-sm-12\"><div class=\"vc_column-inner\"><div class=\"wpb_wrapper\"><div class=\"vc_empty_space\"   style=\"height: 32px\"><span class=\"vc_empty_space_inner\"><\/span><\/div>\n\t<div class=\"wpb_text_column wpb_content_element\" >\n\t\t<div class=\"wpb_wrapper\">\n\t\t\t<h4>\u8054\u7cfb\u6211\u4eec\uff1f<\/h4>\n<h5><em><strong>\u9884\u8ba2\u5192\u9669<\/strong><\/em><\/h5>\n<p><em><strong>\u5f53\u5730\u4eba<\/strong> \u548c <strong>\u56fd\u6c11\u961f<\/strong> \u5bfc\u6e38\u548c\u5bbe\u5ba2\u670d\u52a1<\/em><\/p>\n<p><span class=\"text-turquoise\">\u9884\u8ba2\uff1a<\/span> \u5728Dom. Rep. \u7684\u6e38\u89c8\u4e0e\u6e38\u89c8<\/p>\n<p><img decoding=\"async\" class=\"emoji\" draggable=\"false\" src=\"https:\/\/s.w.org\/images\/core\/emoji\/11.2.0\/svg\/1f4de.svg\" alt=\"\ud83d\udcde\" \/> \u7535\u8bdd\/Whatsapp\u00a0 <a href=\"tel:+1-809-720-6035\">+1-809-720-6035<\/a>.<\/p>\n<p><img decoding=\"async\" class=\"emoji\" draggable=\"false\" src=\"https:\/\/s.w.org\/images\/core\/emoji\/11.2.0\/svg\/1f4e9.svg\" alt=\"\ud83d\udce9\" \/> <a href=\"mailto:info@bookingadventures.com.do\">info@bookingadventures.com.do<\/a><\/p>\n<p><strong>\u6211\u4eec\u53ef\u4ee5\u901a\u8fc7 Whatsapp \u7075\u6d3b\u8bbe\u7f6e\u79c1\u4eba\u65c5\u6e38\uff1a <a href=\"tel:+18097206035\">+18097206035.<\/a><\/strong><\/p>\n\n\t\t<\/div>\n\t<\/div>\n<div class=\"vc_empty_space\"   style=\"height: 32px\"><span class=\"vc_empty_space_inner\"><\/span><\/div><\/div><\/div><\/div><\/div><div class=\"vc_row wpb_row vc_row-fluid\" ><div class=\"wpb_column vc_column_container vc_col-sm-12\"><div class=\"vc_column-inner\"><div class=\"wpb_wrapper\"><div class=\"vc_btn3-container vc_btn3-inline\" ><button class=\"vc_general vc_btn3 vc_btn3-size-md vc_btn3-shape-rounded vc_btn3-style-modern vc_btn3-color-green\">\u73b0\u5728\u9884\u8ba2<\/button><\/div><\/div><\/div><\/div><\/div>","protected":false},"excerpt":{"rendered":"<p>If you are in Punta Cana or Bavaro, Looking for a day trip paying less than normal. Book this trip with a pick up at your hotel in Punta Cana. The bus will take you to Sabana de la mar where we take a catamaran to pass Samana bay. Visiting Samana community on Safari to arrive in El Lim\u00f3n Comunity, Horse riding or Hiking to the Waterfalls after crossing Samana Bay and Luch time at Bacardi Island. This trip starts at 6: 00 am and finish at 6:30 pm.<\/p>\n<p>&nbsp;<\/p>\n<p>&nbsp;<\/p>\n<p><strong>\u8bf7\u9009\u62e9\u6e38\u89c8\u65e5\u671f\u00a0<\/strong><\/p>","protected":false},"featured_media":11427,"template":"","meta":[],"product_brand":[],"product_cat":[576,567,590,96,97,569,570,136,264,122,123,124],"product_tag":[137,138,281,139,282,283,140,284,141,114,285,142,143],"class_list":{"0":"post-11647","1":"product","2":"type-product","3":"status-publish","4":"has-post-thumbnail","6":"product_cat-1-punta-cana","7":"product_cat-el-limon-horseback-riding","8":"product_cat-el-limon-punta-cana","9":"product_cat-hiking","10":"product_cat-horse-riding-to-waterfalls","11":"product_cat-punta-cana-group-tours","12":"product_cat-punta-cana-samana-day-trips","13":"product_cat-safari-samana","14":"product_cat-salto-el-limon-and-bacardi-island","15":"product_cat-tours-and-excursions","16":"product_cat-tours-excursions-los-haitises-national-park","17":"product_cat-tours-excursions-samana-bay-dominican-republic","18":"product_tag-bacardi-island","19":"product_tag-beach-time","20":"product_tag-cascada-el-limon-salto-el-limon-samana-republica-dominicana","21":"product_tag-cayo-levantado","22":"product_tag-el-limon-waterfall-bacardi-island-from-punta-cana","23":"product_tag-el-limon-waterfall-and-bacardi-island-tour-from-punta-cana","24":"product_tag-el-limon-waterfalls","25":"product_tag-guided-adventures","26":"product_tag-punta-cana","27":"product_tag-sabana-de-la-mar","28":"product_tag-salto-de-limon-punta-cana","29":"product_tag-samana","30":"product_tag-samana-tours","32":"first","33":"instock","34":"sale","35":"shipping-taxable","36":"product-type-external"},"_links":{"self":[{"href":"https:\/\/parador.haitises.com\/zh\/wp-json\/wp\/v2\/product\/11647","targetHints":{"allow":["GET"]}}],"collection":[{"href":"https:\/\/parador.haitises.com\/zh\/wp-json\/wp\/v2\/product"}],"about":[{"href":"https:\/\/parador.haitises.com\/zh\/wp-json\/wp\/v2\/types\/product"}],"wp:featuredmedia":[{"embeddable":true,"href":"https:\/\/parador.haitises.com\/zh\/wp-json\/wp\/v2\/media\/11427"}],"wp:attachment":[{"href":"https:\/\/parador.haitises.com\/zh\/wp-json\/wp\/v2\/media?parent=11647"}],"wp:term":[{"taxonomy":"product_brand","embeddable":true,"href":"https:\/\/parador.haitises.com\/zh\/wp-json\/wp\/v2\/product_brand?post=11647"},{"taxonomy":"product_cat","embeddable":true,"href":"https:\/\/parador.haitises.com\/zh\/wp-json\/wp\/v2\/product_cat?post=11647"},{"taxonomy":"product_tag","embeddable":true,"href":"https:\/\/parador.haitises.com\/zh\/wp-json\/wp\/v2\/product_tag?post=11647"}],"curies":[{"name":"wp","href":"https:\/\/api.w.org\/{rel}","templated":true}]}}